{"id":14442,"date":"2021-02-13T11:54:49","date_gmt":"2021-02-13T11:54:49","guid":{"rendered":"http:\/\/garrafeiragrandeescolha.pt\/?post_type=product&#038;p=14442"},"modified":"2024-10-24T17:51:03","modified_gmt":"2024-10-24T17:51:03","slug":"8110","status":"publish","type":"product","link":"https:\/\/garrafeiragrandeescolha.pt\/fr\/produit\/8110\/","title":{"rendered":"Quinta da Levada Azal Branco 2022 75cl"},"content":{"rendered":"<p><img decoding=\"async\" class=\"size-medium wp-image-15288 aligncenter\" src=\"http:\/\/garrafeiragrandeescolha.pt\/wp-content\/uploads\/2022\/02\/levada-logo-300x116.png\" alt=\"\" width=\"300\" height=\"116\" srcset=\"https:\/\/garrafeiragrandeescolha.pt\/wp-content\/uploads\/2022\/02\/levada-logo-300x116.png 300w, https:\/\/garrafeiragrandeescolha.pt\/wp-content\/uploads\/2022\/02\/levada-logo.png 361w\" sizes=\"(max-width: 300px) 100vw, 300px\" \/><\/p>\n<p>Situada na encosta da Serra do Mar\u00e3o, na cidade de Amarante, e sob o olhar atento do rio Ovelha, a Quinta da Levada nasce de uma tradi\u00e7\u00e3o familiar e de uma paix\u00e3o comum pelo culto da vinha. Reconhecidos al\u00e9m fronteiras, os seus vinhos ocupam um lugar de destaque na Regi\u00e3o dos Vinhos Verdes e contam com o acompanhamento t\u00e9cnico do conceituado en\u00f3logo Ant\u00f3nio Sousa.<\/p>\n<p>&nbsp;<\/p>","protected":false},"excerpt":{"rendered":"<p>Cor:\u00a0Tons de citrinos<\/p>\n<p>Aroma:\u00a0Frutado e delicado com notas tropicais<\/p>\n<p>Paladar:\u00a0Vinho equilibrado com frescura harmoniosa<\/p>\n<p>Vinifica\u00e7\u00e3o:\u00a0Uvas selecionadas com fermenta\u00e7\u00e3o a temperatura controlada<\/p>\n<p>Envelhecimento:\u00a0Beber enquanto jovem<\/p>\n<div class=\"wpb_text_column wpb_content_element\">\n<div class=\"wpb_wrapper\">\n<p>PR\u00c9MIOS<\/p>\n<\/div>\n<\/div>\n<div class=\"wpb_text_column wpb_content_element\">\n<div class=\"wpb_wrapper\">O Quinta da Levada Azal \u00e9 um dos melhores vinhos verdes de Portugal. Desde 2009 conquistou v\u00e1rios pr\u00e9mios nacionais e internacionais:Best Of 2010<br \/>\nPr\u00e9mio Verde Ouro 2010<br \/>\nPr\u00e9mio Verde Ouro 2012<br \/>\nPr\u00e9mio Verde Ouro 2014<br \/>\nPr\u00e9mio Verde Ouro 2015<br \/>\nSilver Medal 2016\u00a0Concurso Mundial de Bruxelas<br \/>\nSilver Medal 2017 Concurso Mundial de Bruxelas<br \/>\nPr\u00e9mio Verde Ouro 2018<br \/>\nPr\u00e9mio Verde Ouro 2020<\/div>\n<\/div>","protected":false},"featured_media":8111,"template":"","meta":{"_exactmetrics_skip_tracking":false,"_exactmetrics_sitenote_active":false,"_exactmetrics_sitenote_note":"","_exactmetrics_sitenote_category":0,"_uf_show_specific_survey":0,"_uf_disable_surveys":false,"iawp_total_views":253},"product_brand":[],"product_cat":[185,157,206],"product_tag":[],"class_list":{"0":"post-14442","1":"product","2":"type-product","3":"status-publish","4":"has-post-thumbnail","6":"product_cat-branco","7":"product_cat-vinhos","8":"product_cat-vinhos-verdes","10":"first","11":"instock","12":"shipping-taxable","13":"purchasable","14":"product-type-simple"},"_links":{"self":[{"href":"https:\/\/garrafeiragrandeescolha.pt\/fr\/wp-json\/wp\/v2\/product\/14442","targetHints":{"allow":["GET"]}}],"collection":[{"href":"https:\/\/garrafeiragrandeescolha.pt\/fr\/wp-json\/wp\/v2\/product"}],"about":[{"href":"https:\/\/garrafeiragrandeescolha.pt\/fr\/wp-json\/wp\/v2\/types\/product"}],"wp:featuredmedia":[{"embeddable":true,"href":"https:\/\/garrafeiragrandeescolha.pt\/fr\/wp-json\/wp\/v2\/media\/8111"}],"wp:attachment":[{"href":"https:\/\/garrafeiragrandeescolha.pt\/fr\/wp-json\/wp\/v2\/media?parent=14442"}],"wp:term":[{"taxonomy":"product_brand","embeddable":true,"href":"https:\/\/garrafeiragrandeescolha.pt\/fr\/wp-json\/wp\/v2\/product_brand?post=14442"},{"taxonomy":"product_cat","embeddable":true,"href":"https:\/\/garrafeiragrandeescolha.pt\/fr\/wp-json\/wp\/v2\/product_cat?post=14442"},{"taxonomy":"product_tag","embeddable":true,"href":"https:\/\/garrafeiragrandeescolha.pt\/fr\/wp-json\/wp\/v2\/product_tag?post=14442"}],"curies":[{"name":"wp","href":"https:\/\/api.w.org\/{rel}","templated":true}]}}