{"id":14462,"date":"2021-02-25T11:17:50","date_gmt":"2021-02-25T11:17:50","guid":{"rendered":"http:\/\/garrafeiragrandeescolha.pt\/?post_type=product&#038;p=14462"},"modified":"2023-03-04T12:32:21","modified_gmt":"2023-03-04T12:32:21","slug":"8267","status":"publish","type":"product","link":"https:\/\/garrafeiragrandeescolha.pt\/fr\/produit\/8267\/","title":{"rendered":"Herdade do Peso Reserva Rouge 2014 75cl"},"content":{"rendered":"<p><img decoding=\"async\" class=\"size-medium wp-image-15260 aligncenter\" src=\"http:\/\/garrafeiragrandeescolha.pt\/wp-content\/uploads\/2022\/02\/herdade-do-peso-logo-300x82.jpg\" alt=\"\" width=\"300\" height=\"82\" srcset=\"https:\/\/garrafeiragrandeescolha.pt\/wp-content\/uploads\/2022\/02\/herdade-do-peso-logo-300x82.jpg 300w, https:\/\/garrafeiragrandeescolha.pt\/wp-content\/uploads\/2022\/02\/herdade-do-peso-logo-600x164.jpg 600w, https:\/\/garrafeiragrandeescolha.pt\/wp-content\/uploads\/2022\/02\/herdade-do-peso-logo.jpg 611w\" sizes=\"(max-width: 300px) 100vw, 300px\" \/><\/p>\n<p>La grandeur de l&#039;Alentejo a inspir\u00e9 cet investissement d\u00e9termin\u00e9 de Sogrape \u00e0 Herdade do Peso, dans la municipalit\u00e9 de Vidigueira, dans une zone exclusive o\u00f9 les diff\u00e9rents microclimats et reliefs atypiques cr\u00e9ent une vari\u00e9t\u00e9 de terroirs riche et impressionnante.<br \/>\nL&#039;essence de cet Alentejo le plus profond se r\u00e9v\u00e8le dans les vins, extraits avec passion par ceux qui travaillent chaque centim\u00e8tre carr\u00e9 de cette terre.<\/p>\n<p>&nbsp;<\/p>","protected":false},"excerpt":{"rendered":"<p>Herdade do Peso Reserva est un vin de haute qualit\u00e9, complexe et \u00e9l\u00e9gant, produit uniquement lors d&#039;ann\u00e9es exceptionnelles, qui concentre en lui toute la grandeur et la vivacit\u00e9 des vins de l&#039;Alentejo. Herdade do Peso est la marque qui revitalise l&#039;essence de l&#039;Alentejo le plus profond, port\u00e9e \u00e0 la surface par la science et le savoir-faire de Sogrape Vinhos, et qui se d\u00e9couvre dans une gamme de vins sophistiqu\u00e9s, dont les saveurs, les ar\u00f4mes et les couleurs nous rappellent la vie est meilleure, tout comme la r\u00e9gion o\u00f9 ils sont n\u00e9s.<\/p>\n<p>Herdade do Peso Reserva est le choix id\u00e9al pour accompagner les plats de viande riches et \u00e9pic\u00e9s, le gibier et les fromages forts.<\/p>\n<p>D\u00e9canter avant de servir. Il doit \u00eatre servi \u00e0 une temp\u00e9rature comprise entre 16\u00baC et 18\u00baC.<\/p>","protected":false},"featured_media":8268,"template":"","meta":{"_exactmetrics_skip_tracking":false,"_exactmetrics_sitenote_active":false,"_exactmetrics_sitenote_note":"","_exactmetrics_sitenote_category":0,"_uf_show_specific_survey":0,"_uf_disable_surveys":false,"iawp_total_views":30},"product_brand":[],"product_cat":[157,184,207],"product_tag":[],"class_list":{"0":"post-14462","1":"product","2":"type-product","3":"status-publish","4":"has-post-thumbnail","6":"product_cat-vinhos","7":"product_cat-tinto","8":"product_cat-alentejo","10":"first","11":"outofstock","12":"shipping-taxable","13":"purchasable","14":"product-type-simple"},"_links":{"self":[{"href":"https:\/\/garrafeiragrandeescolha.pt\/fr\/wp-json\/wp\/v2\/product\/14462","targetHints":{"allow":["GET"]}}],"collection":[{"href":"https:\/\/garrafeiragrandeescolha.pt\/fr\/wp-json\/wp\/v2\/product"}],"about":[{"href":"https:\/\/garrafeiragrandeescolha.pt\/fr\/wp-json\/wp\/v2\/types\/product"}],"wp:featuredmedia":[{"embeddable":true,"href":"https:\/\/garrafeiragrandeescolha.pt\/fr\/wp-json\/wp\/v2\/media\/8268"}],"wp:attachment":[{"href":"https:\/\/garrafeiragrandeescolha.pt\/fr\/wp-json\/wp\/v2\/media?parent=14462"}],"wp:term":[{"taxonomy":"product_brand","embeddable":true,"href":"https:\/\/garrafeiragrandeescolha.pt\/fr\/wp-json\/wp\/v2\/product_brand?post=14462"},{"taxonomy":"product_cat","embeddable":true,"href":"https:\/\/garrafeiragrandeescolha.pt\/fr\/wp-json\/wp\/v2\/product_cat?post=14462"},{"taxonomy":"product_tag","embeddable":true,"href":"https:\/\/garrafeiragrandeescolha.pt\/fr\/wp-json\/wp\/v2\/product_tag?post=14462"}],"curies":[{"name":"wp","href":"https:\/\/api.w.org\/{rel}","templated":true}]}}