{"id":14492,"date":"2021-03-12T18:41:57","date_gmt":"2021-03-12T18:41:57","guid":{"rendered":"http:\/\/garrafeiragrandeescolha.pt\/?post_type=product&#038;p=14492"},"modified":"2024-04-04T14:56:25","modified_gmt":"2024-04-04T14:56:25","slug":"herdade-s-miguel-colheita-selecionada-tinto-75cl","status":"publish","type":"product","link":"https:\/\/garrafeiragrandeescolha.pt\/fr\/produit\/herdade-s-miguel-colheita-selecionada-tinto-75cl\/","title":{"rendered":"Herdade S. Miguel Colheita Selecionada Tinto 2020 75cl"},"content":{"rendered":"<p><img fetchpriority=\"high\" decoding=\"async\" class=\"size-medium wp-image-15319 aligncenter\" src=\"http:\/\/garrafeiragrandeescolha.pt\/wp-content\/uploads\/2022\/02\/logo_casa_relvas-300x178.jpg\" alt=\"\" width=\"300\" height=\"178\" srcset=\"https:\/\/garrafeiragrandeescolha.pt\/wp-content\/uploads\/2022\/02\/logo_casa_relvas-300x178.jpg 300w, https:\/\/garrafeiragrandeescolha.pt\/wp-content\/uploads\/2022\/02\/logo_casa_relvas.jpg 600w\" sizes=\"(max-width: 300px) 100vw, 300px\" \/><\/p>\n<p class=\"is-size-80 has-text-grey-light is-uppercase has-letter-spacing\">2001 Na Herdade de S\u00e3o Miguel plantam-se os primeiros 10ha de vinha. No ano seguinte junta-se ao projeto Nuno Franco, consultor de viticultura e enologia e prossegue a planta\u00e7\u00e3o de mais 25 ha de Vinha.<\/p>\n<p class=\"is-size-80 has-text-grey-light is-uppercase has-letter-spacing\">2003 \u00c9 constru\u00edda a Adega da Herdade de S\u00e3o Miguel com capacidade para vinificar 500 toneladas de uva. Neste ano junta-se ao projeto Fernanda Gomes.<\/p>\n<p class=\"is-size-80 has-text-grey-light is-uppercase has-letter-spacing\">2004 S\u00e3o lan\u00e7adas no mercado as primeiras 26.000 garrafas de Herdade de S\u00e3o Miguel Colheita Seleccionada Tinto 2003<\/p>\n<p class=\"is-size-80 has-text-grey-light is-uppercase has-letter-spacing\">2006 Ap\u00f3s a forma\u00e7\u00e3o em viticultura em Bord\u00e9us, Alexandre Relvas Jr. junta-se \u00e0 empresa. Um ano depois surge o primeiro Vinho Herdade S\u00e3o Miguel com mais de 90 pontos no Robert Parker.<\/p>\n<p class=\"is-size-80 has-text-grey-light is-uppercase has-letter-spacing\">2010 Em dois anos a produ\u00e7\u00e3o duplica de 500.000 garrafas para 1 Milh\u00e3o de garrafas vendidas. No ano seguinte \u00e9 adquirida a Herdade da Pimenta com 65ha de vinha e uma adega com capacidade para transformar 2.5 milh\u00f5es tons de uva.<\/p>\n<p class=\"is-size-80 has-text-grey-light is-uppercase has-letter-spacing\">2016 Junta-se \u00e0 equipa Ant\u00f3nio Relvas, formado em gest\u00e3o de empresas, que come\u00e7a a desenvolver o projeto de olival. No ano seguinte \u00e9 feita a aquisi\u00e7\u00e3o da Vinha dos Pis\u00f5es e Monte do Po\u00e7o, e a planta\u00e7\u00e3o dos primeiros olivais. (10 vinhos acima de 90 pontos Parker)<\/p>\n<p data-v-0dd533fe=\"\">","protected":false},"excerpt":{"rendered":"<p>Castas: Touriga Nacional, Syrah, Alicante Bouschet, Cabernet Sauvignon<\/p>\n<p data-v-8f3fe8ca=\"\">Rubi intenso com reflexos violetas<\/p>\n<p data-v-8f3fe8ca=\"\">Aroma maduro de frutos vermelhos bem integrados com notas de especiarias e bals\u00e2mico<\/p>\n<p data-v-8f3fe8ca=\"\">Equilibrado, redondo, sabores de frutos e especiarias. Boa estrutura de taninos bem polidos<\/p>\n<p data-v-8f3fe8ca=\"\">Comida mediterr\u00e2nea em geral, massas, borrego, carnes brancas e queijos de pasta mole<\/p>","protected":false},"featured_media":8455,"template":"","meta":{"_exactmetrics_skip_tracking":false,"_exactmetrics_sitenote_active":false,"_exactmetrics_sitenote_note":"","_exactmetrics_sitenote_category":0,"_uf_show_specific_survey":0,"_uf_disable_surveys":false,"iawp_total_views":98},"product_brand":[],"product_cat":[157,184,207],"product_tag":[],"class_list":{"0":"post-14492","1":"product","2":"type-product","3":"status-publish","4":"has-post-thumbnail","6":"product_cat-vinhos","7":"product_cat-tinto","8":"product_cat-alentejo","10":"first","11":"instock","12":"shipping-taxable","13":"purchasable","14":"product-type-simple"},"_links":{"self":[{"href":"https:\/\/garrafeiragrandeescolha.pt\/fr\/wp-json\/wp\/v2\/product\/14492","targetHints":{"allow":["GET"]}}],"collection":[{"href":"https:\/\/garrafeiragrandeescolha.pt\/fr\/wp-json\/wp\/v2\/product"}],"about":[{"href":"https:\/\/garrafeiragrandeescolha.pt\/fr\/wp-json\/wp\/v2\/types\/product"}],"wp:featuredmedia":[{"embeddable":true,"href":"https:\/\/garrafeiragrandeescolha.pt\/fr\/wp-json\/wp\/v2\/media\/8455"}],"wp:attachment":[{"href":"https:\/\/garrafeiragrandeescolha.pt\/fr\/wp-json\/wp\/v2\/media?parent=14492"}],"wp:term":[{"taxonomy":"product_brand","embeddable":true,"href":"https:\/\/garrafeiragrandeescolha.pt\/fr\/wp-json\/wp\/v2\/product_brand?post=14492"},{"taxonomy":"product_cat","embeddable":true,"href":"https:\/\/garrafeiragrandeescolha.pt\/fr\/wp-json\/wp\/v2\/product_cat?post=14492"},{"taxonomy":"product_tag","embeddable":true,"href":"https:\/\/garrafeiragrandeescolha.pt\/fr\/wp-json\/wp\/v2\/product_tag?post=14492"}],"curies":[{"name":"wp","href":"https:\/\/api.w.org\/{rel}","templated":true}]}}