{"id":14619,"date":"2021-09-11T10:55:24","date_gmt":"2021-09-11T10:55:24","guid":{"rendered":"http:\/\/garrafeiragrandeescolha.pt\/?post_type=product&#038;p=14619"},"modified":"2022-09-20T17:57:09","modified_gmt":"2022-09-20T17:57:09","slug":"porto-calem-colheita-1961-75cl","status":"publish","type":"product","link":"https:\/\/garrafeiragrandeescolha.pt\/fr\/produit\/porto-calem-colheita-1961-75cl\/","title":{"rendered":"Porto Calem Colheita 1961 75cl"},"content":{"rendered":"<p><img decoding=\"async\" class=\"size-full wp-image-15180 aligncenter\" src=\"http:\/\/garrafeiragrandeescolha.pt\/wp-content\/uploads\/2022\/02\/calem-logo.png\" alt=\"\" width=\"300\" height=\"113\" \/><\/p>\n<p>Le profil de C\u00e1lem la positionne comme une v\u00e9ritable marque ambassadrice de Porto. Extr\u00eamement populaire, \u00e0 l&#039;esprit d\u00e9contract\u00e9, aventureux et consensuel, cette marque poss\u00e8de le leadership incontest\u00e9 du march\u00e9 portugais. Mais le caract\u00e8re ouvert et facile \u00e0 appr\u00e9cier des vins a permis \u00e0 C\u00e1lem de conqu\u00e9rir plusieurs autres march\u00e9s \u00e9trangers. Avec une r\u00e9putation qui s&#039;\u00e9tend sur plusieurs g\u00e9n\u00e9rations, pour beaucoup, parler de C\u00e1lem, c&#039;est parler de vin de Porto.<\/p>\n<p>\u00ab C\u00e1lem a \u00e9t\u00e9 fond\u00e9e en 1859 par Ant\u00f3nio Alves C\u00e1lem, qui a profit\u00e9 du r\u00e9gime commercial lib\u00e9ral de la r\u00e9gion du Douro \u00bb.<\/p>","protected":false},"excerpt":{"rendered":"<p>Castas: Touriga Nacional, Tinta Roriz, Touriga Franca, Tinta Barroca<\/p>\n<p>De cor aloirada com reflexos esverdeados, este Colheita da casa C\u00e1lem \u00e9 um exemplo de qualidade premium e de car\u00e1cter excepcional. Apresenta um nariz rico e elegante, delicadamente dominado pelas notas de fruta seca, especiarias e mel. Na boca \u00e9 firme e encorpado, detentor de uma poderosa estrutura e de uma harmoniosa acidez que persistem no longo e saboroso final.<\/p>\n<p>PRIX ET DISTINCTIONS<br \/>\nWine Spectator 95 pts (2018)<br \/>\nWine Enthusiast 95pts (2016)<br \/>\nRobert Parker 94pts (2016)<br \/>\nDWWA Gold (2016 &amp; 2017)<br \/>\nIWSC Gold Outstanding (2016)<br \/>\nCMB Great Gold (2016)<br \/>\nIWC Gold (2016)<\/p>","protected":false},"featured_media":9036,"template":"","meta":{"_exactmetrics_skip_tracking":false,"_exactmetrics_sitenote_active":false,"_exactmetrics_sitenote_note":"","_exactmetrics_sitenote_category":0,"_uf_show_specific_survey":0,"_uf_disable_surveys":false,"iawp_total_views":33},"product_brand":[],"product_cat":[159,167],"product_tag":[],"class_list":{"0":"post-14619","1":"product","2":"type-product","3":"status-publish","4":"has-post-thumbnail","6":"product_cat-portos","7":"product_cat-colheita","9":"first","10":"instock","11":"shipping-taxable","12":"purchasable","13":"product-type-simple"},"_links":{"self":[{"href":"https:\/\/garrafeiragrandeescolha.pt\/fr\/wp-json\/wp\/v2\/product\/14619","targetHints":{"allow":["GET"]}}],"collection":[{"href":"https:\/\/garrafeiragrandeescolha.pt\/fr\/wp-json\/wp\/v2\/product"}],"about":[{"href":"https:\/\/garrafeiragrandeescolha.pt\/fr\/wp-json\/wp\/v2\/types\/product"}],"wp:featuredmedia":[{"embeddable":true,"href":"https:\/\/garrafeiragrandeescolha.pt\/fr\/wp-json\/wp\/v2\/media\/9036"}],"wp:attachment":[{"href":"https:\/\/garrafeiragrandeescolha.pt\/fr\/wp-json\/wp\/v2\/media?parent=14619"}],"wp:term":[{"taxonomy":"product_brand","embeddable":true,"href":"https:\/\/garrafeiragrandeescolha.pt\/fr\/wp-json\/wp\/v2\/product_brand?post=14619"},{"taxonomy":"product_cat","embeddable":true,"href":"https:\/\/garrafeiragrandeescolha.pt\/fr\/wp-json\/wp\/v2\/product_cat?post=14619"},{"taxonomy":"product_tag","embeddable":true,"href":"https:\/\/garrafeiragrandeescolha.pt\/fr\/wp-json\/wp\/v2\/product_tag?post=14619"}],"curies":[{"name":"wp","href":"https:\/\/api.w.org\/{rel}","templated":true}]}}