{"id":14623,"date":"2021-09-16T19:27:22","date_gmt":"2021-09-16T19:27:22","guid":{"rendered":"http:\/\/garrafeiragrandeescolha.pt\/?post_type=product&#038;p=14623"},"modified":"2022-12-05T18:48:51","modified_gmt":"2022-12-05T18:48:51","slug":"rouge-sexy-75cl","status":"publish","type":"product","link":"https:\/\/garrafeiragrandeescolha.pt\/fr\/produit\/rouge-sexy-75cl\/","title":{"rendered":"Rouge Sexy 2020 75cl"},"content":{"rendered":"<p><img decoding=\"async\" class=\"size-full wp-image-15336 aligncenter\" src=\"http:\/\/garrafeiragrandeescolha.pt\/wp-content\/uploads\/2022\/02\/macanita-logo.png\" alt=\"\" width=\"235\" height=\"100\" \/><\/p>\n<p>Sexy Wines est une fusion de saveurs et d&#039;id\u00e9es nationales et internationales. Un concept cosmopolite et urbain qui combine de mani\u00e8re unique techniques anciennes et techniques modernes. Sexy Wines m\u00e9lange l&#039;ancien et le nouveau pour nous offrir quelque chose que vous souhaitez simplement partager. Quelque chose de SEXY !<\/p>\n<p>\u00catre SEXY, c&#039;est profiter de la vie comme si c&#039;\u00e9tait un d\u00e9tail fondamental. Sexy Wines, c&#039;est les amis, la famille, l&#039;aventure. C&#039;est un d\u00e9complexe moderne, \u00e0 la fois sobre et ludique. Toujours aventureux, mais avec la certitude absolue de notre propre responsabilit\u00e9.<\/p>\n<p>Ant\u00f3nio Ma\u00e7anita vigneron et producteur, agit\u00e9 et irr\u00e9v\u00e9rencieux, comment peut-il r\u00e9cup\u00e9rer les c\u00e9pages presque \u00e9teints d&#039;une r\u00e9gion et cr\u00e9er des vins sexy ? Les vins sexy r\u00e9v\u00e8lent tout leur esprit Maverick, toujours pr\u00eat \u00e0 prendre des risques et \u00e0 briser les barri\u00e8res du plus probable.<\/p>\n<p>C&#039;est en 2004 qu&#039;Ant\u00f3nio Ma\u00e7anita et David Booth r\u00e9alisent la premi\u00e8re r\u00e9colte de Sexy Tinto, un vin qui a acquis une grande visibilit\u00e9 au fil des ann\u00e9es. Au d\u00e9but de Sexy Wines, le soutien familial \u00e9tait tr\u00e8s important, car Ant\u00f3nio Ma\u00e7anita n\u2019avait que 23 ans et devait s\u2019appuyer sur la triade \u201c<em>Amis, imb\u00e9ciles et famille<\/em>\u00bb, comme aime plaisanter Ant\u00f3nio, c&#039;est-\u00e0-dire avec une partie du capital de son oncle, une autre de sa m\u00e8re, de son p\u00e8re, etc.<\/p>\n<p>Les vins sexy sont cette intensit\u00e9 mesur\u00e9e, volontairement plac\u00e9e \u00e0 un niveau que peu de vins atteignent. La qualit\u00e9 n&#039;est pas consid\u00e9r\u00e9e comme un attribut en soi, mais avec le m\u00eame sentiment que de se regarder dans le miroir le matin et de pouvoir sourire. C\u2019est la philosophie des vins Sexy, c\u2019est l\u2019impulsion fondamentale\u2026<\/p>","protected":false},"excerpt":{"rendered":"<p>C\u00e9pages : Touriga Nacional (50%) Aragonez (25%), Cabernet Sauvignon (15%) et Syrah (10%).<\/p>\n<p>Vin de fusion issu de l&#039;assemblage des meilleurs c\u00e9pages portugais avec les meilleurs c\u00e9pages fran\u00e7ais.<\/p>\n<p>Robe rubis-violet intense avec un ar\u00f4me intense de fruits des bois avec des notes d&#039;\u00e9pices et de caramel provenant d&#039;un bon ch\u00eane fran\u00e7ais. A la d\u00e9gustation, il est tr\u00e8s cors\u00e9, avec des tanins m\u00fbrs. Acidit\u00e9 \u00e9quilibr\u00e9e et bonne persistance.<\/p>\n<p>Il accompagne les plats de viandes blanches et rouges, aussi bien dans la cuisine traditionnelle que moderne. \u00c9vitez les plats \u00e9pic\u00e9s.<\/p>","protected":false},"featured_media":9059,"template":"","meta":{"_exactmetrics_skip_tracking":false,"_exactmetrics_sitenote_active":false,"_exactmetrics_sitenote_note":"","_exactmetrics_sitenote_category":0,"_uf_show_specific_survey":0,"_uf_disable_surveys":false,"iawp_total_views":13},"product_brand":[],"product_cat":[207,184,157],"product_tag":[],"class_list":{"0":"post-14623","1":"product","2":"type-product","3":"status-publish","4":"has-post-thumbnail","6":"product_cat-alentejo","7":"product_cat-tinto","8":"product_cat-vinhos","10":"first","11":"instock","12":"shipping-taxable","13":"purchasable","14":"product-type-simple"},"_links":{"self":[{"href":"https:\/\/garrafeiragrandeescolha.pt\/fr\/wp-json\/wp\/v2\/product\/14623","targetHints":{"allow":["GET"]}}],"collection":[{"href":"https:\/\/garrafeiragrandeescolha.pt\/fr\/wp-json\/wp\/v2\/product"}],"about":[{"href":"https:\/\/garrafeiragrandeescolha.pt\/fr\/wp-json\/wp\/v2\/types\/product"}],"wp:featuredmedia":[{"embeddable":true,"href":"https:\/\/garrafeiragrandeescolha.pt\/fr\/wp-json\/wp\/v2\/media\/9059"}],"wp:attachment":[{"href":"https:\/\/garrafeiragrandeescolha.pt\/fr\/wp-json\/wp\/v2\/media?parent=14623"}],"wp:term":[{"taxonomy":"product_brand","embeddable":true,"href":"https:\/\/garrafeiragrandeescolha.pt\/fr\/wp-json\/wp\/v2\/product_brand?post=14623"},{"taxonomy":"product_cat","embeddable":true,"href":"https:\/\/garrafeiragrandeescolha.pt\/fr\/wp-json\/wp\/v2\/product_cat?post=14623"},{"taxonomy":"product_tag","embeddable":true,"href":"https:\/\/garrafeiragrandeescolha.pt\/fr\/wp-json\/wp\/v2\/product_tag?post=14623"}],"curies":[{"name":"wp","href":"https:\/\/api.w.org\/{rel}","templated":true}]}}