{"id":14631,"date":"2021-09-27T18:23:04","date_gmt":"2021-09-27T18:23:04","guid":{"rendered":"http:\/\/garrafeiragrandeescolha.pt\/?post_type=product&#038;p=14631"},"modified":"2024-10-22T08:44:32","modified_gmt":"2024-10-22T08:44:32","slug":"casa-ermelinda-freitas-cabernet-sauvignon-reserve-rouge-75cl","status":"publish","type":"product","link":"https:\/\/garrafeiragrandeescolha.pt\/fr\/produit\/casa-ermelinda-freitas-cabernet-sauvignon-reserve-rouge-75cl\/","title":{"rendered":"Casa Ermelinda Freitas Cabernet Sauvignon Reserva Rouge 2018 75cl"},"content":{"rendered":"<p><img decoding=\"async\" class=\"size-medium wp-image-15056 aligncenter\" src=\"http:\/\/garrafeiragrandeescolha.pt\/wp-content\/uploads\/2022\/02\/casa-ermelinda-freitas-logo-300x115.png\" alt=\"\" width=\"300\" height=\"115\" srcset=\"https:\/\/garrafeiragrandeescolha.pt\/wp-content\/uploads\/2022\/02\/casa-ermelinda-freitas-logo-300x115.png 300w, https:\/\/garrafeiragrandeescolha.pt\/wp-content\/uploads\/2022\/02\/casa-ermelinda-freitas-logo.png 340w\" sizes=\"(max-width: 300px) 100vw, 300px\" \/><\/p>\n<p>L&#039;entreprise, fond\u00e9e en 1920 par Deonilde Freitas, continu\u00e9e par Germana Freitas et plus tard par Ermelinda Freitas, a toujours accord\u00e9 une attention particuli\u00e8re au vin. En raison de la disparition pr\u00e9matur\u00e9e de son mari, Manuel Jo\u00e3o de Freitas, Ermelinda a continu\u00e9 l&#039;entreprise avec la collaboration de sa fille unique, Leonor, qui, bien qu&#039;ayant une formation en dehors du secteur vitivinicole, a pris la direction de l&#039;entreprise, renfor\u00e7ant ainsi la pr\u00e9sence f\u00e9minine. dans sa gestion.<\/p>\n<p>Depuis la premi\u00e8re g\u00e9n\u00e9ration, cette maison s&#039;est attach\u00e9e \u00e0 la qualit\u00e9 de ses vignes et de ses vins, initialement produits et vendus en vrac sans marque propre. C\u2019est avec la direction actuelle qu\u2019a eu lieu le grand changement de cr\u00e9ation de nos propres marques. Ainsi, en 1997, un nouveau cycle commence avec le rouge \u00ab Terras do P\u00f3 \u00bb, le premier vin produit et mis en bouteille par Casa Ermelinda Freitas.<\/p>\n<p>Grands jalons<\/p>\n<div id=\"text\" class=\"scroll\">\n<p>Pour son travail, Leonor Freitas a re\u00e7u le 10 juin 2009 l&#039;Ordre du M\u00e9rite Agricole, Commercial et Industriel, Classe Commandeur du M\u00e9rite Agricole par Son Excellence le Pr\u00e9sident de la R\u00e9publique An\u00edbal Cavaco Silva.<\/p>\n<\/div>\n<div class=\"jScrollPaneTrack\">\n<div class=\"jScrollPaneDrag\"><\/div>\n<\/div>","protected":false},"excerpt":{"rendered":"<p>Vin de couleur grenat\/rubis, concentr\u00e9. Ar\u00f4me confit rappelant les fruits noirs tr\u00e8s m\u00fbrs, un peu de poivre et d&#039;\u00e9pices, avec une touche balsamique de la vari\u00e9t\u00e9. En bouche il est tr\u00e8s ample, velout\u00e9 avec des tanins tr\u00e8s bien int\u00e9gr\u00e9s. Finale longue, agr\u00e9able et persistante.<\/p>\n<p>Vigneron Jaime Quendera<\/p>","protected":false},"featured_media":9089,"template":"","meta":{"_exactmetrics_skip_tracking":false,"_exactmetrics_sitenote_active":false,"_exactmetrics_sitenote_note":"","_exactmetrics_sitenote_category":0,"_uf_show_specific_survey":0,"_uf_disable_surveys":false,"iawp_total_views":42},"product_brand":[],"product_cat":[214,184,157],"product_tag":[],"class_list":{"0":"post-14631","1":"product","2":"type-product","3":"status-publish","4":"has-post-thumbnail","6":"product_cat-setubal","7":"product_cat-tinto","8":"product_cat-vinhos","10":"first","11":"instock","12":"shipping-taxable","13":"purchasable","14":"product-type-simple"},"_links":{"self":[{"href":"https:\/\/garrafeiragrandeescolha.pt\/fr\/wp-json\/wp\/v2\/product\/14631","targetHints":{"allow":["GET"]}}],"collection":[{"href":"https:\/\/garrafeiragrandeescolha.pt\/fr\/wp-json\/wp\/v2\/product"}],"about":[{"href":"https:\/\/garrafeiragrandeescolha.pt\/fr\/wp-json\/wp\/v2\/types\/product"}],"wp:featuredmedia":[{"embeddable":true,"href":"https:\/\/garrafeiragrandeescolha.pt\/fr\/wp-json\/wp\/v2\/media\/9089"}],"wp:attachment":[{"href":"https:\/\/garrafeiragrandeescolha.pt\/fr\/wp-json\/wp\/v2\/media?parent=14631"}],"wp:term":[{"taxonomy":"product_brand","embeddable":true,"href":"https:\/\/garrafeiragrandeescolha.pt\/fr\/wp-json\/wp\/v2\/product_brand?post=14631"},{"taxonomy":"product_cat","embeddable":true,"href":"https:\/\/garrafeiragrandeescolha.pt\/fr\/wp-json\/wp\/v2\/product_cat?post=14631"},{"taxonomy":"product_tag","embeddable":true,"href":"https:\/\/garrafeiragrandeescolha.pt\/fr\/wp-json\/wp\/v2\/product_tag?post=14631"}],"curies":[{"name":"wp","href":"https:\/\/api.w.org\/{rel}","templated":true}]}}