{"id":14705,"date":"2021-11-15T18:10:51","date_gmt":"2021-11-15T18:10:51","guid":{"rendered":"http:\/\/garrafeiragrandeescolha.pt\/?post_type=product&#038;p=14705"},"modified":"2025-03-31T11:22:19","modified_gmt":"2025-03-31T11:22:19","slug":"herdade-do-sobroso-tinto-75cl","status":"publish","type":"product","link":"https:\/\/garrafeiragrandeescolha.pt\/fr\/produit\/herdade-do-sobroso-tinto-75cl\/","title":{"rendered":"Herdade do Sobroso Tinto 2023 75cl"},"content":{"rendered":"<p><img fetchpriority=\"high\" decoding=\"async\" class=\"size-medium wp-image-15461 aligncenter\" src=\"http:\/\/garrafeiragrandeescolha.pt\/wp-content\/uploads\/2022\/02\/sobroso-logo-300x212.jpg\" alt=\"\" width=\"300\" height=\"212\" srcset=\"https:\/\/garrafeiragrandeescolha.pt\/wp-content\/uploads\/2022\/02\/sobroso-logo-300x212.jpg 300w, https:\/\/garrafeiragrandeescolha.pt\/wp-content\/uploads\/2022\/02\/sobroso-logo-1024x724.jpg 1024w, https:\/\/garrafeiragrandeescolha.pt\/wp-content\/uploads\/2022\/02\/sobroso-logo-768x543.jpg 768w, https:\/\/garrafeiragrandeescolha.pt\/wp-content\/uploads\/2022\/02\/sobroso-logo-1536x1086.jpg 1536w, https:\/\/garrafeiragrandeescolha.pt\/wp-content\/uploads\/2022\/02\/sobroso-logo-600x424.jpg 600w, https:\/\/garrafeiragrandeescolha.pt\/wp-content\/uploads\/2022\/02\/sobroso-logo.jpg 1754w\" sizes=\"(max-width: 300px) 100vw, 300px\" \/><\/p>\n<p>En 1519, le roi Manuel Ier attribua le titre de comte de Vidigueira \u00e0 Vasco de Gama. Ce sera au calme de ce beau village de l&#039;Alentejo. entre champs, ch\u00eanes-li\u00e8ges, oliviers et vignes que celui qui a d\u00e9couvert la route maritime vers l&#039;Inde vivait heureux avec sa famille depuis quelques ann\u00e9es.<\/p>\n<p>Herdade do Sobroso fait partie de ce paysage unique, plein de r\u00e9miniscences historiques et patrimoniales, aujourd&#039;hui fortement marqu\u00e9 par la proximit\u00e9 du plus grand lac artificiel d&#039;Europe, le barrage d&#039;Alqueva.<\/p>\n<p>Situ\u00e9 dans une r\u00e9gion connue pour sa riche gastronomie et ses douceurs conventuelles, le restaurant de la ferme Herdade do Sobroso ne laisse pas le cr\u00e9dit entre les mains des autres. Ici la carte est riche en produits locaux et vari\u00e9e. Il sera difficile de choisir entre les mille et un plats prim\u00e9s plusieurs ann\u00e9es de suite dans de prestigieux concours de gastronomie.<\/p>","protected":false},"excerpt":{"rendered":"<p>Castas: Aragonez, Alicante Bouschet, Cabernet Sauvignon, Syrah<\/p>\n<p>Um tinto macio, bem estruturado na boca, redondo, fresco e equilibrado.<\/p>\n<p>Sugest\u00f5es de fruta madura e chocolate, num conjunto suave e harmonioso.<\/p>\n<p>Um tinto macio, bem estruturado na boca, redondo, fresco e equilibrado.<\/p>\n<p>&nbsp;<\/p>","protected":false},"featured_media":9343,"template":"","meta":{"_exactmetrics_skip_tracking":false,"_exactmetrics_sitenote_active":false,"_exactmetrics_sitenote_note":"","_exactmetrics_sitenote_category":0,"_uf_show_specific_survey":0,"_uf_disable_surveys":false,"iawp_total_views":39},"product_brand":[],"product_cat":[157,184,207],"product_tag":[],"class_list":{"0":"post-14705","1":"product","2":"type-product","3":"status-publish","4":"has-post-thumbnail","6":"product_cat-vinhos","7":"product_cat-tinto","8":"product_cat-alentejo","10":"first","11":"instock","12":"shipping-taxable","13":"purchasable","14":"product-type-simple"},"_links":{"self":[{"href":"https:\/\/garrafeiragrandeescolha.pt\/fr\/wp-json\/wp\/v2\/product\/14705","targetHints":{"allow":["GET"]}}],"collection":[{"href":"https:\/\/garrafeiragrandeescolha.pt\/fr\/wp-json\/wp\/v2\/product"}],"about":[{"href":"https:\/\/garrafeiragrandeescolha.pt\/fr\/wp-json\/wp\/v2\/types\/product"}],"wp:featuredmedia":[{"embeddable":true,"href":"https:\/\/garrafeiragrandeescolha.pt\/fr\/wp-json\/wp\/v2\/media\/9343"}],"wp:attachment":[{"href":"https:\/\/garrafeiragrandeescolha.pt\/fr\/wp-json\/wp\/v2\/media?parent=14705"}],"wp:term":[{"taxonomy":"product_brand","embeddable":true,"href":"https:\/\/garrafeiragrandeescolha.pt\/fr\/wp-json\/wp\/v2\/product_brand?post=14705"},{"taxonomy":"product_cat","embeddable":true,"href":"https:\/\/garrafeiragrandeescolha.pt\/fr\/wp-json\/wp\/v2\/product_cat?post=14705"},{"taxonomy":"product_tag","embeddable":true,"href":"https:\/\/garrafeiragrandeescolha.pt\/fr\/wp-json\/wp\/v2\/product_tag?post=14705"}],"curies":[{"name":"wp","href":"https:\/\/api.w.org\/{rel}","templated":true}]}}