{"id":14730,"date":"2021-11-24T10:35:06","date_gmt":"2021-11-24T10:35:06","guid":{"rendered":"http:\/\/garrafeiragrandeescolha.pt\/?post_type=product&#038;p=14730"},"modified":"2026-03-24T17:46:04","modified_gmt":"2026-03-24T17:46:04","slug":"monte-do-desperacao-reserva-rouge-2017-75cl","status":"publish","type":"product","link":"https:\/\/garrafeiragrandeescolha.pt\/fr\/produit\/monte-do-desperacao-reserva-rouge-2017-75cl\/","title":{"rendered":"Monte do Desespero Reserva Tinto 2018 75cl"},"content":{"rendered":"<ol>\n<li><img fetchpriority=\"high\" decoding=\"async\" class=\"size-medium wp-image-15367 aligncenter\" src=\"http:\/\/garrafeiragrandeescolha.pt\/wp-content\/uploads\/2022\/02\/montedasserras-logo-300x194.png\" alt=\"\" width=\"300\" height=\"194\" srcset=\"https:\/\/garrafeiragrandeescolha.pt\/wp-content\/uploads\/2022\/02\/montedasserras-logo-300x194.png 300w, https:\/\/garrafeiragrandeescolha.pt\/wp-content\/uploads\/2022\/02\/montedasserras-logo-600x389.png 600w, https:\/\/garrafeiragrandeescolha.pt\/wp-content\/uploads\/2022\/02\/montedasserras-logo.png 616w\" sizes=\"(max-width: 300px) 100vw, 300px\" \/><\/li>\n<\/ol>\n<p>Avec 31,3 hectares, la ferme reste fructueuse sur des terres de schiste, esclavagistes et dures. Autrefois culture pluviale, on conna\u00eet ici un climat sec et peu pluvieux, o\u00f9 l&#039;influence des vents chauds, au plus fort de l&#039;\u00e9t\u00e9, cr\u00e9e de petits tourbillons au milieu des vignes, rappelant un environnement chaud, presque africain.<br \/>\nEntour\u00e9 d&#039;une zone de sifflement pastoral, le domaine compte plusieurs esp\u00e8ces qui cohabitent en toute harmonie. A travers un regard attentif, en visitant notre ferme vous pourrez d\u00e9couvrir une grande diversit\u00e9 de plantes, mais aussi d&#039;animaux. La production de ch\u00eanes verts, de ch\u00eanes-li\u00e8ges et de pins, issus de plantes indig\u00e8nes comme le ciste, le romarin et la pouliot, et la vie d&#039;animaux comme le li\u00e8vre, la perdrix, le sanglier, le renard et m\u00eame les h\u00e9rons et les demoiselles, conf\u00e8rent \u00e0 cette ferme un une biodiversit\u00e9 unique et fascinante.<br \/>\nDe plus, en raison de la faible densit\u00e9 de population et de l&#039;absence d&#039;\u00e9clairage public, la propri\u00e9t\u00e9 b\u00e9n\u00e9ficie la nuit d&#039;un ciel majestueux, parsem\u00e9 d&#039;\u00e9toiles et de galaxies visibles \u00e0 l&#039;\u0153il nu.<\/p>","protected":false},"excerpt":{"rendered":"<p>C\u00e9pages : Aragon\u00eaz, Trincadeira, Alicante Bouschet.<\/p>\n<p>Robe grenat, ar\u00f4me complexe et subtil, avec des notes sauvages, de cacao et de l\u00e9ger grill\u00e9, il pr\u00e9sente une bouche \u00e9l\u00e9gante, avec des tanins d\u00e9licats et un corps bien structur\u00e9.<\/p>\n<p>Accompagne les plats de gibier, les viandes rouges et les fromages \u00e0 p\u00e2te molle.<\/p>","protected":false},"featured_media":9421,"template":"","meta":{"_exactmetrics_skip_tracking":false,"_exactmetrics_sitenote_active":false,"_exactmetrics_sitenote_note":"","_exactmetrics_sitenote_category":0,"_uf_show_specific_survey":0,"_uf_disable_surveys":false,"iawp_total_views":1157},"product_brand":[],"product_cat":[207,184,157],"product_tag":[],"class_list":{"0":"post-14730","1":"product","2":"type-product","3":"status-publish","4":"has-post-thumbnail","6":"product_cat-alentejo","7":"product_cat-tinto","8":"product_cat-vinhos","10":"first","11":"instock","12":"shipping-taxable","13":"purchasable","14":"product-type-simple"},"_links":{"self":[{"href":"https:\/\/garrafeiragrandeescolha.pt\/fr\/wp-json\/wp\/v2\/product\/14730","targetHints":{"allow":["GET"]}}],"collection":[{"href":"https:\/\/garrafeiragrandeescolha.pt\/fr\/wp-json\/wp\/v2\/product"}],"about":[{"href":"https:\/\/garrafeiragrandeescolha.pt\/fr\/wp-json\/wp\/v2\/types\/product"}],"wp:featuredmedia":[{"embeddable":true,"href":"https:\/\/garrafeiragrandeescolha.pt\/fr\/wp-json\/wp\/v2\/media\/9421"}],"wp:attachment":[{"href":"https:\/\/garrafeiragrandeescolha.pt\/fr\/wp-json\/wp\/v2\/media?parent=14730"}],"wp:term":[{"taxonomy":"product_brand","embeddable":true,"href":"https:\/\/garrafeiragrandeescolha.pt\/fr\/wp-json\/wp\/v2\/product_brand?post=14730"},{"taxonomy":"product_cat","embeddable":true,"href":"https:\/\/garrafeiragrandeescolha.pt\/fr\/wp-json\/wp\/v2\/product_cat?post=14730"},{"taxonomy":"product_tag","embeddable":true,"href":"https:\/\/garrafeiragrandeescolha.pt\/fr\/wp-json\/wp\/v2\/product_tag?post=14730"}],"curies":[{"name":"wp","href":"https:\/\/api.w.org\/{rel}","templated":true}]}}