{"id":14755,"date":"2021-12-11T10:18:06","date_gmt":"2021-12-11T10:18:06","guid":{"rendered":"http:\/\/garrafeiragrandeescolha.pt\/?post_type=product&#038;p=14755"},"modified":"2025-10-07T11:27:38","modified_gmt":"2025-10-07T11:27:38","slug":"bipack-vinhos-amalias-adega-mayor-tinto","status":"publish","type":"product","link":"https:\/\/garrafeiragrandeescolha.pt\/fr\/produit\/bipack-vinhos-amalias-adega-mayor-tinto\/","title":{"rendered":"Bipack Vinhos Am\u00e1lias Adega Mayor Rouge"},"content":{"rendered":"<p><img decoding=\"async\" class=\"size-medium wp-image-15310 aligncenter\" src=\"http:\/\/garrafeiragrandeescolha.pt\/wp-content\/uploads\/2022\/02\/LOGO-AM-300x132.jpg\" alt=\"\" width=\"300\" height=\"132\" srcset=\"https:\/\/garrafeiragrandeescolha.pt\/wp-content\/uploads\/2022\/02\/LOGO-AM-300x132.jpg 300w, https:\/\/garrafeiragrandeescolha.pt\/wp-content\/uploads\/2022\/02\/LOGO-AM.jpg 514w\" sizes=\"(max-width: 300px) 100vw, 300px\" \/><\/p>\n<p>A Adega Mayor \u00e9 fruto da vis\u00e3o do Comendador Rui Nabeiro e da sua grande paix\u00e3o pelos vinhos e pela sua terra &#8211; Campo Maior.<br \/>\nDa m\u00e3o do prestigiado arquitecto Siza Vieira saiu o tra\u00e7o inconfund\u00edvel desta adega distinta, contempor\u00e2nea e com alma. Inaugurada em 2007 mas a produzir vinhos desde 2002, a Adega Mayor possui 65 hectares de vinha distribu\u00eddos por duas herdades que d\u00e3o origem \u00e0s marcas Monte Mayor, Touriga Nacional, Reserva do Comendador e Garrafeira do Comendador.<br \/>\nO en\u00f3logo Paulo Laureano e uma equipa dedicada s\u00e3o os respons\u00e1veis pelo desenho destes n\u00e9ctares de personalidade vincada, onde se revela toda a tradi\u00e7\u00e3o e sofistica\u00e7\u00e3o de um Alentejo por desvendar.<\/p>\n<p>Nas plan\u00edcies de Campo Maior, crescem as vinhas que d\u00e3o origem a vinhos de car\u00e1ter fresco e marcante. Foi neste ondulante dorso alentejano que o Arq\u00ba Siza Vieira desenhou o tra\u00e7o inconfund\u00edvel desta Adega. Assim se desenha a paisagem, assim se sonham os vinhos que fazem desta uma Adega Mayor.<\/p>","protected":false},"excerpt":{"rendered":"<p>Uma homenagem a Am\u00e1lia, que nunca quis ser apenas uma.<\/p>\n<p>No ano que celebra o centen\u00e1rio do nascimento de Am\u00e1lia, a Adega Mayor, em parceria com\u00a0 Funda\u00e7\u00e3o Am\u00e1lia Rodrigues, abre os sentidos ao mais emotivo dos nossos s\u00edmbolos, levando \u00e0 mesa de Portugal e do mundo, um pouco do que foi Am\u00e1lia.<\/p>","protected":false},"featured_media":9529,"template":"","meta":{"_exactmetrics_skip_tracking":false,"_exactmetrics_sitenote_active":false,"_exactmetrics_sitenote_note":"","_exactmetrics_sitenote_category":0,"_uf_show_specific_survey":0,"_uf_disable_surveys":false,"iawp_total_views":27},"product_brand":[],"product_cat":[258,216,157,184,207],"product_tag":[],"class_list":{"0":"post-14755","1":"product","2":"type-product","3":"status-publish","4":"has-post-thumbnail","6":"product_cat-conjuntos-de-oferta","7":"product_cat-conjuntos","8":"product_cat-vinhos","9":"product_cat-tinto","10":"product_cat-alentejo","12":"first","13":"instock","14":"featured","15":"shipping-taxable","16":"purchasable","17":"product-type-simple"},"_links":{"self":[{"href":"https:\/\/garrafeiragrandeescolha.pt\/fr\/wp-json\/wp\/v2\/product\/14755","targetHints":{"allow":["GET"]}}],"collection":[{"href":"https:\/\/garrafeiragrandeescolha.pt\/fr\/wp-json\/wp\/v2\/product"}],"about":[{"href":"https:\/\/garrafeiragrandeescolha.pt\/fr\/wp-json\/wp\/v2\/types\/product"}],"wp:featuredmedia":[{"embeddable":true,"href":"https:\/\/garrafeiragrandeescolha.pt\/fr\/wp-json\/wp\/v2\/media\/9529"}],"wp:attachment":[{"href":"https:\/\/garrafeiragrandeescolha.pt\/fr\/wp-json\/wp\/v2\/media?parent=14755"}],"wp:term":[{"taxonomy":"product_brand","embeddable":true,"href":"https:\/\/garrafeiragrandeescolha.pt\/fr\/wp-json\/wp\/v2\/product_brand?post=14755"},{"taxonomy":"product_cat","embeddable":true,"href":"https:\/\/garrafeiragrandeescolha.pt\/fr\/wp-json\/wp\/v2\/product_cat?post=14755"},{"taxonomy":"product_tag","embeddable":true,"href":"https:\/\/garrafeiragrandeescolha.pt\/fr\/wp-json\/wp\/v2\/product_tag?post=14755"}],"curies":[{"name":"wp","href":"https:\/\/api.w.org\/{rel}","templated":true}]}}