{"id":14774,"date":"2022-01-12T18:20:39","date_gmt":"2022-01-12T18:20:39","guid":{"rendered":"http:\/\/garrafeiragrandeescolha.pt\/?post_type=product&#038;p=14774"},"modified":"2025-10-06T09:53:32","modified_gmt":"2025-10-06T09:53:32","slug":"porto-messias-colheita-1995-75cl","status":"publish","type":"product","link":"https:\/\/garrafeiragrandeescolha.pt\/fr\/produit\/porto-messias-colheita-1995-75cl\/","title":{"rendered":"Porto Messias Colheita 1995 75cl"},"content":{"rendered":"<p><img fetchpriority=\"high\" decoding=\"async\" class=\"size-medium wp-image-15339 aligncenter\" src=\"http:\/\/garrafeiragrandeescolha.pt\/wp-content\/uploads\/2022\/02\/messias-logo-300x170.jpg\" alt=\"\" width=\"300\" height=\"170\" srcset=\"https:\/\/garrafeiragrandeescolha.pt\/wp-content\/uploads\/2022\/02\/messias-logo-300x170.jpg 300w, https:\/\/garrafeiragrandeescolha.pt\/wp-content\/uploads\/2022\/02\/messias-logo.jpg 550w\" sizes=\"(max-width: 300px) 100vw, 300px\" \/><\/p>\n<p>L&#039;entreprise a \u00e9t\u00e9 fond\u00e9e en 1926 par Messias Baptista, qui en a assur\u00e9 la direction jusqu&#039;en 1973. L&#039;administration de MESSIAS est encore aujourd&#039;hui assur\u00e9e par les descendants de la famille Messias.<\/p>\n<p>Depuis sa cr\u00e9ation, MESSIAS produit et commercialise des vins des principales r\u00e9gions d\u00e9limit\u00e9es : Bairrada, Douro, D\u00e3o, Vinho Verde et Vin de Porto. L&#039;entreprise est \u00e9galement reconnue pour la grande qualit\u00e9 de ses vins p\u00e9tillants naturels et de ses eaux-de-vie.<\/p>\n<p>Le si\u00e8ge social de MESSIAS est situ\u00e9 \u00e0 Mealhada, une petite ville de la r\u00e9gion de Bairrada, o\u00f9 l&#039;entreprise dispose de plus de 6 000 m\u00e8tres carr\u00e9s d&#039;installations et d&#039;environ 160 hectares de vignes.<\/p>\n<p>\u00c0 Ferradosa, dans la vall\u00e9e du Douro, MESSIAS poss\u00e8de 200 hectares, dont 130 hectares de vignes, pour la production de vin de Porto et de vin Quinta do Cach\u00e3o Douro. Des installations de plus de 5 000 m\u00e8tres carr\u00e9s sont implant\u00e9es ici pour la fabrication, le stockage et le vieillissement des vins.<\/p>\n<p>Le vin de Porto est mis en bouteille \u00e0 Vila Nova de Gaia, sur une superficie d&#039;environ 10 000 m\u00e8tres carr\u00e9s, o\u00f9 se trouvent une succursale et un secteur logistique.<\/p>\n<p>MESSIAS est l&#039;un des rares groupes \u00e0 disposer d&#039;une gamme compl\u00e8te de produits viticoles issus des meilleures r\u00e9gions portugaises et de ses propres Quintas.<\/p>","protected":false},"excerpt":{"rendered":"<p>C\u00e9pages : Touriga Nacional, Touriga Franca, Tinta Roriz, Tinta Barroca, Tinto C\u00e3o<\/p>\n<p>Vinho tinto alourado com aromas terci\u00e1rio a evoluir, denotando-se ligeiras notas de especiarias com uma suave e elegante mistura de alperce seco e mel. Na boca, tem taninos suaves com final de boca agrad\u00e1vel e prolongado.<\/p>","protected":false},"featured_media":16678,"template":"","meta":{"_exactmetrics_skip_tracking":false,"_exactmetrics_sitenote_active":false,"_exactmetrics_sitenote_note":"","_exactmetrics_sitenote_category":0,"_uf_show_specific_survey":0,"_uf_disable_surveys":false,"iawp_total_views":52},"product_brand":[],"product_cat":[159,167],"product_tag":[],"class_list":{"0":"post-14774","1":"product","2":"type-product","3":"status-publish","4":"has-post-thumbnail","6":"product_cat-portos","7":"product_cat-colheita","9":"first","10":"instock","11":"shipping-taxable","12":"purchasable","13":"product-type-simple"},"_links":{"self":[{"href":"https:\/\/garrafeiragrandeescolha.pt\/fr\/wp-json\/wp\/v2\/product\/14774","targetHints":{"allow":["GET"]}}],"collection":[{"href":"https:\/\/garrafeiragrandeescolha.pt\/fr\/wp-json\/wp\/v2\/product"}],"about":[{"href":"https:\/\/garrafeiragrandeescolha.pt\/fr\/wp-json\/wp\/v2\/types\/product"}],"wp:featuredmedia":[{"embeddable":true,"href":"https:\/\/garrafeiragrandeescolha.pt\/fr\/wp-json\/wp\/v2\/media\/16678"}],"wp:attachment":[{"href":"https:\/\/garrafeiragrandeescolha.pt\/fr\/wp-json\/wp\/v2\/media?parent=14774"}],"wp:term":[{"taxonomy":"product_brand","embeddable":true,"href":"https:\/\/garrafeiragrandeescolha.pt\/fr\/wp-json\/wp\/v2\/product_brand?post=14774"},{"taxonomy":"product_cat","embeddable":true,"href":"https:\/\/garrafeiragrandeescolha.pt\/fr\/wp-json\/wp\/v2\/product_cat?post=14774"},{"taxonomy":"product_tag","embeddable":true,"href":"https:\/\/garrafeiragrandeescolha.pt\/fr\/wp-json\/wp\/v2\/product_tag?post=14774"}],"curies":[{"name":"wp","href":"https:\/\/api.w.org\/{rel}","templated":true}]}}