{"id":15841,"date":"2022-04-06T17:27:35","date_gmt":"2022-04-06T17:27:35","guid":{"rendered":"https:\/\/garrafeiragrandeescolha.pt\/?post_type=product&#038;p=15841"},"modified":"2022-11-21T11:20:41","modified_gmt":"2022-11-21T11:20:41","slug":"porto-vallado-20-anos-50cl","status":"publish","type":"product","link":"https:\/\/garrafeiragrandeescolha.pt\/fr\/produit\/porto-vallado-20-anos-50cl\/","title":{"rendered":"Porto Vallado 20 Anos 50cl"},"content":{"rendered":"<p><img fetchpriority=\"high\" decoding=\"async\" class=\"size-medium wp-image-15837 aligncenter\" src=\"http:\/\/garrafeiragrandeescolha.pt\/wp-content\/uploads\/2020\/03\/logo-vallado-300x298.jpg\" alt=\"\" width=\"300\" height=\"298\" srcset=\"https:\/\/garrafeiragrandeescolha.pt\/wp-content\/uploads\/2020\/03\/logo-vallado-300x298.jpg 300w, https:\/\/garrafeiragrandeescolha.pt\/wp-content\/uploads\/2020\/03\/logo-vallado-1024x1019.jpg 1024w, https:\/\/garrafeiragrandeescolha.pt\/wp-content\/uploads\/2020\/03\/logo-vallado-150x150.jpg 150w, https:\/\/garrafeiragrandeescolha.pt\/wp-content\/uploads\/2020\/03\/logo-vallado-768x764.jpg 768w, https:\/\/garrafeiragrandeescolha.pt\/wp-content\/uploads\/2020\/03\/logo-vallado-1536x1528.jpg 1536w, https:\/\/garrafeiragrandeescolha.pt\/wp-content\/uploads\/2020\/03\/logo-vallado-12x12.jpg 12w, https:\/\/garrafeiragrandeescolha.pt\/wp-content\/uploads\/2020\/03\/logo-vallado-600x597.jpg 600w, https:\/\/garrafeiragrandeescolha.pt\/wp-content\/uploads\/2020\/03\/logo-vallado-100x100.jpg 100w, https:\/\/garrafeiragrandeescolha.pt\/wp-content\/uploads\/2020\/03\/logo-vallado.jpg 1938w\" sizes=\"(max-width: 300px) 100vw, 300px\" \/><\/p>\n<p>Quinta do Vallado, construite en 1716, est l&#039;une des fermes les plus anciennes et les plus c\u00e9l\u00e8bres de la vall\u00e9e du Douro.<\/p>\n<p>Il est situ\u00e9 sur les rives du fleuve Corgo, un affluent du fleuve Douro, juste \u00e0 c\u00f4t\u00e9 de son embouchure, \u00e0 proximit\u00e9 de la ville de Peso da R\u00e9gua.<\/p>\n<p>Il appartenait \u00e0 la famille de la l\u00e9gendaire Dona Ant\u00f3nia Adelaide Ferreira et reste encore aujourd&#039;hui en possession de ses descendants.<\/p>","protected":false},"excerpt":{"rendered":"<div class=\"font-italic\">\n<div class=\"font-italic\">\n<div class=\"font-italic\">Aroma:\u00a0Rico, sugest\u00f5es fumadas, combinando notas de frutos secos com charutos.<\/div>\n<div class=\"font-italic\">Sabor:\u00a0Muito redondo na boca, untuoso e licoroso, com bastante frescura.<\/div>\n<div class=\"font-italic\">Castas:\u00a0Um blend de v\u00e1rias castas, provenientes de Vinhas Velhas: Tinta Roriz, Tinta Amarela, Touriga Franca e Touriga Nacional, entre outras.<\/div>\n<div class=\"font-italic\">Est\u00e1gio:\u00a0Blend de v\u00e1rios vinhos, com est\u00e1gio m\u00e9dio de 20 anos. O est\u00e1gio \u00e9 efectuado em ton\u00e9is e cascos de carvalho de 600 litros.<\/div>\n<\/div>\n<div class=\"font-italic\">Vigneron\u00a0:\u00a0Francisco Ferreira et Francisco Olazabal<\/div>\n<\/div>","protected":false},"featured_media":15842,"template":"","meta":{"_exactmetrics_skip_tracking":false,"_exactmetrics_sitenote_active":false,"_exactmetrics_sitenote_note":"","_exactmetrics_sitenote_category":0,"_uf_show_specific_survey":0,"_uf_disable_surveys":false,"iawp_total_views":7},"product_brand":[],"product_cat":[159,175],"product_tag":[],"class_list":{"0":"post-15841","1":"product","2":"type-product","3":"status-publish","4":"has-post-thumbnail","6":"product_cat-portos","7":"product_cat-porto-10-20-30-40-50-80","9":"first","10":"instock","11":"shipping-taxable","12":"purchasable","13":"product-type-simple"},"_links":{"self":[{"href":"https:\/\/garrafeiragrandeescolha.pt\/fr\/wp-json\/wp\/v2\/product\/15841","targetHints":{"allow":["GET"]}}],"collection":[{"href":"https:\/\/garrafeiragrandeescolha.pt\/fr\/wp-json\/wp\/v2\/product"}],"about":[{"href":"https:\/\/garrafeiragrandeescolha.pt\/fr\/wp-json\/wp\/v2\/types\/product"}],"wp:featuredmedia":[{"embeddable":true,"href":"https:\/\/garrafeiragrandeescolha.pt\/fr\/wp-json\/wp\/v2\/media\/15842"}],"wp:attachment":[{"href":"https:\/\/garrafeiragrandeescolha.pt\/fr\/wp-json\/wp\/v2\/media?parent=15841"}],"wp:term":[{"taxonomy":"product_brand","embeddable":true,"href":"https:\/\/garrafeiragrandeescolha.pt\/fr\/wp-json\/wp\/v2\/product_brand?post=15841"},{"taxonomy":"product_cat","embeddable":true,"href":"https:\/\/garrafeiragrandeescolha.pt\/fr\/wp-json\/wp\/v2\/product_cat?post=15841"},{"taxonomy":"product_tag","embeddable":true,"href":"https:\/\/garrafeiragrandeescolha.pt\/fr\/wp-json\/wp\/v2\/product_tag?post=15841"}],"curies":[{"name":"wp","href":"https:\/\/api.w.org\/{rel}","templated":true}]}}