{"id":16182,"date":"2022-06-22T14:27:53","date_gmt":"2022-06-22T14:27:53","guid":{"rendered":"https:\/\/garrafeiragrandeescolha.pt\/?post_type=product&#038;p=16182"},"modified":"2024-10-25T11:53:28","modified_gmt":"2024-10-25T11:53:28","slug":"liberalitas-tinto-75cl","status":"publish","type":"product","link":"https:\/\/garrafeiragrandeescolha.pt\/fr\/produit\/liberalitas-tinto-75cl\/","title":{"rendered":"Liberalitas Tinto 2015 75cl"},"content":{"rendered":"<p>Le plaisir d&#039;accueillir ses amis et sa famille et la passion du vin ont conduit Jos\u00e9 Rodrigues, homme d&#039;affaires de la r\u00e9gion de Set\u00fabal, \u00e0 chercher un endroit o\u00f9 il pourrait combiner ces deux plaisirs. C&#039;est en 2011 qu&#039;apr\u00e8s de nombreuses recherches, il d\u00e9couvre le refuge id\u00e9al. Une propri\u00e9t\u00e9 en Alentejo, \u00e0 environ 10 km d&#039;\u00c9vora, situ\u00e9e dans une zone paysag\u00e8re prot\u00e9g\u00e9e par le r\u00e9seau Natura 2000, qui l&#039;a imm\u00e9diatement enchant\u00e9.<br \/>\nLa maison Monte da Ribeira \u00e9tait le seul b\u00e2timent de la propri\u00e9t\u00e9. Il a commenc\u00e9 par acheter un tracteur et quelques outils pour soutenir son entreprise agricole et son esprit agit\u00e9 ne s&#039;est calm\u00e9 que lorsqu&#039;il a r\u00e9alis\u00e9 son d\u00e9sir de planter un vignoble. \u00abOn m&#039;a souvent pr\u00e9venu d&#039;abandonner, on m&#039;a dit que je ne savais pas dans quoi je m&#039;embarquais, car planter une vigne et faire du vin, c&#039;est beaucoup de travail... Mais malgr\u00e9 \u00e7a, j&#039;ai continu\u00e9 et je sens content des r\u00e9sultats\u00bb, dit Jos\u00e9 Rodrigues.<br \/>\nEntre avril et mai 2012, il a plant\u00e9 2,5 hectares de vignes avec des c\u00e9pages qu&#039;il a toujours aim\u00e9s : Aragonez, Touriga Nacional, Alicante Bouschet, Syrah et Cabernet Sauvignon.<br \/>\nIl fait ensuite appel \u00e0 l&#039;architecte Jorge Fragoso Pires pour concevoir une cave \u00e0 vin fonctionnelle et contextualis\u00e9e. Finalement, il a invit\u00e9 l&#039;un des meilleurs vignerons de l&#039;Alentejo, Pedro Baptista, \u00e0 \u00e9laborer le vin pour lui. L&#039;image des produits n&#039;a pas non plus \u00e9t\u00e9 oubli\u00e9e, sign\u00e9e par la designer Rita Rivotti.<br \/>\nBien qu&#039;il s&#039;agisse d&#039;un jeune projet, il a d\u00e9j\u00e0 pr\u00e9sent\u00e9 certaines de ses r\u00e9f\u00e9rences dans des Concours de Vins, ayant remport\u00e9 cette ann\u00e9e deux M\u00e9dailles d&#039;Or, une au Concours des Vins Portugais et une autre au Concours Syrah du Monde, avec son Vinho Humanitas Red Reserva 2013, et deux m\u00e9dailles d&#039;argent pour le Vin Ros\u00e9 Liberalitas 2014, l&#039;une au Concours Mondial de Bruxelles et l&#039;autre au Concours des Vins Portugais.<\/p>","protected":false},"excerpt":{"rendered":"<p>O gosto de receber os amigos e a fam\u00edlia e a paix\u00e3o pelos vinhos levou Jos\u00e9 Rodrigues, empres\u00e1rio da regi\u00e3o de Set\u00fabal, a procurar um lugar onde pudesse reunir estes dois prazeres. Foi em 2011 que, depois de muito procurar, descobriu o ref\u00fagio ideal. Uma propriedade no Alentejo, a cerca de 10 Kms de \u00c9vora, [&hellip;]<\/p>","protected":false},"featured_media":16183,"template":"","meta":{"_exactmetrics_skip_tracking":false,"_exactmetrics_sitenote_active":false,"_exactmetrics_sitenote_note":"","_exactmetrics_sitenote_category":0,"_uf_show_specific_survey":0,"_uf_disable_surveys":false,"iawp_total_views":29},"product_brand":[],"product_cat":[157,184,207],"product_tag":[],"class_list":{"0":"post-16182","1":"product","2":"type-product","3":"status-publish","4":"has-post-thumbnail","6":"product_cat-vinhos","7":"product_cat-tinto","8":"product_cat-alentejo","10":"first","11":"instock","12":"shipping-taxable","13":"purchasable","14":"product-type-simple"},"_links":{"self":[{"href":"https:\/\/garrafeiragrandeescolha.pt\/fr\/wp-json\/wp\/v2\/product\/16182","targetHints":{"allow":["GET"]}}],"collection":[{"href":"https:\/\/garrafeiragrandeescolha.pt\/fr\/wp-json\/wp\/v2\/product"}],"about":[{"href":"https:\/\/garrafeiragrandeescolha.pt\/fr\/wp-json\/wp\/v2\/types\/product"}],"wp:featuredmedia":[{"embeddable":true,"href":"https:\/\/garrafeiragrandeescolha.pt\/fr\/wp-json\/wp\/v2\/media\/16183"}],"wp:attachment":[{"href":"https:\/\/garrafeiragrandeescolha.pt\/fr\/wp-json\/wp\/v2\/media?parent=16182"}],"wp:term":[{"taxonomy":"product_brand","embeddable":true,"href":"https:\/\/garrafeiragrandeescolha.pt\/fr\/wp-json\/wp\/v2\/product_brand?post=16182"},{"taxonomy":"product_cat","embeddable":true,"href":"https:\/\/garrafeiragrandeescolha.pt\/fr\/wp-json\/wp\/v2\/product_cat?post=16182"},{"taxonomy":"product_tag","embeddable":true,"href":"https:\/\/garrafeiragrandeescolha.pt\/fr\/wp-json\/wp\/v2\/product_tag?post=16182"}],"curies":[{"name":"wp","href":"https:\/\/api.w.org\/{rel}","templated":true}]}}