{"id":16186,"date":"2022-06-22T14:40:36","date_gmt":"2022-06-22T14:40:36","guid":{"rendered":"https:\/\/garrafeiragrandeescolha.pt\/?post_type=product&#038;p=16186"},"modified":"2023-10-10T17:38:07","modified_gmt":"2023-10-10T17:38:07","slug":"vinha-da-foz-tinto-75cl","status":"publish","type":"product","link":"https:\/\/garrafeiragrandeescolha.pt\/fr\/produit\/vinha-da-foz-tinto-75cl\/","title":{"rendered":"Vinha da Foz Tinto 75cl"},"content":{"rendered":"<p><img fetchpriority=\"high\" decoding=\"async\" class=\"size-medium wp-image-16187 aligncenter\" src=\"http:\/\/garrafeiragrandeescolha.pt\/wp-content\/uploads\/2022\/06\/qta-da-foz-logo-300x179.jpg\" alt=\"\" width=\"300\" height=\"179\" srcset=\"https:\/\/garrafeiragrandeescolha.pt\/wp-content\/uploads\/2022\/06\/qta-da-foz-logo-300x179.jpg 300w, https:\/\/garrafeiragrandeescolha.pt\/wp-content\/uploads\/2022\/06\/qta-da-foz-logo-1024x610.jpg 1024w, https:\/\/garrafeiragrandeescolha.pt\/wp-content\/uploads\/2022\/06\/qta-da-foz-logo-768x457.jpg 768w, https:\/\/garrafeiragrandeescolha.pt\/wp-content\/uploads\/2022\/06\/qta-da-foz-logo-1536x915.jpg 1536w, https:\/\/garrafeiragrandeescolha.pt\/wp-content\/uploads\/2022\/06\/qta-da-foz-logo-2048x1220.jpg 2048w, https:\/\/garrafeiragrandeescolha.pt\/wp-content\/uploads\/2022\/06\/qta-da-foz-logo-18x12.jpg 18w, https:\/\/garrafeiragrandeescolha.pt\/wp-content\/uploads\/2022\/06\/qta-da-foz-logo-600x357.jpg 600w\" sizes=\"(max-width: 300px) 100vw, 300px\" \/><\/p>\n<p>A identidade das vinhas \u00e9 preservada pelo Sr. Joaquim desde o tempo do \u201cDoutor\u201d.<\/p>\n<p>Em 2014 chegou a enologia de Filipe Ferreira com uma grande vontade de querer ir mais longe. A conserva\u00e7\u00e3o da viticultura tradicional associada \u00e0 frescura da inova\u00e7\u00e3o e a experi\u00eancia do en\u00f3logo Ant\u00f3nio Narciso, resulta em grandes\u00a0vinhos\u00a0que revelam a excel\u00eancia da mat\u00e9ria prima, e a exclusividade do\u00a0<em>terroir.<\/em><\/p>","protected":false},"excerpt":{"rendered":"<p>Um puro duriense\u00a0com uma sele\u00e7\u00e3o das\u00a0principais castas do Douro:\u00a0Touriga Nacional, Touriga Franca\u00a0e\u00a0Tinta Roriz. Um vinho muito direto e t\u00edpico.<br \/>\nProporciona uma experi\u00eancia sensorial.\u00a0\u00a0Al\u00e9m da for\u00e7a dos aromas frutados, que nos leva at\u00e9 \u00e0s vinhas\u00a0e\u00a0aos socalcos, com o seu perfil terroso, e da\u00ed para a\u00a0adega.<\/p>\n<p>Na boca:\u00a0Tenso, textura suculenta ao mesmo tempo\u00a0macio e\u00a0encorpado.<br \/>\nFim\u00a0longo, redondo, com\u00a0estrutura e\u00a0longevidade.<\/p>","protected":false},"featured_media":16188,"template":"","meta":{"_exactmetrics_skip_tracking":false,"_exactmetrics_sitenote_active":false,"_exactmetrics_sitenote_note":"","_exactmetrics_sitenote_category":0,"_uf_show_specific_survey":0,"_uf_disable_surveys":false,"iawp_total_views":17},"product_brand":[],"product_cat":[157,184,215],"product_tag":[],"class_list":{"0":"post-16186","1":"product","2":"type-product","3":"status-publish","4":"has-post-thumbnail","6":"product_cat-vinhos","7":"product_cat-tinto","8":"product_cat-douro","10":"first","11":"instock","12":"shipping-taxable","13":"purchasable","14":"product-type-simple"},"_links":{"self":[{"href":"https:\/\/garrafeiragrandeescolha.pt\/fr\/wp-json\/wp\/v2\/product\/16186","targetHints":{"allow":["GET"]}}],"collection":[{"href":"https:\/\/garrafeiragrandeescolha.pt\/fr\/wp-json\/wp\/v2\/product"}],"about":[{"href":"https:\/\/garrafeiragrandeescolha.pt\/fr\/wp-json\/wp\/v2\/types\/product"}],"wp:featuredmedia":[{"embeddable":true,"href":"https:\/\/garrafeiragrandeescolha.pt\/fr\/wp-json\/wp\/v2\/media\/16188"}],"wp:attachment":[{"href":"https:\/\/garrafeiragrandeescolha.pt\/fr\/wp-json\/wp\/v2\/media?parent=16186"}],"wp:term":[{"taxonomy":"product_brand","embeddable":true,"href":"https:\/\/garrafeiragrandeescolha.pt\/fr\/wp-json\/wp\/v2\/product_brand?post=16186"},{"taxonomy":"product_cat","embeddable":true,"href":"https:\/\/garrafeiragrandeescolha.pt\/fr\/wp-json\/wp\/v2\/product_cat?post=16186"},{"taxonomy":"product_tag","embeddable":true,"href":"https:\/\/garrafeiragrandeescolha.pt\/fr\/wp-json\/wp\/v2\/product_tag?post=16186"}],"curies":[{"name":"wp","href":"https:\/\/api.w.org\/{rel}","templated":true}]}}