{"id":16219,"date":"2022-06-30T11:13:24","date_gmt":"2022-06-30T11:13:24","guid":{"rendered":"https:\/\/garrafeiragrandeescolha.pt\/?post_type=product&#038;p=16219"},"modified":"2023-02-04T11:37:45","modified_gmt":"2023-02-04T11:37:45","slug":"t-nac-tinto-2008-75cl","status":"publish","type":"product","link":"https:\/\/garrafeiragrandeescolha.pt\/fr\/produit\/t-nac-tinto-2008-75cl\/","title":{"rendered":"T-nac Tinto 2008 75cl"},"content":{"rendered":"<p><img fetchpriority=\"high\" decoding=\"async\" class=\"size-medium wp-image-17281 aligncenter\" src=\"http:\/\/garrafeiragrandeescolha.pt\/wp-content\/uploads\/2022\/06\/logo-quinta-da-falorca-300x300.jpg\" alt=\"\" width=\"300\" height=\"300\" srcset=\"https:\/\/garrafeiragrandeescolha.pt\/wp-content\/uploads\/2022\/06\/logo-quinta-da-falorca-300x300.jpg 300w, https:\/\/garrafeiragrandeescolha.pt\/wp-content\/uploads\/2022\/06\/logo-quinta-da-falorca-150x150.jpg 150w, https:\/\/garrafeiragrandeescolha.pt\/wp-content\/uploads\/2022\/06\/logo-quinta-da-falorca-12x12.jpg 12w, https:\/\/garrafeiragrandeescolha.pt\/wp-content\/uploads\/2022\/06\/logo-quinta-da-falorca-100x100.jpg 100w, https:\/\/garrafeiragrandeescolha.pt\/wp-content\/uploads\/2022\/06\/logo-quinta-da-falorca.jpg 600w\" sizes=\"(max-width: 300px) 100vw, 300px\" \/><\/p>\n<p>Fundada pela fam\u00edlia Costa Barros de Figueiredo \u00e0 mais de 5 gera\u00e7\u00f5es, a quinta \u00e9 hoje composta por 4 vinhas com uma \u00e1rea de produ\u00e7\u00e3o de 13 ha &#8211; Vale de Escadinhas, Barreiro, Esmoitada e Falorca &#8211; na sub-regi\u00e3o de Silgueiros.<\/p>\n<p>As vinhas foram todas reconvertidas nos \u00faltimos 30 anos, fruto de um grande investimento, que tamb\u00e9m incidiu diretamente na produ\u00e7\u00e3o de vinho e na constru\u00e7\u00e3o de uma adega moderna.<\/p>\n<p>Dadas as suas condi\u00e7\u00f5es excepccionais, a Quinta Vale das Escadinhas possui 10 ha adicionais de \u00e1rea florestal e agr\u00edcola composta por olival, aveleiras e pinhal.<\/p>","protected":false},"excerpt":{"rendered":"<p>Castas: Touriga Nacional 100%<\/p>","protected":false},"featured_media":16220,"template":"","meta":{"_exactmetrics_skip_tracking":false,"_exactmetrics_sitenote_active":false,"_exactmetrics_sitenote_note":"","_exactmetrics_sitenote_category":0,"_uf_show_specific_survey":0,"_uf_disable_surveys":false,"iawp_total_views":0},"product_brand":[],"product_cat":[187,162,184,157],"product_tag":[],"class_list":{"0":"post-16219","1":"product","2":"type-product","3":"status-publish","4":"has-post-thumbnail","6":"product_cat-dao-tinto","7":"product_cat-raridades","8":"product_cat-tinto","9":"product_cat-vinhos","11":"first","12":"instock","13":"shipping-taxable","14":"purchasable","15":"product-type-simple"},"_links":{"self":[{"href":"https:\/\/garrafeiragrandeescolha.pt\/fr\/wp-json\/wp\/v2\/product\/16219","targetHints":{"allow":["GET"]}}],"collection":[{"href":"https:\/\/garrafeiragrandeescolha.pt\/fr\/wp-json\/wp\/v2\/product"}],"about":[{"href":"https:\/\/garrafeiragrandeescolha.pt\/fr\/wp-json\/wp\/v2\/types\/product"}],"wp:featuredmedia":[{"embeddable":true,"href":"https:\/\/garrafeiragrandeescolha.pt\/fr\/wp-json\/wp\/v2\/media\/16220"}],"wp:attachment":[{"href":"https:\/\/garrafeiragrandeescolha.pt\/fr\/wp-json\/wp\/v2\/media?parent=16219"}],"wp:term":[{"taxonomy":"product_brand","embeddable":true,"href":"https:\/\/garrafeiragrandeescolha.pt\/fr\/wp-json\/wp\/v2\/product_brand?post=16219"},{"taxonomy":"product_cat","embeddable":true,"href":"https:\/\/garrafeiragrandeescolha.pt\/fr\/wp-json\/wp\/v2\/product_cat?post=16219"},{"taxonomy":"product_tag","embeddable":true,"href":"https:\/\/garrafeiragrandeescolha.pt\/fr\/wp-json\/wp\/v2\/product_tag?post=16219"}],"curies":[{"name":"wp","href":"https:\/\/api.w.org\/{rel}","templated":true}]}}