{"id":16622,"date":"2022-10-28T10:31:23","date_gmt":"2022-10-28T10:31:23","guid":{"rendered":"https:\/\/garrafeiragrandeescolha.pt\/?post_type=product&#038;p=16622"},"modified":"2022-10-28T12:03:03","modified_gmt":"2022-10-28T12:03:03","slug":"chateau-de-montifaud-cognac-vsop-ariane-70cl","status":"publish","type":"product","link":"https:\/\/garrafeiragrandeescolha.pt\/fr\/produit\/chateau-de-montifaud-cognac-vsop-ariane-70cl\/","title":{"rendered":"Ch\u00e2teau de Montifaud VSOP Ariane Cognac 70cl"},"content":{"rendered":"<p><img fetchpriority=\"high\" decoding=\"async\" class=\"size-medium wp-image-16624 aligncenter\" src=\"http:\/\/garrafeiragrandeescolha.pt\/wp-content\/uploads\/2022\/10\/Chateux_Montifaud-logo-300x300.jpg\" alt=\"\" width=\"300\" height=\"300\" srcset=\"https:\/\/garrafeiragrandeescolha.pt\/wp-content\/uploads\/2022\/10\/Chateux_Montifaud-logo-300x300.jpg 300w, https:\/\/garrafeiragrandeescolha.pt\/wp-content\/uploads\/2022\/10\/Chateux_Montifaud-logo-150x150.jpg 150w, https:\/\/garrafeiragrandeescolha.pt\/wp-content\/uploads\/2022\/10\/Chateux_Montifaud-logo-768x768.jpg 768w, https:\/\/garrafeiragrandeescolha.pt\/wp-content\/uploads\/2022\/10\/Chateux_Montifaud-logo-12x12.jpg 12w, https:\/\/garrafeiragrandeescolha.pt\/wp-content\/uploads\/2022\/10\/Chateux_Montifaud-logo-600x600.jpg 600w, https:\/\/garrafeiragrandeescolha.pt\/wp-content\/uploads\/2022\/10\/Chateux_Montifaud-logo-100x100.jpg 100w, https:\/\/garrafeiragrandeescolha.pt\/wp-content\/uploads\/2022\/10\/Chateux_Montifaud-logo.jpg 800w\" sizes=\"(max-width: 300px) 100vw, 300px\" \/><\/p>\n<p>Le Ch\u00e2teau de Montifaud est d\u00e9finitivement une affaire de famille. Depuis six g\u00e9n\u00e9rations, la famille Vallet produit certaines des meilleures eaux-de-vie de France.<br \/>\nLe vignoble, cr\u00e9\u00e9 en 1837 par Augustin, a vu la succession se transmettre de g\u00e9n\u00e9ration en g\u00e9n\u00e9ration : Pierre, Maurice Louis et Michel. Puis, en octobre 2000, Laurent vient rejoindre son p\u00e8re et son grand-p\u00e8re. Selon la tradition familiale, lorsqu&#039;un fils rejoint son p\u00e8re pour travailler ensemble, une partie de l&#039;eau-de-vie distill\u00e9e cette ann\u00e9e-l\u00e0 est pr\u00e9cieusement r\u00e9serv\u00e9e et ne sera vendue que par les g\u00e9n\u00e9rations futures. C&#039;est ainsi que dans l&#039;obscurit\u00e9 de leur cave \u00ab Para\u00edso \u00bb se trouvent des bouteilles de cognac savamment \u00e9labor\u00e9es par Pierre et Maurice Vallet. Ces caves familiales ont \u00e9galement vu vieillir des cognacs datant de 1920 \u00e0 nos jours. Une partie de ces mill\u00e9simes a \u00e9t\u00e9 labellis\u00e9e par le BNIC (\u00ab Bureau National Interprofessionnel du Cognac \u00bb).<br \/>\nAu fil des g\u00e9n\u00e9rations, le vignoble s&#039;est \u00e9tendu sur plus de 125 hectares dans les deux principales r\u00e9gions viticoles du bassin de Cognac : en Grande et Petite Champagne, dont le sol contient une tr\u00e8s grande quantit\u00e9 de calcaire actif. Cette teneur en calcaire est un facteur pr\u00e9dominant dans la qualit\u00e9 de nos eaux-de-vie.<br \/>\nLe Ch\u00e2teau de Montifaud applique des techniques traditionnelles transmises de p\u00e8re en fils et combine en m\u00eame temps les nouvelles technologies d&#039;aujourd&#039;hui. Tout cela permet d&#039;accentuer les qualit\u00e9s naturelles des eaux-de-vie : les touches florales, la d\u00e9licatesse et l&#039;\u00e9l\u00e9gance du nez, la rondeur, la douceur et la longueur en finale.<\/p>","protected":false},"excerpt":{"rendered":"<p>Cette boisson spiritueuse a \u00e9t\u00e9 vieillie dans les caves Montifaud pendant 8 \u00e0 10 ans, dans les meilleurs f\u00fbts de ch\u00eane fran\u00e7ais, cr\u00e9ant une grande complexit\u00e9. Tous les raisins utilis\u00e9s dans ce Cognac VSOP (Very Special Old Pale) ont \u00e9t\u00e9 cultiv\u00e9s dans la Petite Champagne, consid\u00e9r\u00e9e comme l&#039;une des principales r\u00e9gions de Cognac.<\/p>\n<p>VSOP Ariane du Ch\u00e2teau de Montifaud est un cognac \u00e0 l&#039;ar\u00f4me intense de fleurs de vigne et de tilleul, plus pr\u00e9sent que dans VS. Un cognac fruit\u00e9 \u00e0 l&#039;ar\u00f4me de poire et d&#039;abricot o\u00f9 vous ressentirez \u00e9galement des touches de caramel, de raisin blanc doux, de noix de coco, d&#039;amande et une saveur fum\u00e9e.<br \/>\nPolyvalent et fin en bouche.<\/p>\n<p>Teneur en alcool\u00a0: 40%<\/p>","protected":false},"featured_media":16623,"template":"","meta":{"_exactmetrics_skip_tracking":false,"_exactmetrics_sitenote_active":false,"_exactmetrics_sitenote_note":"","_exactmetrics_sitenote_category":0,"_uf_show_specific_survey":0,"_uf_disable_surveys":false,"iawp_total_views":28},"product_brand":[],"product_cat":[158,181],"product_tag":[],"class_list":{"0":"post-16622","1":"product","2":"type-product","3":"status-publish","4":"has-post-thumbnail","6":"product_cat-espirituosos","7":"product_cat-cognac","9":"first","10":"instock","11":"shipping-taxable","12":"purchasable","13":"product-type-simple"},"_links":{"self":[{"href":"https:\/\/garrafeiragrandeescolha.pt\/fr\/wp-json\/wp\/v2\/product\/16622","targetHints":{"allow":["GET"]}}],"collection":[{"href":"https:\/\/garrafeiragrandeescolha.pt\/fr\/wp-json\/wp\/v2\/product"}],"about":[{"href":"https:\/\/garrafeiragrandeescolha.pt\/fr\/wp-json\/wp\/v2\/types\/product"}],"wp:featuredmedia":[{"embeddable":true,"href":"https:\/\/garrafeiragrandeescolha.pt\/fr\/wp-json\/wp\/v2\/media\/16623"}],"wp:attachment":[{"href":"https:\/\/garrafeiragrandeescolha.pt\/fr\/wp-json\/wp\/v2\/media?parent=16622"}],"wp:term":[{"taxonomy":"product_brand","embeddable":true,"href":"https:\/\/garrafeiragrandeescolha.pt\/fr\/wp-json\/wp\/v2\/product_brand?post=16622"},{"taxonomy":"product_cat","embeddable":true,"href":"https:\/\/garrafeiragrandeescolha.pt\/fr\/wp-json\/wp\/v2\/product_cat?post=16622"},{"taxonomy":"product_tag","embeddable":true,"href":"https:\/\/garrafeiragrandeescolha.pt\/fr\/wp-json\/wp\/v2\/product_tag?post=16622"}],"curies":[{"name":"wp","href":"https:\/\/api.w.org\/{rel}","templated":true}]}}