{"id":16642,"date":"2022-10-31T17:24:36","date_gmt":"2022-10-31T17:24:36","guid":{"rendered":"https:\/\/garrafeiragrandeescolha.pt\/?post_type=product&#038;p=16642"},"modified":"2024-08-21T17:00:00","modified_gmt":"2024-08-21T17:00:00","slug":"casa-de-saima-baga-garrafeira-tinto-2015-75cl","status":"publish","type":"product","link":"https:\/\/garrafeiragrandeescolha.pt\/fr\/produit\/casa-de-saima-baga-garrafeira-tinto-2015-75cl\/","title":{"rendered":"Casa de Saima Baga Garrafeira Tinto 2016 75cl"},"content":{"rendered":"<p><img decoding=\"async\" class=\"size-medium wp-image-16638 aligncenter\" src=\"http:\/\/garrafeiragrandeescolha.pt\/wp-content\/uploads\/2022\/10\/saima_600x600-300x146.webp\" alt=\"\" width=\"300\" height=\"146\" srcset=\"https:\/\/garrafeiragrandeescolha.pt\/wp-content\/uploads\/2022\/10\/saima_600x600-300x146.webp 300w, https:\/\/garrafeiragrandeescolha.pt\/wp-content\/uploads\/2022\/10\/saima_600x600-18x9.webp 18w, https:\/\/garrafeiragrandeescolha.pt\/wp-content\/uploads\/2022\/10\/saima_600x600.webp 550w\" sizes=\"(max-width: 300px) 100vw, 300px\" \/><\/p>\n<p>Situada no cora\u00e7\u00e3o da regi\u00e3o demarcada da Bairrada a Casa de Saima \u00e9 um dos produtores de elei\u00e7\u00e3o da Bairrada, estando ligada \u00e0 produ\u00e7\u00e3o de vinhos de qualidade h\u00e1 mais de meio s\u00e9culo. Uma paix\u00e3o de fam\u00edlia passada entre gera\u00e7\u00f5es. Move-os a procura de vinhos aut\u00eanticos, elaborados da forma mais natural poss\u00edvel, atrav\u00e9s de uma interven\u00e7\u00e3o m\u00ednima e cuidada, com o tempo e paci\u00eancia que a natureza requer para nos oferecer o seu melhor.<\/p>\n<p>Enquanto produtores e apaixonados pelos vinhos portugueses, a miss\u00e3o incentivar\u00a0 o gosto pelos vinhos da regi\u00e3o da Bairrada em todo o mundo, oferecendo o que de melhor temos em Portugal de forma diferenciadora e inovadora, ao mesmo tempo que respeitamos a nossa heran\u00e7a e tradi\u00e7\u00e3o.<\/p>","protected":false},"excerpt":{"rendered":"<p>O Casa de Saima Garrafeira \u00e9 produzido a partir da casta Baga, oriunda de vinhas muito velhas (com cerca de 80 anos) plantadas em solos areno-argilosos.<\/p>\n<p>As uvas s\u00e3o fermentadas em lagares abertos, de pequena dimens\u00e3o, com submers\u00e3o peri\u00f3dica das pel\u00edculas visando uma maior extrac\u00e7\u00e3o de cor e compostos \u00fateis. Este vinho estagia durante 24 meses em toneis de madeira e 1 ano em garrafa.<\/p>\n<p>Trata-se de um vinho elegante com notas de frutos vermelhos bem maduros de elevado requinte. Macio e aveludado com taninos muito civilizados, apresenta um final longo, completo e aut\u00eantico segundo a sua nobre tradi\u00e7\u00e3o.<\/p>","protected":false},"featured_media":16643,"template":"","meta":{"_exactmetrics_skip_tracking":false,"_exactmetrics_sitenote_active":false,"_exactmetrics_sitenote_note":"","_exactmetrics_sitenote_category":0,"_uf_show_specific_survey":0,"_uf_disable_surveys":false,"iawp_total_views":54},"product_brand":[],"product_cat":[157,201,184,208],"product_tag":[],"class_list":{"0":"post-16642","1":"product","2":"type-product","3":"status-publish","4":"has-post-thumbnail","6":"product_cat-vinhos","7":"product_cat-grandes-vinhos","8":"product_cat-tinto","9":"product_cat-bairrada","11":"first","12":"instock","13":"shipping-taxable","14":"purchasable","15":"product-type-simple"},"_links":{"self":[{"href":"https:\/\/garrafeiragrandeescolha.pt\/fr\/wp-json\/wp\/v2\/product\/16642","targetHints":{"allow":["GET"]}}],"collection":[{"href":"https:\/\/garrafeiragrandeescolha.pt\/fr\/wp-json\/wp\/v2\/product"}],"about":[{"href":"https:\/\/garrafeiragrandeescolha.pt\/fr\/wp-json\/wp\/v2\/types\/product"}],"wp:featuredmedia":[{"embeddable":true,"href":"https:\/\/garrafeiragrandeescolha.pt\/fr\/wp-json\/wp\/v2\/media\/16643"}],"wp:attachment":[{"href":"https:\/\/garrafeiragrandeescolha.pt\/fr\/wp-json\/wp\/v2\/media?parent=16642"}],"wp:term":[{"taxonomy":"product_brand","embeddable":true,"href":"https:\/\/garrafeiragrandeescolha.pt\/fr\/wp-json\/wp\/v2\/product_brand?post=16642"},{"taxonomy":"product_cat","embeddable":true,"href":"https:\/\/garrafeiragrandeescolha.pt\/fr\/wp-json\/wp\/v2\/product_cat?post=16642"},{"taxonomy":"product_tag","embeddable":true,"href":"https:\/\/garrafeiragrandeescolha.pt\/fr\/wp-json\/wp\/v2\/product_tag?post=16642"}],"curies":[{"name":"wp","href":"https:\/\/api.w.org\/{rel}","templated":true}]}}