{"id":16708,"date":"2022-11-08T12:54:47","date_gmt":"2022-11-08T12:54:47","guid":{"rendered":"https:\/\/garrafeiragrandeescolha.pt\/?post_type=product&#038;p=16708"},"modified":"2024-10-29T12:45:41","modified_gmt":"2024-10-29T12:45:41","slug":"pintas-character-tinto-2020-75cl","status":"publish","type":"product","link":"https:\/\/garrafeiragrandeescolha.pt\/fr\/produit\/pintas-character-tinto-2020-75cl\/","title":{"rendered":"Pintas Character Tinto 2021 75cl"},"content":{"rendered":"<p><img decoding=\"async\" class=\"size-medium wp-image-16419 aligncenter\" src=\"http:\/\/garrafeiragrandeescolha.pt\/wp-content\/uploads\/2022\/09\/wine-soul-logo-300x63.png\" alt=\"\" width=\"300\" height=\"63\" srcset=\"https:\/\/garrafeiragrandeescolha.pt\/wp-content\/uploads\/2022\/09\/wine-soul-logo-300x63.png 300w, https:\/\/garrafeiragrandeescolha.pt\/wp-content\/uploads\/2022\/09\/wine-soul-logo-18x4.png 18w, https:\/\/garrafeiragrandeescolha.pt\/wp-content\/uploads\/2022\/09\/wine-soul-logo.png 487w\" sizes=\"(max-width: 300px) 100vw, 300px\" \/><\/p>\n<p>Fundada em 2001 pelo casal de en\u00f3logos Sandra Tavares da Silva e Jorge Ser\u00f4dio Borges, que t\u00eam\u00a0 investido e comprado vinhas velhas e propriedades no vale do Rio Pinh\u00e3o.<br \/>\n\u201cO nosso objectivo \u00e9 criar vinhos que expressem todo o car\u00e1cter das vinhas velhas e castas ind\u00edgenas do Douro, procurando o equil\u00edbrio entre a concentra\u00e7\u00e3o, complexidade e eleg\u00e2ncia.\u201d<\/p>","protected":false},"excerpt":{"rendered":"<p>Castas: Vinhas velhas com cerca de 30 castas aut\u00f3ctones.<\/p>\n<p>Impressionante no nariz com notas frescas de ameixa, amora e cereja preta com notas subtis de especiarias. Boa textura e concentra\u00e7\u00e3o, com taninos excelentes e final longo.<\/p>","protected":false},"featured_media":16709,"template":"","meta":{"_exactmetrics_skip_tracking":false,"_exactmetrics_sitenote_active":false,"_exactmetrics_sitenote_note":"","_exactmetrics_sitenote_category":0,"_uf_show_specific_survey":0,"_uf_disable_surveys":false,"iawp_total_views":42},"product_brand":[],"product_cat":[162,157,201,184,215],"product_tag":[],"class_list":{"0":"post-16708","1":"product","2":"type-product","3":"status-publish","4":"has-post-thumbnail","6":"product_cat-raridades","7":"product_cat-vinhos","8":"product_cat-grandes-vinhos","9":"product_cat-tinto","10":"product_cat-douro","12":"first","13":"instock","14":"shipping-taxable","15":"purchasable","16":"product-type-simple"},"_links":{"self":[{"href":"https:\/\/garrafeiragrandeescolha.pt\/fr\/wp-json\/wp\/v2\/product\/16708","targetHints":{"allow":["GET"]}}],"collection":[{"href":"https:\/\/garrafeiragrandeescolha.pt\/fr\/wp-json\/wp\/v2\/product"}],"about":[{"href":"https:\/\/garrafeiragrandeescolha.pt\/fr\/wp-json\/wp\/v2\/types\/product"}],"wp:featuredmedia":[{"embeddable":true,"href":"https:\/\/garrafeiragrandeescolha.pt\/fr\/wp-json\/wp\/v2\/media\/16709"}],"wp:attachment":[{"href":"https:\/\/garrafeiragrandeescolha.pt\/fr\/wp-json\/wp\/v2\/media?parent=16708"}],"wp:term":[{"taxonomy":"product_brand","embeddable":true,"href":"https:\/\/garrafeiragrandeescolha.pt\/fr\/wp-json\/wp\/v2\/product_brand?post=16708"},{"taxonomy":"product_cat","embeddable":true,"href":"https:\/\/garrafeiragrandeescolha.pt\/fr\/wp-json\/wp\/v2\/product_cat?post=16708"},{"taxonomy":"product_tag","embeddable":true,"href":"https:\/\/garrafeiragrandeescolha.pt\/fr\/wp-json\/wp\/v2\/product_tag?post=16708"}],"curies":[{"name":"wp","href":"https:\/\/api.w.org\/{rel}","templated":true}]}}