{"id":16719,"date":"2022-11-09T16:26:07","date_gmt":"2022-11-09T16:26:07","guid":{"rendered":"https:\/\/garrafeiragrandeescolha.pt\/?post_type=product&#038;p=16719"},"modified":"2025-01-10T09:34:42","modified_gmt":"2025-01-10T09:34:42","slug":"vodka-grey-goose-70cl","status":"publish","type":"product","link":"https:\/\/garrafeiragrandeescolha.pt\/fr\/produit\/vodka-grey-goose-70cl\/","title":{"rendered":"Vodka Grey Goose 70cl"},"content":{"rendered":"<p><img decoding=\"async\" class=\"size-full wp-image-16721 aligncenter\" src=\"http:\/\/garrafeiragrandeescolha.pt\/wp-content\/uploads\/2022\/11\/grey-goose-logo.png\" alt=\"\" width=\"300\" height=\"137\" srcset=\"https:\/\/garrafeiragrandeescolha.pt\/wp-content\/uploads\/2022\/11\/grey-goose-logo.png 300w, https:\/\/garrafeiragrandeescolha.pt\/wp-content\/uploads\/2022\/11\/grey-goose-logo-18x8.png 18w\" sizes=\"(max-width: 300px) 100vw, 300px\" \/><\/p>\n<p><span class=\"cx-segment\" data-segmentid=\"50\">Grey Goose foi criado por Sidney Frank Importing Co (SFIC).<\/span>\u00a0<span class=\"cx-segment\" data-segmentid=\"51\">Sidney Frank, CEO fundador da empresa, desenvolveu a ideia no ver\u00e3o de 1996.<\/span>\u00a0<span class=\"cx-segment\" data-segmentid=\"53\">A ideia da Grey Goose era desenvolver uma vodca de luxo para o mercado americano.<\/span>\u00a0<span class=\"cx-segment\" data-segmentid=\"54\">A SFIC formou uma parceria com o produtor de conhaque\u00a0Fran\u00e7ois Thibault\u00a0(um franc\u00eas\u00a0<i>Ma\u00eetre de Chai<\/i>, ou C\u00f4nego Master) na Fran\u00e7a, a fim de fazer a transi\u00e7\u00e3o de suas habilidades do conhaque para a produ\u00e7\u00e3o de vodca.<\/span><\/p>\n<p><span class=\"cx-segment\" data-segmentid=\"56\">A empresa selecionou a Fran\u00e7a devido \u00e0 hist\u00f3ria culin\u00e1ria do pa\u00eds e se diferenciou de outras vodcas produzidas na Europa Oriental.<\/span>\u00a0<span class=\"cx-segment\" data-segmentid=\"57\">A \u00e1gua usada para produzir a vodca veio de nascentes naturais na Fran\u00e7a, filtradas atrav\u00e9s de\u00a0calc\u00e1rio\u00a0de Champagne e feitas com trigo franc\u00eas produzido localmente.<\/span>\u00a0<span class=\"cx-segment\" data-segmentid=\"59\">A empresa tamb\u00e9m desenvolveu seu distinto frasco de vidro fum\u00ea com gansos franceses em voo e entregou seu produto em caixotes de madeira semelhantes ao vinho.<\/span><\/p>\n<p><span class=\"cx-segment\" data-segmentid=\"60\">Em 1998, a Grey Goose foi nomeada a vodca de melhor sabor do mundo pelo\u00a0Beverage Testing Institute.<\/span>\u00a0<span class=\"cx-segment\" data-segmentid=\"62\">A empresa acabou sendo vendida para a\u00a0Bacardi\u00a0por 2,2 bilh\u00f5es de d\u00f3lares em agosto de 2004.<\/span>\u00a0<span class=\"cx-segment\" data-segmentid=\"64\">Naquele ano, a Grey Goose foi a vodca de marca premium mais vendida nos Estados Unidos.<\/span>\u00a0<span class=\"cx-segment\" data-segmentid=\"65\">A empresa vendeu mais de 1,5 milh\u00e3o de caixas naquele ano.<sup id=\"cite_ref-4\" class=\"reference\"><\/sup><\/span><\/p>","protected":false},"excerpt":{"rendered":"<p>Esta vodka extraordin\u00e1ria \u00e9 feita com os melhores ingredientes da Fran\u00e7a, o trigo macio de inverno e a \u00e1gua mineral de Gensac.<\/p>\n<p>A GREY GOOSE\u00ae \u00e9 o resultado da determina\u00e7\u00e3o absoluta para criar uma vodka francesa diferente de qualquer outra. Em cada garrafa de GREY GOOSE\u00ae est\u00e1 presente a ess\u00eancia dos ingredientes franceses da melhor qualidade: o trigo macio de inverno de Picardia e suas proximidades, em combina\u00e7\u00e3o com a \u00e1gua mineral pura de Gensac, na regi\u00e3o de Cognac. Ambos cultivados e levados do campo para a garrafa, atrav\u00e9s de um processo exclusivo elaborado e controlado pelo empenho e as habilidades extraordin\u00e1rias do nosso Mestre de Adega, Fran\u00e7ois Thibault.<\/p>","protected":false},"featured_media":16720,"template":"","meta":{"_exactmetrics_skip_tracking":false,"_exactmetrics_sitenote_active":false,"_exactmetrics_sitenote_note":"","_exactmetrics_sitenote_category":0,"_uf_show_specific_survey":0,"_uf_disable_surveys":false,"iawp_total_views":44},"product_brand":[],"product_cat":[158,200],"product_tag":[],"class_list":{"0":"post-16719","1":"product","2":"type-product","3":"status-publish","4":"has-post-thumbnail","6":"product_cat-espirituosos","7":"product_cat-vodka","9":"first","10":"instock","11":"shipping-taxable","12":"purchasable","13":"product-type-simple"},"_links":{"self":[{"href":"https:\/\/garrafeiragrandeescolha.pt\/fr\/wp-json\/wp\/v2\/product\/16719","targetHints":{"allow":["GET"]}}],"collection":[{"href":"https:\/\/garrafeiragrandeescolha.pt\/fr\/wp-json\/wp\/v2\/product"}],"about":[{"href":"https:\/\/garrafeiragrandeescolha.pt\/fr\/wp-json\/wp\/v2\/types\/product"}],"wp:featuredmedia":[{"embeddable":true,"href":"https:\/\/garrafeiragrandeescolha.pt\/fr\/wp-json\/wp\/v2\/media\/16720"}],"wp:attachment":[{"href":"https:\/\/garrafeiragrandeescolha.pt\/fr\/wp-json\/wp\/v2\/media?parent=16719"}],"wp:term":[{"taxonomy":"product_brand","embeddable":true,"href":"https:\/\/garrafeiragrandeescolha.pt\/fr\/wp-json\/wp\/v2\/product_brand?post=16719"},{"taxonomy":"product_cat","embeddable":true,"href":"https:\/\/garrafeiragrandeescolha.pt\/fr\/wp-json\/wp\/v2\/product_cat?post=16719"},{"taxonomy":"product_tag","embeddable":true,"href":"https:\/\/garrafeiragrandeescolha.pt\/fr\/wp-json\/wp\/v2\/product_tag?post=16719"}],"curies":[{"name":"wp","href":"https:\/\/api.w.org\/{rel}","templated":true}]}}