{"id":16746,"date":"2022-11-10T16:47:08","date_gmt":"2022-11-10T16:47:08","guid":{"rendered":"https:\/\/garrafeiragrandeescolha.pt\/?post_type=product&#038;p=16746"},"modified":"2023-03-23T18:31:24","modified_gmt":"2023-03-23T18:31:24","slug":"cognac-camus-vs-70cl","status":"publish","type":"product","link":"https:\/\/garrafeiragrandeescolha.pt\/fr\/produit\/cognac-camus-vs-70cl\/","title":{"rendered":"Cognac Camus VS 70cl"},"content":{"rendered":"<p><img fetchpriority=\"high\" decoding=\"async\" class=\"size-medium wp-image-16747 aligncenter\" src=\"http:\/\/garrafeiragrandeescolha.pt\/wp-content\/uploads\/2022\/11\/Camus-logo-300x169.jpg\" alt=\"\" width=\"300\" height=\"169\" srcset=\"https:\/\/garrafeiragrandeescolha.pt\/wp-content\/uploads\/2022\/11\/Camus-logo-300x169.jpg 300w, https:\/\/garrafeiragrandeescolha.pt\/wp-content\/uploads\/2022\/11\/Camus-logo-1024x576.jpg 1024w, https:\/\/garrafeiragrandeescolha.pt\/wp-content\/uploads\/2022\/11\/Camus-logo-768x432.jpg 768w, https:\/\/garrafeiragrandeescolha.pt\/wp-content\/uploads\/2022\/11\/Camus-logo-18x10.jpg 18w, https:\/\/garrafeiragrandeescolha.pt\/wp-content\/uploads\/2022\/11\/Camus-logo-600x338.jpg 600w, https:\/\/garrafeiragrandeescolha.pt\/wp-content\/uploads\/2022\/11\/Camus-logo.jpg 1280w\" sizes=\"(max-width: 300px) 100vw, 300px\" \/><\/p>\n<p>Camus Cognac<span>\u00a0\u00e9 uma marca de conhaque que foi produzida por cinco gera\u00e7\u00f5es da fam\u00edlia Camus, desde 1863, quando Jean-Baptiste Camus organizou um grupo de produtores para vender\u00a0<\/span><span>conhaque<\/span><span>\u00a0sob a marca &#8216;La Grande Marque&#8217;.<\/span><\/p>\n<p><span>Hoje, Cyril Camus \u2013 a quinta gera\u00e7\u00e3o da fam\u00edlia Camus \u2013 lidera a empresa que conta com 500 funcion\u00e1rios em oito pa\u00edses em tr\u00eas continentes.\u00a0Os produtos Camus s\u00e3o vendidos na maioria dos pa\u00edses do mundo, em quase todos os aeroportos internacionais e a bordo de um grande n\u00famero de companhias a\u00e9reas.<\/span><\/p>\n<p>&nbsp;<\/p>","protected":false},"excerpt":{"rendered":"<p>O Cognac mais rico em aromas frutados dentro da categoria.<span>Destilado com borras e envelhecido apenas em pequenas barricas de carvalho franc\u00eas de gr\u00e3o fino, nosso Very Special possui uma concentra\u00e7\u00e3o extremamente alta em \u00e9steres, resultando em sabores intensos de frutas de ver\u00e3o e especiarias sutis.<\/span><\/p>\n<p><span>CAMUS Very Special \u00e9 uma mistura cuidadosa de eaux-de-vie que reflete os sabores por excel\u00eancia do terroir Charente, caracterizado por aromas frutados ricos com notas de especiarias.\u00a0Este perfil \u00e9 o resultado de uma destila\u00e7\u00e3o que visa especificamente a valoriza\u00e7\u00e3o de componentes altamente arom\u00e1ticos e de um cuidadoso processo de degusta\u00e7\u00e3o pelo Cellar Master ao longo de todo o per\u00edodo de matura\u00e7\u00e3o para estabelecer a combina\u00e7\u00e3o perfeita de barricas para o \u00abAssemblage\u00bb final deste conhaque intensamente arom\u00e1tico .<\/span><\/p>\n<p>CAMUS COGNAC NOTAS DE PROVA MUITO ESPECIAIS<\/p>\n<p><span>Este Very Special Cognac revela uma cor dourada profunda com reflexos \u00e2mbar brilhantes.\u00a0No nariz, irradia notas muito florais de jasmim e violeta.\u00a0Na boca, ressoa com notas de manga fresca, p\u00eara e am\u00eandoas doces, acompanhadas de taninos finos e delicados.\u00a0Premiado com ouro no World Spirits Competition em San Francisco.<\/span><\/p>","protected":false},"featured_media":16748,"template":"","meta":{"_exactmetrics_skip_tracking":false,"_exactmetrics_sitenote_active":false,"_exactmetrics_sitenote_note":"","_exactmetrics_sitenote_category":0,"_uf_show_specific_survey":0,"_uf_disable_surveys":false,"iawp_total_views":59},"product_brand":[],"product_cat":[158,181],"product_tag":[],"class_list":{"0":"post-16746","1":"product","2":"type-product","3":"status-publish","4":"has-post-thumbnail","6":"product_cat-espirituosos","7":"product_cat-cognac","9":"first","10":"instock","11":"shipping-taxable","12":"purchasable","13":"product-type-simple"},"_links":{"self":[{"href":"https:\/\/garrafeiragrandeescolha.pt\/fr\/wp-json\/wp\/v2\/product\/16746","targetHints":{"allow":["GET"]}}],"collection":[{"href":"https:\/\/garrafeiragrandeescolha.pt\/fr\/wp-json\/wp\/v2\/product"}],"about":[{"href":"https:\/\/garrafeiragrandeescolha.pt\/fr\/wp-json\/wp\/v2\/types\/product"}],"wp:featuredmedia":[{"embeddable":true,"href":"https:\/\/garrafeiragrandeescolha.pt\/fr\/wp-json\/wp\/v2\/media\/16748"}],"wp:attachment":[{"href":"https:\/\/garrafeiragrandeescolha.pt\/fr\/wp-json\/wp\/v2\/media?parent=16746"}],"wp:term":[{"taxonomy":"product_brand","embeddable":true,"href":"https:\/\/garrafeiragrandeescolha.pt\/fr\/wp-json\/wp\/v2\/product_brand?post=16746"},{"taxonomy":"product_cat","embeddable":true,"href":"https:\/\/garrafeiragrandeescolha.pt\/fr\/wp-json\/wp\/v2\/product_cat?post=16746"},{"taxonomy":"product_tag","embeddable":true,"href":"https:\/\/garrafeiragrandeescolha.pt\/fr\/wp-json\/wp\/v2\/product_tag?post=16746"}],"curies":[{"name":"wp","href":"https:\/\/api.w.org\/{rel}","templated":true}]}}