{"id":16789,"date":"2022-11-16T17:49:10","date_gmt":"2022-11-16T17:49:10","guid":{"rendered":"https:\/\/garrafeiragrandeescolha.pt\/?post_type=product&#038;p=16789"},"modified":"2025-02-19T18:55:09","modified_gmt":"2025-02-19T18:55:09","slug":"auru-tinto-2009-75cl","status":"publish","type":"product","link":"https:\/\/garrafeiragrandeescolha.pt\/fr\/produit\/auru-tinto-2009-75cl\/","title":{"rendered":"Auru Rouge 2009 75cl"},"content":{"rendered":"<p><img decoding=\"async\" class=\"size-full wp-image-15400 aligncenter\" src=\"http:\/\/garrafeiragrandeescolha.pt\/wp-content\/uploads\/2022\/02\/portal-logo.png\" alt=\"\" width=\"188\" height=\"186\" srcset=\"https:\/\/garrafeiragrandeescolha.pt\/wp-content\/uploads\/2022\/02\/portal-logo.png 188w, https:\/\/garrafeiragrandeescolha.pt\/wp-content\/uploads\/2022\/02\/portal-logo-100x100.png 100w\" sizes=\"(max-width: 188px) 100vw, 188px\" \/><\/p>\n<p>A\u00a0Quinta do Portal \u00e9 uma casa portuguesa, familiar e independente que abra\u00e7ou com toda a paix\u00e3o o conceito de \u201cBoutique Winery\u201d. Dedica-se \u00e0 produ\u00e7\u00e3o de vinhos do Douro, Vinhos do Porto de categorias especiais, e ainda Moscat\u00e9is e Azeite.<\/p>\n<p>Ce projet s&#039;est concr\u00e9tis\u00e9 au d\u00e9but des ann\u00e9es 90 du si\u00e8cle. XX, \u00e9tait bas\u00e9e sur la Quinta dos Muros, une propri\u00e9t\u00e9 centenaire de la famille Mansilha, et sur le vin de Porto qui y \u00e9tait produit depuis 4 g\u00e9n\u00e9rations. Avec une vision d&#039;avenir, il a imm\u00e9diatement investi dans la cr\u00e9ation de vins du Douro de classe mondiale, faisant partie du premier groupe de la nouvelle g\u00e9n\u00e9ration de producteurs du Douro qui, \u00e0 temps, ont cru au potentiel des vins tranquilles du Douro.<\/p>\n<p>Aux commandes de l&#039;\u0153nologie et de la production se trouve Paulo Coutinho, qui est chez nous depuis 1994. Avec l&#039;appui technique de Pascal Chatonnet sur les vins du Douro depuis 1992, et a \u00e9galement eu le privil\u00e8ge de travailler avec Jeremy Bull sur les vins de Porto au tournant du si\u00e8cle .<\/p>\n<p>La qualit\u00e9 a toujours \u00e9t\u00e9 la devise, comme en t\u00e9moignent les nombreuses distinctions nationales et internationales d\u00e9cern\u00e9es tant aux vins et huiles d&#039;olive qu&#039;aux diff\u00e9rents services de Quinta do Portal.<\/p>\n<p>Les vignobles de Quinta do Portal sont dans le processus de Production Int\u00e9gr\u00e9e, qui n\u00e9cessite le respect de certaines normes afin de garantir la protection de l&#039;environnement.<br \/>\nMembres du Protocole de Porto, un mouvement dont les valeurs sont la DURABILIT\u00c9, l&#039;OPTIMISME et le PARTAGE \u00e0 travers la responsabilit\u00e9, la collaboration et l&#039;engagement. La Mission est de promouvoir une action collaborative en r\u00e9unissant un r\u00e9seau d&#039;\u00ab acteurs \u00bb du changement et des solutions r\u00e9alisables en termes de climat pour le monde du vin, et la Vision est d&#039;avoir un monde o\u00f9 les entreprises unissent leurs forces et agissent ensemble pour retarder et changer. le climat change.<\/p>\n<p>Dans les vignes, certaines des pratiques utilis\u00e9es comprennent :<br \/>\n&gt; non mobilisation du sol entre les rangs ;<br \/>\n&gt; incorporation du bois de chauffe de taille dans le sol ;<br \/>\n&gt; pas d&#039;utilisation d&#039;herbicides r\u00e9siduels ;<br \/>\n&gt; faibles d\u00e9bits volumiques lors de l&#039;application de produits phytopharmaceutiques ;<br \/>\n&gt; utilisation croissante de correctifs organiques ;<br \/>\n&gt; strat\u00e9gie consistant \u00e0 appliquer des produits phytosanitaires uniquement lorsque le niveau \u00e9conomique d&#039;attaque est atteint ;<br \/>\n&gt; plantation de vignes dans un syst\u00e8me \u00ab Vinha ao Alto \u00bb jusqu&#039;\u00e0 40% de pente du sol, et de 40 \u00e0 60% plantation en terrasses avec rang de vignes. Cela \u00e9vite l&#039;utilisation d&#039;herbicides sur les pentes, et leur hauteur est \u00e9galement plus faible.<\/p>\n<p>Avec les pratiques d\u00e9crites, il est possible de prot\u00e9ger les organismes auxiliaires, notamment ceux de la famille des coccinelles.<br \/>\nA noter \u00e9galement la r\u00e9apparition de troupeaux de perdrix dans les vignes.<\/p>","protected":false},"excerpt":{"rendered":"<p>O uso de diferentes variedades para a obten\u00e7\u00e3o de vinhos completos e complexos, \u00e9 algo que o Douro domina devido \u00e0 larga experi\u00eancia acumulada ao longo de s\u00e9culos.Estes vinhos possuem uma invej\u00e1vel capacidade de envelhecimento em garrafa.<\/p>\n<p>Tal como em 2007, decidimos uma vez mais trazer a Touriga Franca para o lote do que foi inicialmente um bivarietal. Este 2009 mostra uma concentrada cor violeta, revela no aroma aromas de frutos pretos, floral em evid\u00eancia e mineral. Mostrar\u00e1 enquanto jovem uma presen\u00e7a expressiva que beneficiar\u00e1 com algum envelhecimento em garrafa, harmonia e eleg\u00e2ncia. Encontra-se enquanto novo, algo t\u00edmido, uma forte estrutura e concentra\u00e7\u00e3o mostrando-se no fim de prova mais harmonioso deixando um longo e complexo final.<\/p>","protected":false},"featured_media":16790,"template":"","meta":{"_exactmetrics_skip_tracking":false,"_exactmetrics_sitenote_active":false,"_exactmetrics_sitenote_note":"","_exactmetrics_sitenote_category":0,"_uf_show_specific_survey":0,"_uf_disable_surveys":false,"iawp_total_views":112},"product_brand":[],"product_cat":[162,157,201,184,215],"product_tag":[],"class_list":{"0":"post-16789","1":"product","2":"type-product","3":"status-publish","4":"has-post-thumbnail","6":"product_cat-raridades","7":"product_cat-vinhos","8":"product_cat-grandes-vinhos","9":"product_cat-tinto","10":"product_cat-douro","12":"first","13":"instock","14":"shipping-taxable","15":"purchasable","16":"product-type-simple"},"_links":{"self":[{"href":"https:\/\/garrafeiragrandeescolha.pt\/fr\/wp-json\/wp\/v2\/product\/16789","targetHints":{"allow":["GET"]}}],"collection":[{"href":"https:\/\/garrafeiragrandeescolha.pt\/fr\/wp-json\/wp\/v2\/product"}],"about":[{"href":"https:\/\/garrafeiragrandeescolha.pt\/fr\/wp-json\/wp\/v2\/types\/product"}],"wp:featuredmedia":[{"embeddable":true,"href":"https:\/\/garrafeiragrandeescolha.pt\/fr\/wp-json\/wp\/v2\/media\/16790"}],"wp:attachment":[{"href":"https:\/\/garrafeiragrandeescolha.pt\/fr\/wp-json\/wp\/v2\/media?parent=16789"}],"wp:term":[{"taxonomy":"product_brand","embeddable":true,"href":"https:\/\/garrafeiragrandeescolha.pt\/fr\/wp-json\/wp\/v2\/product_brand?post=16789"},{"taxonomy":"product_cat","embeddable":true,"href":"https:\/\/garrafeiragrandeescolha.pt\/fr\/wp-json\/wp\/v2\/product_cat?post=16789"},{"taxonomy":"product_tag","embeddable":true,"href":"https:\/\/garrafeiragrandeescolha.pt\/fr\/wp-json\/wp\/v2\/product_tag?post=16789"}],"curies":[{"name":"wp","href":"https:\/\/api.w.org\/{rel}","templated":true}]}}