{"id":16848,"date":"2022-11-25T18:04:33","date_gmt":"2022-11-25T18:04:33","guid":{"rendered":"https:\/\/garrafeiragrandeescolha.pt\/?post_type=product&#038;p=16848"},"modified":"2024-11-06T12:07:36","modified_gmt":"2024-11-06T12:07:36","slug":"selores-selection-tinto-2019-75cl","status":"publish","type":"product","link":"https:\/\/garrafeiragrandeescolha.pt\/fr\/produit\/selores-selection-tinto-2019-75cl\/","title":{"rendered":"Selores Selection Tinto 2019 75cl"},"content":{"rendered":"<p><img fetchpriority=\"high\" decoding=\"async\" class=\"size-medium wp-image-16849 aligncenter\" src=\"http:\/\/garrafeiragrandeescolha.pt\/wp-content\/uploads\/2022\/11\/selores-logo-300x300.png\" alt=\"\" width=\"300\" height=\"300\" srcset=\"https:\/\/garrafeiragrandeescolha.pt\/wp-content\/uploads\/2022\/11\/selores-logo-300x300.png 300w, https:\/\/garrafeiragrandeescolha.pt\/wp-content\/uploads\/2022\/11\/selores-logo-150x150.png 150w, https:\/\/garrafeiragrandeescolha.pt\/wp-content\/uploads\/2022\/11\/selores-logo-768x768.png 768w, https:\/\/garrafeiragrandeescolha.pt\/wp-content\/uploads\/2022\/11\/selores-logo-12x12.png 12w, https:\/\/garrafeiragrandeescolha.pt\/wp-content\/uploads\/2022\/11\/selores-logo-600x600.png 600w, https:\/\/garrafeiragrandeescolha.pt\/wp-content\/uploads\/2022\/11\/selores-logo-100x100.png 100w, https:\/\/garrafeiragrandeescolha.pt\/wp-content\/uploads\/2022\/11\/selores-logo.png 857w\" sizes=\"(max-width: 300px) 100vw, 300px\" \/><\/p>\n<p>Quinta dos Selores Feitosa Douro Tinto \u2013 Ap\u00f3s alguns anos de incerteza e percal\u00e7os, o sonho realizou-se para g\u00e1udio de toda a fam\u00edlia. Constru\u00edda em 2009, representa o sonho, a persist\u00eancia e o empreendedorismo de uma gera\u00e7\u00e3o.<br \/>\nSelores representa qualidade e dedica\u00e7\u00e3o.<\/p>","protected":false},"excerpt":{"rendered":"<div dir=\"auto\">Selores Selection \u00e9 um vinho surpreendente, que deve ser decantado. Um vinho com perfil elegante e que revela o melhor das castas com que foi produzido, Touriga Franca e Touriga Nacional, de vinhas com idade superior a 30 anos. Tem cor intensa e carregada.<\/div>\n<div dir=\"auto\">Na boca \u00e9 um vinho sedutor, suave, com boa estrutura, grande intensidade e complexidade com notas florais.<\/div>","protected":false},"featured_media":16854,"template":"","meta":{"_exactmetrics_skip_tracking":false,"_exactmetrics_sitenote_active":false,"_exactmetrics_sitenote_note":"","_exactmetrics_sitenote_category":0,"_uf_show_specific_survey":0,"_uf_disable_surveys":false,"iawp_total_views":104},"product_brand":[],"product_cat":[157,184,215],"product_tag":[],"class_list":{"0":"post-16848","1":"product","2":"type-product","3":"status-publish","4":"has-post-thumbnail","6":"product_cat-vinhos","7":"product_cat-tinto","8":"product_cat-douro","10":"first","11":"instock","12":"shipping-taxable","13":"purchasable","14":"product-type-simple"},"_links":{"self":[{"href":"https:\/\/garrafeiragrandeescolha.pt\/fr\/wp-json\/wp\/v2\/product\/16848","targetHints":{"allow":["GET"]}}],"collection":[{"href":"https:\/\/garrafeiragrandeescolha.pt\/fr\/wp-json\/wp\/v2\/product"}],"about":[{"href":"https:\/\/garrafeiragrandeescolha.pt\/fr\/wp-json\/wp\/v2\/types\/product"}],"wp:featuredmedia":[{"embeddable":true,"href":"https:\/\/garrafeiragrandeescolha.pt\/fr\/wp-json\/wp\/v2\/media\/16854"}],"wp:attachment":[{"href":"https:\/\/garrafeiragrandeescolha.pt\/fr\/wp-json\/wp\/v2\/media?parent=16848"}],"wp:term":[{"taxonomy":"product_brand","embeddable":true,"href":"https:\/\/garrafeiragrandeescolha.pt\/fr\/wp-json\/wp\/v2\/product_brand?post=16848"},{"taxonomy":"product_cat","embeddable":true,"href":"https:\/\/garrafeiragrandeescolha.pt\/fr\/wp-json\/wp\/v2\/product_cat?post=16848"},{"taxonomy":"product_tag","embeddable":true,"href":"https:\/\/garrafeiragrandeescolha.pt\/fr\/wp-json\/wp\/v2\/product_tag?post=16848"}],"curies":[{"name":"wp","href":"https:\/\/api.w.org\/{rel}","templated":true}]}}