{"id":17145,"date":"2023-01-19T18:12:05","date_gmt":"2023-01-19T18:12:05","guid":{"rendered":"https:\/\/garrafeiragrandeescolha.pt\/?post_type=product&#038;p=17145"},"modified":"2023-08-03T10:07:26","modified_gmt":"2023-08-03T10:07:26","slug":"sei-la-branco-75cl","status":"publish","type":"product","link":"https:\/\/garrafeiragrandeescolha.pt\/fr\/produit\/sei-la-branco-75cl\/","title":{"rendered":"Sei l\u00e1 Branco 75cl"},"content":{"rendered":"<p><img fetchpriority=\"high\" decoding=\"async\" class=\"size-medium wp-image-16784 aligncenter\" src=\"http:\/\/garrafeiragrandeescolha.pt\/wp-content\/uploads\/2022\/11\/morais-rocha-logo-300x200.jpg\" alt=\"\" width=\"300\" height=\"200\" srcset=\"https:\/\/garrafeiragrandeescolha.pt\/wp-content\/uploads\/2022\/11\/morais-rocha-logo-300x200.jpg 300w, https:\/\/garrafeiragrandeescolha.pt\/wp-content\/uploads\/2022\/11\/morais-rocha-logo-18x12.jpg 18w, https:\/\/garrafeiragrandeescolha.pt\/wp-content\/uploads\/2022\/11\/morais-rocha-logo.jpg 450w\" sizes=\"(max-width: 300px) 100vw, 300px\" \/><\/p>\n<p>Morais Rocha Wines est n\u00e9 du d\u00e9sir, exprim\u00e9 depuis longtemps, de produire d&#039;excellents vins qui expriment le caract\u00e8re unique de la r\u00e9gion de Vidigueira.<\/p>\n<p>Prendre soin des produits ne s\u2019arr\u00eate pas \u00e0 la vente. L&#039;exigence de Morais Rocha signifie que ses produits, lorsqu&#039;ils sont export\u00e9s, soient correctement emball\u00e9s dans des conteneurs pour garantir qu&#039;ils ne subiront aucune modification, que ce soit en raison de diff\u00e9rences thermiques ou d&#039;autres agents agressifs externes.<\/p>","protected":false},"excerpt":{"rendered":"<p>Castas: Ant\u00e3o Vaz, Arinto e Verdelho<\/p>\n<p>Cor citrina brilhante; boa frescura, intensidade arom\u00e1tica e juventude demarcando-se as notas florais<\/p>","protected":false},"featured_media":17144,"template":"","meta":{"_exactmetrics_skip_tracking":false,"_exactmetrics_sitenote_active":false,"_exactmetrics_sitenote_note":"","_exactmetrics_sitenote_category":0,"_uf_show_specific_survey":0,"_uf_disable_surveys":false,"iawp_total_views":119},"product_brand":[],"product_cat":[189,185,186,157],"product_tag":[],"class_list":{"0":"post-17145","1":"product","2":"type-product","3":"status-publish","4":"has-post-thumbnail","6":"product_cat-alentejo-branco","7":"product_cat-branco","8":"product_cat-rose","9":"product_cat-vinhos","11":"first","12":"instock","13":"shipping-taxable","14":"purchasable","15":"product-type-simple"},"_links":{"self":[{"href":"https:\/\/garrafeiragrandeescolha.pt\/fr\/wp-json\/wp\/v2\/product\/17145","targetHints":{"allow":["GET"]}}],"collection":[{"href":"https:\/\/garrafeiragrandeescolha.pt\/fr\/wp-json\/wp\/v2\/product"}],"about":[{"href":"https:\/\/garrafeiragrandeescolha.pt\/fr\/wp-json\/wp\/v2\/types\/product"}],"wp:featuredmedia":[{"embeddable":true,"href":"https:\/\/garrafeiragrandeescolha.pt\/fr\/wp-json\/wp\/v2\/media\/17144"}],"wp:attachment":[{"href":"https:\/\/garrafeiragrandeescolha.pt\/fr\/wp-json\/wp\/v2\/media?parent=17145"}],"wp:term":[{"taxonomy":"product_brand","embeddable":true,"href":"https:\/\/garrafeiragrandeescolha.pt\/fr\/wp-json\/wp\/v2\/product_brand?post=17145"},{"taxonomy":"product_cat","embeddable":true,"href":"https:\/\/garrafeiragrandeescolha.pt\/fr\/wp-json\/wp\/v2\/product_cat?post=17145"},{"taxonomy":"product_tag","embeddable":true,"href":"https:\/\/garrafeiragrandeescolha.pt\/fr\/wp-json\/wp\/v2\/product_tag?post=17145"}],"curies":[{"name":"wp","href":"https:\/\/api.w.org\/{rel}","templated":true}]}}