{"id":17163,"date":"2023-01-21T10:50:24","date_gmt":"2023-01-21T10:50:24","guid":{"rendered":"https:\/\/garrafeiragrandeescolha.pt\/?post_type=product&#038;p=17163"},"modified":"2023-01-21T10:53:20","modified_gmt":"2023-01-21T10:53:20","slug":"maritavora-no-6-tinto-biologico-75cl","status":"publish","type":"product","link":"https:\/\/garrafeiragrandeescolha.pt\/fr\/produit\/maritavora-no-6-tinto-biologico-75cl\/","title":{"rendered":"Marit\u00e1vora n\u00ba 6 Tinto Biol\u00f3gico 75cl"},"content":{"rendered":"<p><img fetchpriority=\"high\" decoding=\"async\" class=\"size-full wp-image-15059 aligncenter\" src=\"http:\/\/garrafeiragrandeescolha.pt\/wp-content\/uploads\/2022\/02\/maritavora-logo.png\" alt=\"\" width=\"253\" height=\"199\" \/><\/p>\n<div class=\"title-subtitle-box\">\n<p>150 ans d&#039;histoire et de tradition<\/p>\n<\/div>\n<div class=\"wpb_text_column wpb_content_element\">\n<div class=\"wpb_wrapper\">\n<p>Bienvenue \u00e0 Quinta de Marit\u00e1vora, o\u00f9 l&#039;histoire et la tradition cohabitent harmonieusement avec l&#039;art et l&#039;innovation. L&#039;exp\u00e9rience la\u00efque est la base de notre travail et c&#039;est avec engagement et d\u00e9vouement que nous tra\u00e7ons notre chemin vers un avenir d&#039;excellence.<\/p>\n<p>Laissez-vous emporter par la beaut\u00e9 du paysage du Douro Internacional qui accueille si bien nos vignobles et laissez-vous s\u00e9duire par l&#039;ar\u00f4me et la saveur de nos vins biologiques.<\/p>\n<p>Quinta de Marit\u00e1vora produit des vins de Porto et Douro DOC, blancs et rouges. Jorge Ser\u00f4dio Borges est le vigneron responsable des vins et de la supervision de la viticulture.<\/p>\n<\/div>\n<\/div>","protected":false},"excerpt":{"rendered":"<p><img decoding=\"async\" class=\"alignnone size-full wp-image-15124\" src=\"http:\/\/garrafeiragrandeescolha.pt\/wp-content\/uploads\/2020\/04\/bio.jpg\" alt=\"\" width=\"80\" height=\"53\" \/><\/p>\n<p>Castas: Touriga Franca (30%), Tinta Roriz (30%), Touriga Nacional (30%), Outras (10%). Vinhas com idades entre 20 e 50 anos.<\/p>\n<p>Este vinho foi elaborado com uvas das castas Tinta Roriz, Touriga Franca e Touriga Nacional e estagiou 12 meses em barricas de carvalho franc\u00eas.<\/p>","protected":false},"featured_media":17164,"template":"","meta":{"_exactmetrics_skip_tracking":false,"_exactmetrics_sitenote_active":false,"_exactmetrics_sitenote_note":"","_exactmetrics_sitenote_category":0,"_uf_show_specific_survey":0,"_uf_disable_surveys":false,"iawp_total_views":10},"product_brand":[],"product_cat":[157,184,215],"product_tag":[],"class_list":{"0":"post-17163","1":"product","2":"type-product","3":"status-publish","4":"has-post-thumbnail","6":"product_cat-vinhos","7":"product_cat-tinto","8":"product_cat-douro","10":"first","11":"instock","12":"shipping-taxable","13":"purchasable","14":"product-type-simple"},"_links":{"self":[{"href":"https:\/\/garrafeiragrandeescolha.pt\/fr\/wp-json\/wp\/v2\/product\/17163","targetHints":{"allow":["GET"]}}],"collection":[{"href":"https:\/\/garrafeiragrandeescolha.pt\/fr\/wp-json\/wp\/v2\/product"}],"about":[{"href":"https:\/\/garrafeiragrandeescolha.pt\/fr\/wp-json\/wp\/v2\/types\/product"}],"wp:featuredmedia":[{"embeddable":true,"href":"https:\/\/garrafeiragrandeescolha.pt\/fr\/wp-json\/wp\/v2\/media\/17164"}],"wp:attachment":[{"href":"https:\/\/garrafeiragrandeescolha.pt\/fr\/wp-json\/wp\/v2\/media?parent=17163"}],"wp:term":[{"taxonomy":"product_brand","embeddable":true,"href":"https:\/\/garrafeiragrandeescolha.pt\/fr\/wp-json\/wp\/v2\/product_brand?post=17163"},{"taxonomy":"product_cat","embeddable":true,"href":"https:\/\/garrafeiragrandeescolha.pt\/fr\/wp-json\/wp\/v2\/product_cat?post=17163"},{"taxonomy":"product_tag","embeddable":true,"href":"https:\/\/garrafeiragrandeescolha.pt\/fr\/wp-json\/wp\/v2\/product_tag?post=17163"}],"curies":[{"name":"wp","href":"https:\/\/api.w.org\/{rel}","templated":true}]}}