{"id":17193,"date":"2023-01-28T11:57:14","date_gmt":"2023-01-28T11:57:14","guid":{"rendered":"https:\/\/garrafeiragrandeescolha.pt\/?post_type=product&#038;p=17193"},"modified":"2024-10-23T18:34:14","modified_gmt":"2024-10-23T18:34:14","slug":"infantes-tinto-75cl","status":"publish","type":"product","link":"https:\/\/garrafeiragrandeescolha.pt\/fr\/produit\/infantes-tinto-75cl\/","title":{"rendered":"Infantes Tinto 2019 75cl"},"content":{"rendered":"<p><img fetchpriority=\"high\" decoding=\"async\" class=\"size-medium wp-image-17191 aligncenter\" src=\"http:\/\/garrafeiragrandeescolha.pt\/wp-content\/uploads\/2023\/01\/logo-familiacardoso-300x167.png\" alt=\"\" width=\"300\" height=\"167\" srcset=\"https:\/\/garrafeiragrandeescolha.pt\/wp-content\/uploads\/2023\/01\/logo-familiacardoso-300x167.png 300w, https:\/\/garrafeiragrandeescolha.pt\/wp-content\/uploads\/2023\/01\/logo-familiacardoso-1024x570.png 1024w, https:\/\/garrafeiragrandeescolha.pt\/wp-content\/uploads\/2023\/01\/logo-familiacardoso-768x428.png 768w, https:\/\/garrafeiragrandeescolha.pt\/wp-content\/uploads\/2023\/01\/logo-familiacardoso-18x10.png 18w, https:\/\/garrafeiragrandeescolha.pt\/wp-content\/uploads\/2023\/01\/logo-familiacardoso-600x334.png 600w, https:\/\/garrafeiragrandeescolha.pt\/wp-content\/uploads\/2023\/01\/logo-familiacardoso.png 1514w\" sizes=\"(max-width: 300px) 100vw, 300px\" \/><\/p>\n<p>Parmi les vignobles et les oliveraies qui vous font para\u00eetre perdus \u00e0 l&#039;horizon, appara\u00eet Herdade da Lisboa.<br \/>\nDepuis 2011, c&#039;est la maison de la famille Cardoso \u00e0 Vidigueira, dans la sous-r\u00e9gion du Baixo Alentejo. Un lieu o\u00f9 la modernit\u00e9 de la cave rencontre la tradition des caves de l&#039;Alentejo et o\u00f9 la diversit\u00e9 de la viticulture s&#039;ajoute \u00e0 l&#039;\u00e9volution permanente de l&#039;\u0153nologie.<\/p>\n<p>C\u2019est dans les caract\u00e9ristiques privil\u00e9gi\u00e9es du territoire que commence \u00e0 \u00e9merger tout le potentiel de la r\u00e9gion dont fait partie Herdade a Lisboa.<br \/>\nLa Serra do Mendro, situ\u00e9e au nord de Vidigueira, cr\u00e9e une barri\u00e8re naturelle qui favorise la r\u00e9tention des vents frais de l&#039;oc\u00e9an Atlantique, provoquant des pr\u00e9cipitations plus importantes et de grandes variations thermiques. Les matin\u00e9es et soir\u00e9es froides et les journ\u00e9es chaudes favorisent une maturation \u00e9quilibr\u00e9e des raisins, pr\u00e9servant leur fra\u00eecheur et leur acidit\u00e9 naturelle. Les pentes douces et les \u00e9l\u00e9vations du paysage, ainsi que les sols argilo-schisteux, apportent min\u00e9ralit\u00e9, fra\u00eecheur et diversit\u00e9 aux vins de la Herdade da Lisboa.<\/p>\n<p>Les quelque 100 hectares de vignobles de la Herdade da Lisboa expriment la diversit\u00e9 de la propri\u00e9t\u00e9, \u00e0 travers un compromis entre c\u00e9pages typiques de l&#039;Alentejo et c\u00e9pages internationaux, dont sept vari\u00e9t\u00e9s de raisins blancs et huit rouges.<br \/>\nLe vignoble exprime \u00e9galement le profond respect du producteur pour la nature, int\u00e9grant plusieurs pratiques durables, qui permettent d&#039;optimiser la consommation de ressources essentielles, comme l&#039;eau et l&#039;\u00e9nergie. Pelouses naturelles, coupe m\u00e9canique des mauvaises herbes pour \u00e9viter l&#039;utilisation d&#039;herbicides, surveillance \u00e9troite des ravageurs, utilisation de panneaux solaires, station m\u00e9t\u00e9orologique d\u00e9di\u00e9e et sondes pour mesurer l&#039;humidit\u00e9 et la temp\u00e9rature du sol sont quelques-unes des techniques et \u00e9quipements utilis\u00e9s.<\/p>","protected":false},"excerpt":{"rendered":"<p data-css=\"tve-u-178ad256586\"><span data-css=\"tve-u-178ad254aa5\">Castas: 40% Aragonez, 30% Alicante Bouschet, 20% Trincadeira e 10% Touriga Nacional.<\/span><\/p>\n<p data-css=\"tve-u-178ad256586\">Cor ruby intensa e concentrada. Aroma dominado pela fruta silvestre fresca, perfeitamente integrada com as notas tostadas e especiadas provenientes do est\u00e1gio em barrica. Na boca tem corpo e volume, muito fruto envolvente e um final persistente. Teor alco\u00f3lico (%Vol.): 13.8%<\/p>\n<p><span data-css=\"tve-u-178ad254aaa\">Acompanha muito bem pratos de carne, bacalhau no forno, queijos e enchidos.<\/span><\/p>","protected":false},"featured_media":17194,"template":"","meta":{"_exactmetrics_skip_tracking":false,"_exactmetrics_sitenote_active":false,"_exactmetrics_sitenote_note":"","_exactmetrics_sitenote_category":0,"_uf_show_specific_survey":0,"_uf_disable_surveys":false,"iawp_total_views":39},"product_brand":[],"product_cat":[157,184,207],"product_tag":[],"class_list":{"0":"post-17193","1":"product","2":"type-product","3":"status-publish","4":"has-post-thumbnail","6":"product_cat-vinhos","7":"product_cat-tinto","8":"product_cat-alentejo","10":"first","11":"instock","12":"featured","13":"shipping-taxable","14":"purchasable","15":"product-type-simple"},"_links":{"self":[{"href":"https:\/\/garrafeiragrandeescolha.pt\/fr\/wp-json\/wp\/v2\/product\/17193","targetHints":{"allow":["GET"]}}],"collection":[{"href":"https:\/\/garrafeiragrandeescolha.pt\/fr\/wp-json\/wp\/v2\/product"}],"about":[{"href":"https:\/\/garrafeiragrandeescolha.pt\/fr\/wp-json\/wp\/v2\/types\/product"}],"wp:featuredmedia":[{"embeddable":true,"href":"https:\/\/garrafeiragrandeescolha.pt\/fr\/wp-json\/wp\/v2\/media\/17194"}],"wp:attachment":[{"href":"https:\/\/garrafeiragrandeescolha.pt\/fr\/wp-json\/wp\/v2\/media?parent=17193"}],"wp:term":[{"taxonomy":"product_brand","embeddable":true,"href":"https:\/\/garrafeiragrandeescolha.pt\/fr\/wp-json\/wp\/v2\/product_brand?post=17193"},{"taxonomy":"product_cat","embeddable":true,"href":"https:\/\/garrafeiragrandeescolha.pt\/fr\/wp-json\/wp\/v2\/product_cat?post=17193"},{"taxonomy":"product_tag","embeddable":true,"href":"https:\/\/garrafeiragrandeescolha.pt\/fr\/wp-json\/wp\/v2\/product_tag?post=17193"}],"curies":[{"name":"wp","href":"https:\/\/api.w.org\/{rel}","templated":true}]}}