{"id":17249,"date":"2023-01-31T16:14:37","date_gmt":"2023-01-31T16:14:37","guid":{"rendered":"https:\/\/garrafeiragrandeescolha.pt\/?post_type=product&#038;p=17249"},"modified":"2024-11-27T18:14:09","modified_gmt":"2024-11-27T18:14:09","slug":"justinos-madeira-1997-sercial-75cl","status":"publish","type":"product","link":"https:\/\/garrafeiragrandeescolha.pt\/fr\/produit\/justinos-madeira-1997-sercial-75cl\/","title":{"rendered":"Justino&#8217;s Madeira 1997 Sercial 75cl"},"content":{"rendered":"<p><img fetchpriority=\"high\" decoding=\"async\" class=\"wp-image-17078 size-medium aligncenter\" src=\"http:\/\/garrafeiragrandeescolha.pt\/wp-content\/uploads\/2023\/01\/justinos-logo-300x300.png\" alt=\"\" width=\"300\" height=\"300\" srcset=\"https:\/\/garrafeiragrandeescolha.pt\/wp-content\/uploads\/2023\/01\/justinos-logo-300x300.png 300w, https:\/\/garrafeiragrandeescolha.pt\/wp-content\/uploads\/2023\/01\/justinos-logo-150x150.png 150w, https:\/\/garrafeiragrandeescolha.pt\/wp-content\/uploads\/2023\/01\/justinos-logo-768x768.png 768w, https:\/\/garrafeiragrandeescolha.pt\/wp-content\/uploads\/2023\/01\/justinos-logo-12x12.png 12w, https:\/\/garrafeiragrandeescolha.pt\/wp-content\/uploads\/2023\/01\/justinos-logo-600x600.png 600w, https:\/\/garrafeiragrandeescolha.pt\/wp-content\/uploads\/2023\/01\/justinos-logo-100x100.png 100w, https:\/\/garrafeiragrandeescolha.pt\/wp-content\/uploads\/2023\/01\/justinos-logo.png 961w\" sizes=\"(max-width: 300px) 100vw, 300px\" \/><\/p>\n<p>Justino&#039;s Madeira Wines, SA est l&#039;une des plus anciennes soci\u00e9t\u00e9s de production et d&#039;exportation de vin de Mad\u00e8re.<br \/>\nLe savoir-faire acquis dans l&#039;art de l&#039;assemblage, le respect des techniques de vinification traditionnelles et la recherche constante de l&#039;innovation ont \u00e9t\u00e9 les caract\u00e9ristiques qui marquent notre succ\u00e8s et notre croissance.<br \/>\nAujourd&#039;hui, nous sommes une entreprise internationale reconnue pour son excellence et ax\u00e9e sur la pr\u00e9sentation de produits haut de gamme \u00e0 nos clients, sans perdre de vue l&#039;histoire, la tradition et l&#039;authenticit\u00e9 qui ont toujours caract\u00e9ris\u00e9 nos vins.<br \/>\n<strong>Notre mission est \u00ab\u00a0Faites une chose, mais faites-la bien\u00a0\u00bb.<\/strong><br \/>\nNotre motivation na\u00eet soutenue par nos valeurs, notre lien profond avec la communaut\u00e9 et la tradition, apportant dynamique et innovation, afin de produire des vins capables d&#039;offrir des exp\u00e9riences et des sensations uniques qui marquent les personnes qui entrent en contact avec eux, en chacun. des moments de votre vie.<br \/>\nDans chaque verre de vin, nous apportons des centaines d&#039;ann\u00e9es de sagesse ancestrale, de savoir-faire des g\u00e9n\u00e9rations pass\u00e9es, d&#039;histoires et d&#039;exp\u00e9riences de personnes, de familles et de difficult\u00e9s humaines dans cette perle de l&#039;Atlantique, certes embellie par le paysage rude mais magnifique, qui en est encore aujourd&#039;hui l&#039;ex-libris le plus marquant.<br \/>\nAvec chaque nouveau vin, nous essayons de capturer et d&#039;apporter au client l&#039;\u00e2me et le c\u0153ur de chacun de ces personnages, dans des vins uniques, qui refl\u00e8tent les diff\u00e9rents terroirs de notre \u00eele.<br \/>\nC&#039;est pourquoi nous poursuivrons notre vision de continuer \u00e0 \u00eatre les leaders dans la commercialisation du vin de Mad\u00e8re, en augmentant toujours plus notre pr\u00e9pond\u00e9rance dans le secteur premium. Comp\u00e9tence, excellence et authenticit\u00e9 sont des valeurs qui guident nos op\u00e9rations, et c&#039;est ce que nous entendons apporter aux 4 coins du monde.\u200b<\/p>","protected":false},"excerpt":{"rendered":"<p>Les Mad\u00e8re Colheita de Justino sont obtenues \u00e0 partir de plusieurs vari\u00e9t\u00e9s soigneusement s\u00e9lectionn\u00e9es et vinifi\u00e9es s\u00e9par\u00e9ment des vari\u00e9t\u00e9s Malvasia, Boal, Verdelho et Sercial.<br \/>\nIls sont vieillis en f\u00fbts de ch\u00eane, selon le proc\u00e9d\u00e9 de la pierre naturelle et sont mis en bouteille au moins 10 ans apr\u00e8s la r\u00e9colte qui les a donn\u00e9s naissance. Ils sont identifi\u00e9s de mani\u00e8re g\u00e9n\u00e9rique par l\u2019ann\u00e9e de r\u00e9colte et le nom de la vari\u00e9t\u00e9.<\/p>","protected":false},"featured_media":10308,"template":"","meta":{"_exactmetrics_skip_tracking":false,"_exactmetrics_sitenote_active":false,"_exactmetrics_sitenote_note":"","_exactmetrics_sitenote_category":0,"_uf_show_specific_survey":0,"_uf_disable_surveys":false,"iawp_total_views":5},"product_brand":[],"product_cat":[159,169],"product_tag":[],"class_list":{"0":"post-17249","1":"product","2":"type-product","3":"status-publish","4":"has-post-thumbnail","6":"product_cat-portos","7":"product_cat-madeira","9":"first","10":"instock","11":"shipping-taxable","12":"purchasable","13":"product-type-simple"},"_links":{"self":[{"href":"https:\/\/garrafeiragrandeescolha.pt\/fr\/wp-json\/wp\/v2\/product\/17249","targetHints":{"allow":["GET"]}}],"collection":[{"href":"https:\/\/garrafeiragrandeescolha.pt\/fr\/wp-json\/wp\/v2\/product"}],"about":[{"href":"https:\/\/garrafeiragrandeescolha.pt\/fr\/wp-json\/wp\/v2\/types\/product"}],"wp:featuredmedia":[{"embeddable":true,"href":"https:\/\/garrafeiragrandeescolha.pt\/fr\/wp-json\/wp\/v2\/media\/10308"}],"wp:attachment":[{"href":"https:\/\/garrafeiragrandeescolha.pt\/fr\/wp-json\/wp\/v2\/media?parent=17249"}],"wp:term":[{"taxonomy":"product_brand","embeddable":true,"href":"https:\/\/garrafeiragrandeescolha.pt\/fr\/wp-json\/wp\/v2\/product_brand?post=17249"},{"taxonomy":"product_cat","embeddable":true,"href":"https:\/\/garrafeiragrandeescolha.pt\/fr\/wp-json\/wp\/v2\/product_cat?post=17249"},{"taxonomy":"product_tag","embeddable":true,"href":"https:\/\/garrafeiragrandeescolha.pt\/fr\/wp-json\/wp\/v2\/product_tag?post=17249"}],"curies":[{"name":"wp","href":"https:\/\/api.w.org\/{rel}","templated":true}]}}