{"id":17349,"date":"2023-02-23T17:31:37","date_gmt":"2023-02-23T17:31:37","guid":{"rendered":"https:\/\/garrafeiragrandeescolha.pt\/?post_type=product&#038;p=17349"},"modified":"2024-11-17T13:00:02","modified_gmt":"2024-11-17T13:00:02","slug":"quinta-do-pessegueiro-plenitude-tinto-75cl","status":"publish","type":"product","link":"https:\/\/garrafeiragrandeescolha.pt\/fr\/produit\/quinta-do-pessegueiro-plenitude-tinto-75cl\/","title":{"rendered":"Quinta do Pessegueiro Plenitude Tinto 2022 75cl"},"content":{"rendered":"<p>&nbsp;<\/p>\n<p><img decoding=\"async\" class=\"size-full wp-image-15437 aligncenter\" src=\"http:\/\/garrafeiragrandeescolha.pt\/wp-content\/uploads\/2022\/02\/quinta_do_pessegueiro_logo.png\" alt=\"\" width=\"200\" height=\"100\" \/><\/p>\n<p>La nature, l&#039;histoire et l&#039;homme ont fa\u00e7onn\u00e9 la culture et les valeurs du Douro. Pour pr\u00e9server la vitalit\u00e9 de son paysage et son prestige, nous \u0153uvrons dans le respect des traditions et du patrimoine.<\/p>\n<p>Nous int\u00e9grons les notions de d\u00e9veloppement durable \u00e0 toutes les \u00e9tapes de production, et l&#039;\u00e9nergie consomm\u00e9e par notre cave est produite \u00e0 partir de sources renouvelables. Nous travaillons sans rel\u00e2che et collaborons pour perp\u00e9tuer la cr\u00e9ation d\u2019authentiques \u0153uvres d\u2019art viticoles.<\/p>\n<p>Erigida no cora\u00e7\u00e3o da propriedade, a adega do Pessegueiro distingue-se pela sua extraordin\u00e1ria arquitetura, que resulta das fun\u00e7\u00f5es do edif\u00edcio e sobretudo do m\u00e9todo espec\u00edfico de vinifica\u00e7\u00e3o que acolhe.<\/p>\n<p>Le b\u00e2timent comporte cinq niveaux et combine les m\u00e9thodes traditionnelles de production de vins de haute qualit\u00e9 avec les \u00e9quipements les plus sophistiqu\u00e9s.<\/p>\n<p>Aut\u00eantico desafio da tecnologia, a nossa adega foi concebida de forma a utilizar a gravidade natural ao longo de todo o processo que transforma a uva em vinho.\u00a0 Com vista a preservar e respeitar o vinho ao m\u00e1ximo, a utiliza\u00e7\u00e3o de bombas foi totalmente exclu\u00edda em todo o percurso, desde a rece\u00e7\u00e3o da uva at\u00e9 \u00e0 sala das barricas. Para complementar a gravidade natural, dispomos tamb\u00e9m de uma cuba elevador.<\/p>\n<p>Ce proc\u00e9d\u00e9 exclusivement gravitaire garantit un traitement doux et respectueux du vin.<\/p>\n<p>Toute notre production est contr\u00f4l\u00e9e par Jo\u00e3o Nicolau de Almeida et une \u00e9quipe multidisciplinaire de professionnels d\u00e9vou\u00e9s.<\/p>","protected":false},"excerpt":{"rendered":"<p>&nbsp; A natureza, a hist\u00f3ria e o Homem moldaram a cultura e os valores do Douro. Para preservar a vivacidade da sua paisagem e o seu prest\u00edgio, trabalhamos no sentido do respeito das tradi\u00e7\u00f5es e do patrim\u00f3nio. Integramos as no\u00e7\u00f5es de desenvolvimento sustent\u00e1vel em todas as etapas da produ\u00e7\u00e3o, sendo que a energia consumida pela [&hellip;]<\/p>","protected":false},"featured_media":19426,"template":"","meta":{"_exactmetrics_skip_tracking":false,"_exactmetrics_sitenote_active":false,"_exactmetrics_sitenote_note":"","_exactmetrics_sitenote_category":0,"_uf_show_specific_survey":0,"_uf_disable_surveys":false,"iawp_total_views":24},"product_brand":[],"product_cat":[215,201,184,157],"product_tag":[],"class_list":{"0":"post-17349","1":"product","2":"type-product","3":"status-publish","4":"has-post-thumbnail","6":"product_cat-douro","7":"product_cat-grandes-vinhos","8":"product_cat-tinto","9":"product_cat-vinhos","11":"first","12":"instock","13":"shipping-taxable","14":"purchasable","15":"product-type-simple"},"_links":{"self":[{"href":"https:\/\/garrafeiragrandeescolha.pt\/fr\/wp-json\/wp\/v2\/product\/17349","targetHints":{"allow":["GET"]}}],"collection":[{"href":"https:\/\/garrafeiragrandeescolha.pt\/fr\/wp-json\/wp\/v2\/product"}],"about":[{"href":"https:\/\/garrafeiragrandeescolha.pt\/fr\/wp-json\/wp\/v2\/types\/product"}],"wp:featuredmedia":[{"embeddable":true,"href":"https:\/\/garrafeiragrandeescolha.pt\/fr\/wp-json\/wp\/v2\/media\/19426"}],"wp:attachment":[{"href":"https:\/\/garrafeiragrandeescolha.pt\/fr\/wp-json\/wp\/v2\/media?parent=17349"}],"wp:term":[{"taxonomy":"product_brand","embeddable":true,"href":"https:\/\/garrafeiragrandeescolha.pt\/fr\/wp-json\/wp\/v2\/product_brand?post=17349"},{"taxonomy":"product_cat","embeddable":true,"href":"https:\/\/garrafeiragrandeescolha.pt\/fr\/wp-json\/wp\/v2\/product_cat?post=17349"},{"taxonomy":"product_tag","embeddable":true,"href":"https:\/\/garrafeiragrandeescolha.pt\/fr\/wp-json\/wp\/v2\/product_tag?post=17349"}],"curies":[{"name":"wp","href":"https:\/\/api.w.org\/{rel}","templated":true}]}}