{"id":17354,"date":"2023-02-24T11:18:56","date_gmt":"2023-02-24T11:18:56","guid":{"rendered":"https:\/\/garrafeiragrandeescolha.pt\/?post_type=product&#038;p=17354"},"modified":"2024-02-02T19:05:49","modified_gmt":"2024-02-02T19:05:49","slug":"kelman-touriga-nacional-75-cl","status":"publish","type":"product","link":"https:\/\/garrafeiragrandeescolha.pt\/fr\/produit\/kelman-touriga-nacional-75-cl\/","title":{"rendered":"Kelman Touriga Nacional Tinto 75cl"},"content":{"rendered":"<p><img decoding=\"async\" class=\"size-full wp-image-17355 aligncenter\" src=\"http:\/\/garrafeiragrandeescolha.pt\/wp-content\/uploads\/2023\/02\/Kelman_brand_edited.webp\" alt=\"\" width=\"101\" height=\"51\" srcset=\"https:\/\/garrafeiragrandeescolha.pt\/wp-content\/uploads\/2023\/02\/Kelman_brand_edited.webp 101w, https:\/\/garrafeiragrandeescolha.pt\/wp-content\/uploads\/2023\/02\/Kelman_brand_edited-18x9.webp 18w\" sizes=\"(max-width: 101px) 100vw, 101px\" \/><\/p>\n<p class=\"font_8\">Le Quinta da Fam\u00edlia Kelman est situ\u00e9 \u00e0 Nelas, au c\u0153ur de la r\u00e9gion du D\u00e3o. C&#039;est sur cette place de la ville que se d\u00e9roule chaque ann\u00e9e en septembre la foire aux vins du D\u00e3o. Il abrite \u00e9galement le Centre d&#039;\u00e9tudes du vin du D\u00e3o, c\u00e9l\u00e8bre pour la long\u00e9vit\u00e9 de ses vins.<\/p>\n<p class=\"font_8\">Le vignoble compte 6 hectares qui ont \u00e9t\u00e9 plant\u00e9s en 2000 avec des c\u00e9pages traditionnels, dont Touriga Nacional repr\u00e9sente environ 50%. Plus r\u00e9cemment, 1,5 hectare de vieilles vignes ont \u00e9t\u00e9 incorpor\u00e9es \u00e0 la propri\u00e9t\u00e9. L&#039;altitude moyenne est de 430 m\u00e8tres. La pente douce et le sol sableux (granite d\u00e9compos\u00e9) assurent un bon drainage. Les pr\u00e9cipitations sont de 900 mm\/an, principalement concentr\u00e9es en hiver. Les temp\u00e9ratures varient de pr\u00e8s de z\u00e9ro en hiver \u00e0 30 degr\u00e9s Celsius ou plus en \u00e9t\u00e9. La plage des temp\u00e9ratures diurnes est \u00e9lev\u00e9e (les journ\u00e9es peuvent \u00eatre chaudes, mais les nuits sont toujours fra\u00eeches). Les conditions sont id\u00e9ales pour la maturation progressive des raisins et la fra\u00eecheur des vins.<\/p>\n<p class=\"font_8\">Depuis le vignoble, il est possible de distinguer la cha\u00eene de montagnes Caramulo et le village de Vilar Seco. Le vignoble est \u00e0 20 km de Viseu, 90 km de Coimbra, 120 km de Porto et 280 km de Lisbonne. L&#039;acc\u00e8s peut se faire en voiture ou en train (itin\u00e9raire Lisbonne-Nelas).<\/p>","protected":false},"excerpt":{"rendered":"<p>Fruta delicada bem t\u00edpica da casta. Predominam as notas florais tipo violeta e toques de compota de fruta negra madura e notas doces e minerais. Na boca apresenta-se com volume, estrutura e boa acidez. Final agrad\u00e1vel e persistente, ressaltando a complexidade de aromas.<\/p>","protected":false},"featured_media":17356,"template":"","meta":{"_exactmetrics_skip_tracking":false,"_exactmetrics_sitenote_active":false,"_exactmetrics_sitenote_note":"","_exactmetrics_sitenote_category":0,"_uf_show_specific_survey":0,"_uf_disable_surveys":false,"iawp_total_views":29},"product_brand":[],"product_cat":[157,184,187],"product_tag":[],"class_list":{"0":"post-17354","1":"product","2":"type-product","3":"status-publish","4":"has-post-thumbnail","6":"product_cat-vinhos","7":"product_cat-tinto","8":"product_cat-dao-tinto","10":"first","11":"instock","12":"shipping-taxable","13":"purchasable","14":"product-type-simple"},"_links":{"self":[{"href":"https:\/\/garrafeiragrandeescolha.pt\/fr\/wp-json\/wp\/v2\/product\/17354","targetHints":{"allow":["GET"]}}],"collection":[{"href":"https:\/\/garrafeiragrandeescolha.pt\/fr\/wp-json\/wp\/v2\/product"}],"about":[{"href":"https:\/\/garrafeiragrandeescolha.pt\/fr\/wp-json\/wp\/v2\/types\/product"}],"wp:featuredmedia":[{"embeddable":true,"href":"https:\/\/garrafeiragrandeescolha.pt\/fr\/wp-json\/wp\/v2\/media\/17356"}],"wp:attachment":[{"href":"https:\/\/garrafeiragrandeescolha.pt\/fr\/wp-json\/wp\/v2\/media?parent=17354"}],"wp:term":[{"taxonomy":"product_brand","embeddable":true,"href":"https:\/\/garrafeiragrandeescolha.pt\/fr\/wp-json\/wp\/v2\/product_brand?post=17354"},{"taxonomy":"product_cat","embeddable":true,"href":"https:\/\/garrafeiragrandeescolha.pt\/fr\/wp-json\/wp\/v2\/product_cat?post=17354"},{"taxonomy":"product_tag","embeddable":true,"href":"https:\/\/garrafeiragrandeescolha.pt\/fr\/wp-json\/wp\/v2\/product_tag?post=17354"}],"curies":[{"name":"wp","href":"https:\/\/api.w.org\/{rel}","templated":true}]}}