{"id":17372,"date":"2023-03-02T17:26:58","date_gmt":"2023-03-02T17:26:58","guid":{"rendered":"https:\/\/garrafeiragrandeescolha.pt\/?post_type=product&#038;p=17372"},"modified":"2024-11-05T18:51:24","modified_gmt":"2024-11-05T18:51:24","slug":"quinta-da-rede-reserva-da-familia-branco-2012-75cl","status":"publish","type":"product","link":"https:\/\/garrafeiragrandeescolha.pt\/fr\/produit\/quinta-da-rede-reserva-da-familia-branco-2012-75cl\/","title":{"rendered":"Quinta da Rede Reserva da Fam\u00edlia Branco 2012 75cl"},"content":{"rendered":"<p><img decoding=\"async\" class=\"size-full wp-image-17352 aligncenter\" src=\"http:\/\/garrafeiragrandeescolha.pt\/wp-content\/uploads\/2023\/02\/logo-rede.png\" alt=\"\" width=\"254\" height=\"126\" srcset=\"https:\/\/garrafeiragrandeescolha.pt\/wp-content\/uploads\/2023\/02\/logo-rede.png 254w, https:\/\/garrafeiragrandeescolha.pt\/wp-content\/uploads\/2023\/02\/logo-rede-18x9.png 18w\" sizes=\"(max-width: 254px) 100vw, 254px\" \/><\/p>\n<p>Quinta da Rede, situ\u00e9e dans la paroisse de Santa Cristina, a ses archives historiques les plus anciennes en 1484, faisant ainsi partie de la r\u00e9gion viticole du Douro avant m\u00eame la d\u00e9marcation de 1756, r\u00e9alis\u00e9e par le Marqu\u00eas de Pombal et sous la licence du roi D. Jos\u00e9 I.<\/p>\n<p>La Quinta surplombe le fleuve Douro, sur sa rive droite, entre Mes\u00e3o Frio et R\u00e9gua, \u00e0 une altitude comprise entre 90 et 140 m\u00e8tres. Il est reconnu pour \u00eatre l&#039;endroit o\u00f9 les filets de p\u00eache (qui signifie Filet) \u00e9taient autrefois \u00e9tendus d&#039;une rive \u00e0 l&#039;autre du fleuve Douro, bien avant la construction des barrages qui ont modifi\u00e9 son lit naturel.<\/p>\n<p>Son magnifique paysage viticole fait partie de la r\u00e9gion du Douro, reconnue par l&#039;UNESCO comme site du patrimoine mondial.<\/p>","protected":false},"excerpt":{"rendered":"<p>Castas: Vinhas Velhas com predom\u00ednio de Arinto, Rabigato e Viosinho<\/p>\n<p><span style=\"color: #636363;\">Couleur\u00a0<\/span>citrina intensa com reflexos esverdeados.\u00a0<span style=\"color: #636363;\">No nariz<\/span>\u00a0revela grande complexidade, aroma s\u00f3brio e contido a frutos brancos de caro\u00e7o suportado por mineralidade distinta e notas de baunilha em perfeita harmonia.\u00a0<span style=\"color: #636363;\">Palais\u00a0<\/span>frutado e complexo, not\u00f3rio volume de boca, elegante, harmonioso e termina com frescura crocante que lhe confere persist\u00eancia e longevidade.<\/p>\n<p>Excelente para acompanhar charcutaria condimentada, iguarias \u00e0 base de peixes assados no forno, carnes brancas grelhadas ou guisados e queijos macios.<\/p>","protected":false},"featured_media":17373,"template":"","meta":{"_exactmetrics_skip_tracking":false,"_exactmetrics_sitenote_active":false,"_exactmetrics_sitenote_note":"","_exactmetrics_sitenote_category":0,"_uf_show_specific_survey":0,"_uf_disable_surveys":false,"iawp_total_views":22},"product_brand":[],"product_cat":[185,188,201,162,157],"product_tag":[],"class_list":{"0":"post-17372","1":"product","2":"type-product","3":"status-publish","4":"has-post-thumbnail","6":"product_cat-branco","7":"product_cat-douro-branco","8":"product_cat-grandes-vinhos","9":"product_cat-raridades","10":"product_cat-vinhos","12":"first","13":"instock","14":"shipping-taxable","15":"purchasable","16":"product-type-simple"},"_links":{"self":[{"href":"https:\/\/garrafeiragrandeescolha.pt\/fr\/wp-json\/wp\/v2\/product\/17372","targetHints":{"allow":["GET"]}}],"collection":[{"href":"https:\/\/garrafeiragrandeescolha.pt\/fr\/wp-json\/wp\/v2\/product"}],"about":[{"href":"https:\/\/garrafeiragrandeescolha.pt\/fr\/wp-json\/wp\/v2\/types\/product"}],"wp:featuredmedia":[{"embeddable":true,"href":"https:\/\/garrafeiragrandeescolha.pt\/fr\/wp-json\/wp\/v2\/media\/17373"}],"wp:attachment":[{"href":"https:\/\/garrafeiragrandeescolha.pt\/fr\/wp-json\/wp\/v2\/media?parent=17372"}],"wp:term":[{"taxonomy":"product_brand","embeddable":true,"href":"https:\/\/garrafeiragrandeescolha.pt\/fr\/wp-json\/wp\/v2\/product_brand?post=17372"},{"taxonomy":"product_cat","embeddable":true,"href":"https:\/\/garrafeiragrandeescolha.pt\/fr\/wp-json\/wp\/v2\/product_cat?post=17372"},{"taxonomy":"product_tag","embeddable":true,"href":"https:\/\/garrafeiragrandeescolha.pt\/fr\/wp-json\/wp\/v2\/product_tag?post=17372"}],"curies":[{"name":"wp","href":"https:\/\/api.w.org\/{rel}","templated":true}]}}