{"id":17513,"date":"2023-04-14T18:03:41","date_gmt":"2023-04-14T18:03:41","guid":{"rendered":"https:\/\/garrafeiragrandeescolha.pt\/?post_type=product&#038;p=17513"},"modified":"2025-08-09T11:38:25","modified_gmt":"2025-08-09T11:38:25","slug":"gin-sharish-miniatura-5cl","status":"publish","type":"product","link":"https:\/\/garrafeiragrandeescolha.pt\/fr\/produit\/gin-sharish-miniatura-5cl\/","title":{"rendered":"Gin miniature original Sharish 5cl"},"content":{"rendered":"<p><img decoding=\"async\" class=\"size-medium wp-image-15324 aligncenter\" src=\"http:\/\/garrafeiragrandeescolha.pt\/wp-content\/uploads\/2022\/02\/logo_sharish_preto-300x127.png\" alt=\"\" width=\"300\" height=\"127\" srcset=\"https:\/\/garrafeiragrandeescolha.pt\/wp-content\/uploads\/2022\/02\/logo_sharish_preto-300x127.png 300w, https:\/\/garrafeiragrandeescolha.pt\/wp-content\/uploads\/2022\/02\/logo_sharish_preto.png 394w\" sizes=\"(max-width: 300px) 100vw, 300px\" \/><\/p>\n<p>Lanc\u00e9 en octobre 2013, le projet SHARISH GIN est un nouveau gin portugais produit dans l&#039;Alentejo par Ant\u00f3nio Cuco et tire son nom du village de MONSARAZ. Utilis\u00e9 pendant l&#039;occupation musulmane, le terme arabe \u00ab sharish \u00bb signifie xara ou jara, le ciste m\u00eame de l&#039;Alentejo (Cistus ladanifer). Ainsi Mont Sharish signifierait Mont construit dans un bosquet de cistes imp\u00e9n\u00e9trable, donnant plus tard naissance \u00e0 Monsaraz. Ce gin est bas\u00e9 sur une recette remplie d&#039;ingr\u00e9dients portugais, du Ma\u00e7\u00e3 Bravo de Esmolfe DOP aux oranges et citrons de l&#039;Alentejo, en passant par le L\u00facia-Lima frais, ainsi que les traditionnelles graines de geni\u00e8vre et de coriandre, compl\u00e9t\u00e9es par de la cannelle, des clous de girofle et une douce touche de vanille. . Tous ces ingr\u00e9dients sont distill\u00e9s s\u00e9par\u00e9ment dans un alambic traditionnel portugais, puis soumis \u00e0 un m\u00e9lange final.<\/p>","protected":false},"excerpt":{"rendered":"<p><img decoding=\"async\" class=\"alignnone size-full wp-image-15326\" src=\"http:\/\/garrafeiragrandeescolha.pt\/wp-content\/uploads\/2020\/03\/portugal.png\" alt=\"\" width=\"70\" height=\"40\" \/> Origine Alentejo \u2013 Portugal<\/p>","protected":false},"featured_media":784,"template":"","meta":{"_exactmetrics_skip_tracking":false,"_exactmetrics_sitenote_active":false,"_exactmetrics_sitenote_note":"","_exactmetrics_sitenote_category":0,"_uf_show_specific_survey":0,"_uf_disable_surveys":false,"iawp_total_views":26},"product_brand":[],"product_cat":[158,183],"product_tag":[],"class_list":{"0":"post-17513","1":"product","2":"type-product","3":"status-publish","4":"has-post-thumbnail","6":"product_cat-espirituosos","7":"product_cat-gin","9":"first","10":"instock","11":"shipping-taxable","12":"purchasable","13":"product-type-simple"},"_links":{"self":[{"href":"https:\/\/garrafeiragrandeescolha.pt\/fr\/wp-json\/wp\/v2\/product\/17513","targetHints":{"allow":["GET"]}}],"collection":[{"href":"https:\/\/garrafeiragrandeescolha.pt\/fr\/wp-json\/wp\/v2\/product"}],"about":[{"href":"https:\/\/garrafeiragrandeescolha.pt\/fr\/wp-json\/wp\/v2\/types\/product"}],"wp:featuredmedia":[{"embeddable":true,"href":"https:\/\/garrafeiragrandeescolha.pt\/fr\/wp-json\/wp\/v2\/media\/784"}],"wp:attachment":[{"href":"https:\/\/garrafeiragrandeescolha.pt\/fr\/wp-json\/wp\/v2\/media?parent=17513"}],"wp:term":[{"taxonomy":"product_brand","embeddable":true,"href":"https:\/\/garrafeiragrandeescolha.pt\/fr\/wp-json\/wp\/v2\/product_brand?post=17513"},{"taxonomy":"product_cat","embeddable":true,"href":"https:\/\/garrafeiragrandeescolha.pt\/fr\/wp-json\/wp\/v2\/product_cat?post=17513"},{"taxonomy":"product_tag","embeddable":true,"href":"https:\/\/garrafeiragrandeescolha.pt\/fr\/wp-json\/wp\/v2\/product_tag?post=17513"}],"curies":[{"name":"wp","href":"https:\/\/api.w.org\/{rel}","templated":true}]}}