{"id":17578,"date":"2023-04-27T16:58:06","date_gmt":"2023-04-27T16:58:06","guid":{"rendered":"https:\/\/garrafeiragrandeescolha.pt\/?post_type=product&#038;p=17578"},"modified":"2025-09-05T10:34:40","modified_gmt":"2025-09-05T10:34:40","slug":"gin-tanqueray-flor-de-sevilla-miniatura-5cl","status":"publish","type":"product","link":"https:\/\/garrafeiragrandeescolha.pt\/fr\/produit\/gin-tanqueray-flor-de-sevilla-miniatura-5cl\/","title":{"rendered":"Gin Miniature Tanqueray Flor de S\u00e9ville 5cl"},"content":{"rendered":"<p><img fetchpriority=\"high\" decoding=\"async\" class=\"size-medium wp-image-17090 aligncenter\" src=\"http:\/\/garrafeiragrandeescolha.pt\/wp-content\/uploads\/2023\/01\/Tanqueray-Logo-300x169.png\" alt=\"\" width=\"300\" height=\"169\" srcset=\"https:\/\/garrafeiragrandeescolha.pt\/wp-content\/uploads\/2023\/01\/Tanqueray-Logo-300x169.png 300w, https:\/\/garrafeiragrandeescolha.pt\/wp-content\/uploads\/2023\/01\/Tanqueray-Logo-1024x576.png 1024w, https:\/\/garrafeiragrandeescolha.pt\/wp-content\/uploads\/2023\/01\/Tanqueray-Logo-768x432.png 768w, https:\/\/garrafeiragrandeescolha.pt\/wp-content\/uploads\/2023\/01\/Tanqueray-Logo-1536x864.png 1536w, https:\/\/garrafeiragrandeescolha.pt\/wp-content\/uploads\/2023\/01\/Tanqueray-Logo-2048x1152.png 2048w, https:\/\/garrafeiragrandeescolha.pt\/wp-content\/uploads\/2023\/01\/Tanqueray-Logo-18x10.png 18w, https:\/\/garrafeiragrandeescolha.pt\/wp-content\/uploads\/2023\/01\/Tanqueray-Logo-600x338.png 600w\" sizes=\"(max-width: 300px) 100vw, 300px\" \/><\/p>\n<p>O gin Tanqueray foi inicialmente\u00a0destilado\u00a0em 1830 por Charles Tanqueray no distrito de\u00a0Bloomsbury, em Londres.<sup id=\"cite_ref-FOOTNOTEWilliams2014157_2-0\" class=\"reference\"><\/sup><sup id=\"cite_ref-FOOTNOTEBroom2015_3-0\" class=\"reference\"><\/sup> O ponto de venda de Edward &amp; Charles Tanqueray &amp; Co foi estabelecido em Vine Street, em Londres, em 1838. Quando Charles morreu em 1868, seu filho Charles Waugh Tanqueray herdou a destilaria,\u00a0que continuou a operar at\u00e9 ser severamente danificada durante a\u00a0Segunda Guerra Mundial. A \u00fanica instala\u00e7\u00e3o que sobreviveu ao\u00a0bombardeio do Eixo, agora conhecida como &#8220;Old Tom&#8221;, foi transferida para a Ponte Cameron, na\u00a0Esc\u00f3cia.<\/p>\n<p>De acordo com um relat\u00f3rio, o Tanqueray se tornou o gin mais vendido no mundo pela primeira vez em 2016, com quase tr\u00eas milh\u00f5es de caixas de nove litros vendidas.<\/p>","protected":false},"excerpt":{"rendered":"<p>Tanqueray Flor de Sevilla Distilled Gin \u00e9 um gin picante e frut\u00edfero, oferecendo um sabor ousado e agridoce do Mediterr\u00e2neo banhado pelo sol.\u00a0As laranjas de Sevilha s\u00e3o destiladas com flor de laranjeira e os quatro bot\u00e2nicos do nosso cl\u00e1ssico gin London Dry &#8211; zimbro de pinho, coentro apimentado, ang\u00e9lica arom\u00e1tica e alca\u00e7uz doce &#8211; para um sabor equilibrado e frutado.\u00a0As aventuras andaluzas de Charles Tanqueray, que o levaram aos laranjais de Sevilha na d\u00e9cada de 1860, inspiraram a cria\u00e7\u00e3o deste premiado gin verdadeiramente \u00fanico.*<\/p>\n<p>Tanqueray Flor de Sevilla Distilled Gin \u00e9 melhor servido com bastante gelo, \u00e1gua t\u00f4nica premium e uma rodela de laranja.<\/p>\n<p>* Medalha de prata &#8211; 2019 San Francisco Spirits Awards, medalha de bronze &#8211; 2020 San Francisco Spirits Awards<\/p>","protected":false},"featured_media":17579,"template":"","meta":{"_exactmetrics_skip_tracking":false,"_exactmetrics_sitenote_active":false,"_exactmetrics_sitenote_note":"","_exactmetrics_sitenote_category":0,"_uf_show_specific_survey":0,"_uf_disable_surveys":false,"iawp_total_views":34},"product_brand":[],"product_cat":[158,183],"product_tag":[],"class_list":{"0":"post-17578","1":"product","2":"type-product","3":"status-publish","4":"has-post-thumbnail","6":"product_cat-espirituosos","7":"product_cat-gin","9":"first","10":"instock","11":"shipping-taxable","12":"purchasable","13":"product-type-simple"},"_links":{"self":[{"href":"https:\/\/garrafeiragrandeescolha.pt\/fr\/wp-json\/wp\/v2\/product\/17578","targetHints":{"allow":["GET"]}}],"collection":[{"href":"https:\/\/garrafeiragrandeescolha.pt\/fr\/wp-json\/wp\/v2\/product"}],"about":[{"href":"https:\/\/garrafeiragrandeescolha.pt\/fr\/wp-json\/wp\/v2\/types\/product"}],"wp:featuredmedia":[{"embeddable":true,"href":"https:\/\/garrafeiragrandeescolha.pt\/fr\/wp-json\/wp\/v2\/media\/17579"}],"wp:attachment":[{"href":"https:\/\/garrafeiragrandeescolha.pt\/fr\/wp-json\/wp\/v2\/media?parent=17578"}],"wp:term":[{"taxonomy":"product_brand","embeddable":true,"href":"https:\/\/garrafeiragrandeescolha.pt\/fr\/wp-json\/wp\/v2\/product_brand?post=17578"},{"taxonomy":"product_cat","embeddable":true,"href":"https:\/\/garrafeiragrandeescolha.pt\/fr\/wp-json\/wp\/v2\/product_cat?post=17578"},{"taxonomy":"product_tag","embeddable":true,"href":"https:\/\/garrafeiragrandeescolha.pt\/fr\/wp-json\/wp\/v2\/product_tag?post=17578"}],"curies":[{"name":"wp","href":"https:\/\/api.w.org\/{rel}","templated":true}]}}