{"id":17603,"date":"2023-05-03T16:24:53","date_gmt":"2023-05-03T16:24:53","guid":{"rendered":"https:\/\/garrafeiragrandeescolha.pt\/?post_type=product&#038;p=17603"},"modified":"2025-11-12T09:23:32","modified_gmt":"2025-11-12T09:23:32","slug":"portal-late-harvest-branco-2020-375cl","status":"publish","type":"product","link":"https:\/\/garrafeiragrandeescolha.pt\/fr\/produit\/portal-late-harvest-branco-2020-375cl\/","title":{"rendered":"Portal Colheita Tardia 2020 37,5cl"},"content":{"rendered":"<p><img decoding=\"async\" class=\"size-full wp-image-15400 aligncenter\" src=\"http:\/\/garrafeiragrandeescolha.pt\/wp-content\/uploads\/2022\/02\/portal-logo.png\" alt=\"\" width=\"188\" height=\"186\" srcset=\"https:\/\/garrafeiragrandeescolha.pt\/wp-content\/uploads\/2022\/02\/portal-logo.png 188w, https:\/\/garrafeiragrandeescolha.pt\/wp-content\/uploads\/2022\/02\/portal-logo-100x100.png 100w\" sizes=\"(max-width: 188px) 100vw, 188px\" \/><\/p>\n<p>A\u00a0Quinta do Portal \u00e9 uma casa portuguesa, familiar e independente que abra\u00e7ou com toda a paix\u00e3o o conceito de \u201cBoutique Winery\u201d. Dedica-se \u00e0 produ\u00e7\u00e3o de vinhos do Douro, Vinhos do Porto de categorias especiais, e ainda Moscat\u00e9is e Azeite.<\/p>\n<p>Ce projet s&#039;est concr\u00e9tis\u00e9 au d\u00e9but des ann\u00e9es 90 du si\u00e8cle. XX, \u00e9tait bas\u00e9e sur la Quinta dos Muros, une propri\u00e9t\u00e9 centenaire de la famille Mansilha, et sur le vin de Porto qui y \u00e9tait produit depuis 4 g\u00e9n\u00e9rations. Avec une vision d&#039;avenir, il a imm\u00e9diatement investi dans la cr\u00e9ation de vins du Douro de classe mondiale, faisant partie du premier groupe de la nouvelle g\u00e9n\u00e9ration de producteurs du Douro qui, \u00e0 temps, ont cru au potentiel des vins tranquilles du Douro.<\/p>\n<p>Aux commandes de l&#039;\u0153nologie et de la production se trouve Paulo Coutinho, qui est chez nous depuis 1994. Avec l&#039;appui technique de Pascal Chatonnet sur les vins du Douro depuis 1992, et a \u00e9galement eu le privil\u00e8ge de travailler avec Jeremy Bull sur les vins de Porto au tournant du si\u00e8cle .<\/p>\n<p>La qualit\u00e9 a toujours \u00e9t\u00e9 la devise, comme en t\u00e9moignent les nombreuses distinctions nationales et internationales d\u00e9cern\u00e9es tant aux vins et huiles d&#039;olive qu&#039;aux diff\u00e9rents services de Quinta do Portal.<\/p>\n<p>As vinhas da Quinta do Portal est\u00e3o em processo de Produ\u00e7\u00e3o Integrada o que obriga a respeitar determinadas normas com a finalidade de garantir a prote\u00e7\u00e3o ambiental.<br \/>\nMembros do The Porto Protocol, um movimento cujos valores s\u00e3o a SUSTENTABILIDADE, OPTIMISMO e PARTILHA atrav\u00e9s de Responsabilidade, Colabora\u00e7\u00e3o e Comprometimento. A Miss\u00e3o \u00e9 promover a\u00e7\u00e3o colaborativa ao juntar uma rede de \u201cfazedores\u201d da mudan\u00e7a e solu\u00e7\u00f5es exequ\u00edveis ao n\u00edvel do clima para o mundo do vinho, e a Vis\u00e3o \u00e9 ter um mundo onde as empresas unem esfor\u00e7os e actuam em conjunto para atrasar e alterar as mudan\u00e7as clim\u00e1ticas.<\/p>\n<p>Dans les vignes, certaines des pratiques utilis\u00e9es comprennent :<br \/>\n&gt; non mobilisation du sol entre les rangs ;<br \/>\n&gt; incorporation du bois de chauffe de taille dans le sol ;<br \/>\n&gt; pas d&#039;utilisation d&#039;herbicides r\u00e9siduels ;<br \/>\n&gt; d\u00e9bitos de baixo volume na aplica\u00e7\u00e3o de fitof\u00e1rmacos;<br \/>\n&gt; cada vez maior utiliza\u00e7\u00e3o de corretivos org\u00e2nicos;<br \/>\n&gt; estrat\u00e9gia de aplica\u00e7\u00e3o de produtos fitossanit\u00e1rios somente quando o n\u00edvel econ\u00f3mico de ataque \u00e9 atingido;<br \/>\n&gt; plantation de vignes dans un syst\u00e8me \u00ab Vinha ao Alto \u00bb jusqu&#039;\u00e0 40% de pente du sol, et de 40 \u00e0 60% plantation en terrasses avec rang de vignes. Cela \u00e9vite l&#039;utilisation d&#039;herbicides sur les pentes, et leur hauteur est \u00e9galement plus faible.<\/p>\n<p>Avec les pratiques d\u00e9crites, il est possible de prot\u00e9ger les organismes auxiliaires, notamment ceux de la famille des coccinelles.<br \/>\nA noter \u00e9galement la r\u00e9apparition de troupeaux de perdrix dans les vignes.<\/p>","protected":false},"excerpt":{"rendered":"<p>Este vinho, exibe cor palha com laivos esverdeados. Apresenta fragr\u00e2ncias de mel e aromas de flor de laranjeira e n\u00e9ctarina. A do\u00e7ura surge bem integrada com o fruto, acompanhada por uma acidez que o eleva a um patamar de eleg\u00e2ncia rara, com um final extremamente sedutor e longo.<\/p>","protected":false},"featured_media":17604,"template":"","meta":{"_exactmetrics_skip_tracking":false,"_exactmetrics_sitenote_active":false,"_exactmetrics_sitenote_note":"","_exactmetrics_sitenote_category":0,"_uf_show_specific_survey":0,"_uf_disable_surveys":false,"iawp_total_views":6},"product_brand":[],"product_cat":[157,185,165],"product_tag":[],"class_list":{"0":"post-17603","1":"product","2":"type-product","3":"status-publish","4":"has-post-thumbnail","6":"product_cat-vinhos","7":"product_cat-branco","8":"product_cat-colheita-tardia","10":"first","11":"instock","12":"shipping-taxable","13":"purchasable","14":"product-type-simple"},"_links":{"self":[{"href":"https:\/\/garrafeiragrandeescolha.pt\/fr\/wp-json\/wp\/v2\/product\/17603","targetHints":{"allow":["GET"]}}],"collection":[{"href":"https:\/\/garrafeiragrandeescolha.pt\/fr\/wp-json\/wp\/v2\/product"}],"about":[{"href":"https:\/\/garrafeiragrandeescolha.pt\/fr\/wp-json\/wp\/v2\/types\/product"}],"wp:featuredmedia":[{"embeddable":true,"href":"https:\/\/garrafeiragrandeescolha.pt\/fr\/wp-json\/wp\/v2\/media\/17604"}],"wp:attachment":[{"href":"https:\/\/garrafeiragrandeescolha.pt\/fr\/wp-json\/wp\/v2\/media?parent=17603"}],"wp:term":[{"taxonomy":"product_brand","embeddable":true,"href":"https:\/\/garrafeiragrandeescolha.pt\/fr\/wp-json\/wp\/v2\/product_brand?post=17603"},{"taxonomy":"product_cat","embeddable":true,"href":"https:\/\/garrafeiragrandeescolha.pt\/fr\/wp-json\/wp\/v2\/product_cat?post=17603"},{"taxonomy":"product_tag","embeddable":true,"href":"https:\/\/garrafeiragrandeescolha.pt\/fr\/wp-json\/wp\/v2\/product_tag?post=17603"}],"curies":[{"name":"wp","href":"https:\/\/api.w.org\/{rel}","templated":true}]}}