{"id":17706,"date":"2023-07-04T15:27:42","date_gmt":"2023-07-04T15:27:42","guid":{"rendered":"https:\/\/garrafeiragrandeescolha.pt\/?post_type=product&#038;p=17706"},"modified":"2023-07-04T15:33:39","modified_gmt":"2023-07-04T15:33:39","slug":"sao-luiz-reserva-tinto-2020-75cl","status":"publish","type":"product","link":"https:\/\/garrafeiragrandeescolha.pt\/fr\/produit\/sao-luiz-reserva-tinto-2020-75cl\/","title":{"rendered":"S\u00e3o Luiz Reserva Tinto 2020 75cl"},"content":{"rendered":"<div>A Quinta de S. Luiz est\u00e1 estrategicamente localizada para a produ\u00e7\u00e3o dos nossos vinhos. No cora\u00e7\u00e3o da sub-regi\u00e3o do Cima Corgo, bem pr\u00f3xima do Pinh\u00e3o, esta Quinta hist\u00f3rica \u00e9 uma refer\u00eancia no Douro e \u00e9 precisamente aqui que decidimos centralizar a nossa atividade na regi\u00e3o. A Adega Boutique de S\u00e3o Luiz est\u00e1 agora equipada com a mais moderna tecnologia de vinifica\u00e7\u00e3o, tendo como base a produ\u00e7\u00e3o integrada e sustent\u00e1vel.<\/div>\n<div>\n<div class=\"wpb_column vc_column_container vc_col-sm-12 vc_col-lg-4 vc_col-md-4\">\n<div class=\"vc_column-inner vc_custom_1495808692833\">\n<div class=\"wpb_wrapper\">\n<div class=\"wpb_text_column wpb_content_element small-text\">\n<div class=\"wpb_wrapper\">\n<p>A inova\u00e7\u00e3o aliada ao modo tradicional de fazer tem permitido evoluir e manter a personalidade destas terras, que ao longo dos anos t\u00eam conhecido diversas modifica\u00e7\u00f5es. A constru\u00e7\u00e3o da Barragem de Baga\u00faste e a consequente subida do n\u00edvel das \u00e1guas fez com que parte da \u00e1rea original da Quinta de S. Luiz ficasse submersa.<\/p>\n<\/div>\n<\/div>\n<\/div>\n<\/div>\n<\/div>\n<div class=\"wpb_column vc_column_container vc_col-sm-12 vc_col-lg-4 vc_col-md-4\">\n<div class=\"vc_column-inner vc_custom_1495808700007\">\n<div class=\"wpb_wrapper\">\n<div class=\"wpb_text_column wpb_content_element small-text\">\n<div class=\"wpb_wrapper\">\n<p>A solu\u00e7\u00e3o passou pela aquisi\u00e7\u00e3o de propriedades cont\u00edguas, como a Quinta da Mesquita (1972)., Quinta da Lobata (1974), Quinta da Alegria (1982) e Quinta da Galeira (1987). A Quinta contabiliza hoje 125ha, 90 dos quais plantados com vinhas, incluindo cepas velhas que d\u00e3o fruto para os nossos vinhos premium.<\/p>\n<\/div>\n<\/div>\n<\/div>\n<\/div>\n<\/div>\n<\/div>","protected":false},"excerpt":{"rendered":"<p>A vindima foi feita na segunda semana de setembro \u00e0 m\u00e3o para caixas de pequena capacidade.\u00a0A vinifica\u00e7\u00e3o foi realizada com desengace total e esmagamento.\u00a0Fermenta\u00e7\u00e3o alco\u00f3lica em cubas de inox durante 12 dias seguida de macera\u00e7\u00e3o peculiar durante 15 dias.\u00a0Parte da fermenta\u00e7\u00e3o malol\u00e1ctica em barricas.\u00a0Amadurecido em barricas novas e de segundo ano de carvalho franc\u00eas de 225 litros durante 14 meses.<\/p>\n<p>Aromas muito definidos a frutos maduros, com notas de especiarias e harmoniosas com notas de madeira.\u00a0O paladar transmite estrutura elegante, taninos aveludados e untuosidade.\u00a0Um vinho profundo, equilibrado e envolvente, evoluindo para um final refrescante.<\/p>\n<p>Melhor servido a uma temperatura entre 16 &#8211; 18\u00baC.\u00a0Ideal para acompanhar carnes vermelhas, ca\u00e7a e queijos.<\/p>","protected":false},"featured_media":17707,"template":"","meta":{"_exactmetrics_skip_tracking":false,"_exactmetrics_sitenote_active":false,"_exactmetrics_sitenote_note":"","_exactmetrics_sitenote_category":0,"_uf_show_specific_survey":0,"_uf_disable_surveys":false,"iawp_total_views":41},"product_brand":[],"product_cat":[157,184,215],"product_tag":[],"class_list":{"0":"post-17706","1":"product","2":"type-product","3":"status-publish","4":"has-post-thumbnail","6":"product_cat-vinhos","7":"product_cat-tinto","8":"product_cat-douro","10":"first","11":"instock","12":"shipping-taxable","13":"purchasable","14":"product-type-simple"},"_links":{"self":[{"href":"https:\/\/garrafeiragrandeescolha.pt\/fr\/wp-json\/wp\/v2\/product\/17706","targetHints":{"allow":["GET"]}}],"collection":[{"href":"https:\/\/garrafeiragrandeescolha.pt\/fr\/wp-json\/wp\/v2\/product"}],"about":[{"href":"https:\/\/garrafeiragrandeescolha.pt\/fr\/wp-json\/wp\/v2\/types\/product"}],"wp:featuredmedia":[{"embeddable":true,"href":"https:\/\/garrafeiragrandeescolha.pt\/fr\/wp-json\/wp\/v2\/media\/17707"}],"wp:attachment":[{"href":"https:\/\/garrafeiragrandeescolha.pt\/fr\/wp-json\/wp\/v2\/media?parent=17706"}],"wp:term":[{"taxonomy":"product_brand","embeddable":true,"href":"https:\/\/garrafeiragrandeescolha.pt\/fr\/wp-json\/wp\/v2\/product_brand?post=17706"},{"taxonomy":"product_cat","embeddable":true,"href":"https:\/\/garrafeiragrandeescolha.pt\/fr\/wp-json\/wp\/v2\/product_cat?post=17706"},{"taxonomy":"product_tag","embeddable":true,"href":"https:\/\/garrafeiragrandeescolha.pt\/fr\/wp-json\/wp\/v2\/product_tag?post=17706"}],"curies":[{"name":"wp","href":"https:\/\/api.w.org\/{rel}","templated":true}]}}