{"id":17768,"date":"2023-07-27T15:25:03","date_gmt":"2023-07-27T15:25:03","guid":{"rendered":"https:\/\/garrafeiragrandeescolha.pt\/?post_type=product&#038;p=17768"},"modified":"2026-04-01T15:00:29","modified_gmt":"2026-04-01T15:00:29","slug":"mirabilis-grande-reserva-tinto-2021-75cl","status":"publish","type":"product","link":"https:\/\/garrafeiragrandeescolha.pt\/fr\/produit\/mirabilis-grande-reserva-tinto-2021-75cl\/","title":{"rendered":"Mirabilis Grande Reserva Tinto 2021 75cl"},"content":{"rendered":"<div class=\"page-title\">\n<p class=\"h2\"><img decoding=\"async\" class=\"size-medium wp-image-15436 aligncenter\" src=\"http:\/\/garrafeiragrandeescolha.pt\/wp-content\/uploads\/2022\/02\/quinta-nova-logo-300x158.png\" alt=\"\" width=\"300\" height=\"158\" srcset=\"https:\/\/garrafeiragrandeescolha.pt\/wp-content\/uploads\/2022\/02\/quinta-nova-logo-300x158.png 300w, https:\/\/garrafeiragrandeescolha.pt\/wp-content\/uploads\/2022\/02\/quinta-nova-logo-1024x539.png 1024w, https:\/\/garrafeiragrandeescolha.pt\/wp-content\/uploads\/2022\/02\/quinta-nova-logo-768x404.png 768w, https:\/\/garrafeiragrandeescolha.pt\/wp-content\/uploads\/2022\/02\/quinta-nova-logo-1536x808.png 1536w, https:\/\/garrafeiragrandeescolha.pt\/wp-content\/uploads\/2022\/02\/quinta-nova-logo-600x316.png 600w, https:\/\/garrafeiragrandeescolha.pt\/wp-content\/uploads\/2022\/02\/quinta-nova-logo.png 1583w\" sizes=\"(max-width: 300px) 100vw, 300px\" \/><\/p>\n<p class=\"h2\">Avec une histoire bicentenaire, la Quinta Nova de Nossa Senhora do Carmo s&#039;\u00e9tend sur 120 ha de terrain, remontant \u00e0 la premi\u00e8re d\u00e9marcation Pombaline en 1756.<\/p>\n<\/div>\n<div class=\"xms-text big-text\">\n<p>Harmonieusement int\u00e9gr\u00e9s dans l&#039;une des collines de la propri\u00e9t\u00e9 se trouvent la cave \u00e0 vin d&#039;origine, datant de 1764, et le manoir du 19\u00e8me si\u00e8cle avec la chapelle (1765).<\/p>\n<p>Ayant appartenu \u00e0 la Maison Royale Portugaise jusqu&#039;en 1725, elle est devenue une \u00ab nouvelle ferme \u00bb en r\u00e9unissant deux fermes en une seule. Au cours des XVIIIe et XIXe si\u00e8cles, ont v\u00e9cu ici plusieurs familles portugaises qui ont donn\u00e9 vie au vignoble et au vin, aux vergers fruitiers, au moulin \u00e0 eau \u00e0 c\u00f4t\u00e9 de l&#039;ancienne oliveraie et \u00e0 la rivi\u00e8re qui traverse la ferme, \u00e0 une \u00e9poque importante de l&#039;agriculture du Douro.<\/p>\n<\/div>","protected":false},"excerpt":{"rendered":"<p>O Mirabilis Tinto \u00e9 inspirado na linha dos grandes vinhos do mundo, onde se criam texturas, aromas, gravidade e transpar\u00eancia.<\/p>\n<p>Ap\u00f3s a criteriosa sele\u00e7\u00e3o das melhores parcelas e de uma vindima\u00a0<em>manicure<\/em>, este lote entra em confronto com a origem da mat\u00e9ria-prima, colocando \u00e0 margem o conceito de\u00a0<em>terroir<\/em>.<\/p>\n<p>\u00c9 um vinho irrepet\u00edvel, n\u00e3o copi\u00e1vel ano ap\u00f3s ano, com uma composi\u00e7\u00e3o heterog\u00e9nea de pequenas quantidades, poucos litros de cada uma das nossas melhores barricas, passando por uma longa per\u00edcia de prova at\u00e9 ao resultado final.<\/p>\n<p>O Mirabilis Tinto espelha os anos vit\u00edcolas com maior profundidade da Quinta Nova de Nossa Senhora do Carmo, refletindo-se num vinho denso, intenso de aromas, tridimensional, de enorme persist\u00eancia f\u00edsica, profundo e muito preciso.<\/p>\n<p>Um vinho que extravasa a nossa compreens\u00e3o\u2026 e, com calma, aproxima-se da maturidade humana.<\/p>\n<p>&nbsp;<\/p>","protected":false},"featured_media":17769,"template":"","meta":{"_exactmetrics_skip_tracking":false,"_exactmetrics_sitenote_active":false,"_exactmetrics_sitenote_note":"","_exactmetrics_sitenote_category":0,"_uf_show_specific_survey":0,"_uf_disable_surveys":false,"iawp_total_views":24},"product_brand":[],"product_cat":[162,157,201,184,215],"product_tag":[],"class_list":{"0":"post-17768","1":"product","2":"type-product","3":"status-publish","4":"has-post-thumbnail","6":"product_cat-raridades","7":"product_cat-vinhos","8":"product_cat-grandes-vinhos","9":"product_cat-tinto","10":"product_cat-douro","12":"first","13":"instock","14":"shipping-taxable","15":"purchasable","16":"product-type-simple"},"_links":{"self":[{"href":"https:\/\/garrafeiragrandeescolha.pt\/fr\/wp-json\/wp\/v2\/product\/17768","targetHints":{"allow":["GET"]}}],"collection":[{"href":"https:\/\/garrafeiragrandeescolha.pt\/fr\/wp-json\/wp\/v2\/product"}],"about":[{"href":"https:\/\/garrafeiragrandeescolha.pt\/fr\/wp-json\/wp\/v2\/types\/product"}],"wp:featuredmedia":[{"embeddable":true,"href":"https:\/\/garrafeiragrandeescolha.pt\/fr\/wp-json\/wp\/v2\/media\/17769"}],"wp:attachment":[{"href":"https:\/\/garrafeiragrandeescolha.pt\/fr\/wp-json\/wp\/v2\/media?parent=17768"}],"wp:term":[{"taxonomy":"product_brand","embeddable":true,"href":"https:\/\/garrafeiragrandeescolha.pt\/fr\/wp-json\/wp\/v2\/product_brand?post=17768"},{"taxonomy":"product_cat","embeddable":true,"href":"https:\/\/garrafeiragrandeescolha.pt\/fr\/wp-json\/wp\/v2\/product_cat?post=17768"},{"taxonomy":"product_tag","embeddable":true,"href":"https:\/\/garrafeiragrandeescolha.pt\/fr\/wp-json\/wp\/v2\/product_tag?post=17768"}],"curies":[{"name":"wp","href":"https:\/\/api.w.org\/{rel}","templated":true}]}}