{"id":17845,"date":"2023-09-11T17:26:42","date_gmt":"2023-09-11T17:26:42","guid":{"rendered":"https:\/\/garrafeiragrandeescolha.pt\/?post_type=product&#038;p=17845"},"modified":"2024-01-26T18:19:16","modified_gmt":"2024-01-26T18:19:16","slug":"amnesia-tinto-2020-75cl","status":"publish","type":"product","link":"https:\/\/garrafeiragrandeescolha.pt\/fr\/produit\/amnesia-tinto-2020-75cl\/","title":{"rendered":"Amn\u00e9sia Tinto 2020 75cl"},"content":{"rendered":"<p>Figueirinha, acquise en 1998 par le Comendador Leonel Cameirinha, et aujourd&#039;hui sous la direction de son petit-fils Filipe Cameirinha Ramos, est une entreprise familiale situ\u00e9e au c\u0153ur de l&#039;Alentejo et, \u00e0 ce titre, est fid\u00e8le \u00e0 ses racines alentejoises.<br \/>\nC&#039;est pourquoi elle rassemble trois g\u00e9n\u00e9rations autour de la terre, de l&#039;agriculture et de la passion de la culture du vin et de l&#039;huile d&#039;olive.<\/p>\n<p>Consid\u00e9r\u00e9 comme l\u2019arbre de la g\u00e9n\u00e9rosit\u00e9 et de la pl\u00e9nitude, aux propri\u00e9t\u00e9s protectrices, fertilisantes et r\u00e9g\u00e9n\u00e9rantes.<br \/>\nSymbole de chaleur et de M\u00e9diterran\u00e9e, il donne g\u00e9n\u00e9reusement son nom au Domaine et son ombre \u00e0 ses habitants.<\/p>\n<p>Le Domaine s&#039;\u00e9tend sur 300 hectares de plaines color\u00e9es, mais le vignoble, l&#039;oliveraie et l&#039;amandier sont les v\u00e9ritables amours de ce projet.<\/p>\n<p>Le projet embrasse l&#039;\u00e9cosyst\u00e8me, dans une philosophie de production int\u00e9gr\u00e9e, avec optimisation des ressources et protection de l&#039;environnement. Aujourd\u2019hui, cultivez la nature que vous esp\u00e9rez retrouver demain, durablement et en pleine harmonie.<\/p>","protected":false},"excerpt":{"rendered":"<p>Castas: Aragonez, Cabernet Sauvignon, Syrah<\/p>\n<p>Apresenta cor rubi intenso, aroma a frutos vermelhos, ch\u00e1 preto, taninos suaves e acidez equilibrada.<\/p>","protected":false},"featured_media":17846,"template":"","meta":{"_exactmetrics_skip_tracking":false,"_exactmetrics_sitenote_active":false,"_exactmetrics_sitenote_note":"","_exactmetrics_sitenote_category":0,"_uf_show_specific_survey":0,"_uf_disable_surveys":false,"iawp_total_views":138},"product_brand":[],"product_cat":[157,184,207],"product_tag":[],"class_list":{"0":"post-17845","1":"product","2":"type-product","3":"status-publish","4":"has-post-thumbnail","6":"product_cat-vinhos","7":"product_cat-tinto","8":"product_cat-alentejo","10":"first","11":"instock","12":"shipping-taxable","13":"purchasable","14":"product-type-simple"},"_links":{"self":[{"href":"https:\/\/garrafeiragrandeescolha.pt\/fr\/wp-json\/wp\/v2\/product\/17845","targetHints":{"allow":["GET"]}}],"collection":[{"href":"https:\/\/garrafeiragrandeescolha.pt\/fr\/wp-json\/wp\/v2\/product"}],"about":[{"href":"https:\/\/garrafeiragrandeescolha.pt\/fr\/wp-json\/wp\/v2\/types\/product"}],"wp:featuredmedia":[{"embeddable":true,"href":"https:\/\/garrafeiragrandeescolha.pt\/fr\/wp-json\/wp\/v2\/media\/17846"}],"wp:attachment":[{"href":"https:\/\/garrafeiragrandeescolha.pt\/fr\/wp-json\/wp\/v2\/media?parent=17845"}],"wp:term":[{"taxonomy":"product_brand","embeddable":true,"href":"https:\/\/garrafeiragrandeescolha.pt\/fr\/wp-json\/wp\/v2\/product_brand?post=17845"},{"taxonomy":"product_cat","embeddable":true,"href":"https:\/\/garrafeiragrandeescolha.pt\/fr\/wp-json\/wp\/v2\/product_cat?post=17845"},{"taxonomy":"product_tag","embeddable":true,"href":"https:\/\/garrafeiragrandeescolha.pt\/fr\/wp-json\/wp\/v2\/product_tag?post=17845"}],"curies":[{"name":"wp","href":"https:\/\/api.w.org\/{rel}","templated":true}]}}