{"id":17928,"date":"2023-10-15T11:24:07","date_gmt":"2023-10-15T11:24:07","guid":{"rendered":"https:\/\/garrafeiragrandeescolha.pt\/?post_type=product&#038;p=17928"},"modified":"2026-01-12T17:02:50","modified_gmt":"2026-01-12T17:02:50","slug":"grandes-quintas-superior-tinto-2019-75cl","status":"publish","type":"product","link":"https:\/\/garrafeiragrandeescolha.pt\/fr\/produit\/grandes-quintas-superior-tinto-2019-75cl\/","title":{"rendered":"Grandes Quintas Superior Tinto 2020 75cl"},"content":{"rendered":"<p><img fetchpriority=\"high\" decoding=\"async\" class=\"size-medium wp-image-15184 aligncenter\" src=\"http:\/\/garrafeiragrandeescolha.pt\/wp-content\/uploads\/2022\/02\/arrochella-logo-300x180.png\" alt=\"\" width=\"300\" height=\"180\" srcset=\"https:\/\/garrafeiragrandeescolha.pt\/wp-content\/uploads\/2022\/02\/arrochella-logo-300x180.png 300w, https:\/\/garrafeiragrandeescolha.pt\/wp-content\/uploads\/2022\/02\/arrochella-logo.png 357w\" sizes=\"(max-width: 300px) 100vw, 300px\" \/><\/p>\n<p>Avec environ 600 hectares, r\u00e9partis sur cinq fermes, Casa de Arrochella fait partie de la nouvelle g\u00e9n\u00e9ration de producteurs de vins DOC Douro et d&#039;huiles d&#039;olive DOP Tr\u00e1s-os-Montes. Descendant et successeur de Nicolau de Arrochella Moraes et de Castro Pimentel, 1er comte d&#039;Arrochella, Bernardo Alegria est le moteur de ce projet du Douro Sup\u00e9rieur avec plus de 115 hectares de vignobles. Il a cherch\u00e9 \u00e0 unir l&#039;histoire des liens importants de Casa de Arrochella dans la r\u00e9gion de Tr\u00e1s-os-Montes et du Haut Douro avec sa passion et son d\u00e9vouement pour le Douro. C&#039;est dans la sous-r\u00e9gion du Douro Sup\u00e9rieur, entre Vila Flor, Torre de Moncorvo et Foz C\u00f4a que se d\u00e9roule toute la production de vin et d&#039;huile d&#039;olive.<\/p>","protected":false},"excerpt":{"rendered":"<p>Castas: Touriga Nacional, Touriga Franca, Sous\u00e3o e Tinta Roriz<\/p>\n<p>Cor vermelha fechada com reflexos granada.\u00a0Aroma floral intenso e fresco, num conjunto muito complexo e equilibrado.\u00a0Na boca \u00e9 delicado, fresco e muito persistente.\u00a0Ricas notas de especiarias e florais, taninos finos e elegantes, final longo e persistente.<\/p>\n<p>Cor vermelho vivo e intenso. No aroma apresenta boa intensidade e persist\u00eancia com envolventes notas florais e frutos vermelhos e baunilha. Na boca \u00e9 vinoso e fresco, bons taninos e corpo envolvente, boas notas de frutos vermelhos. Termina persistente e prolongado.<\/p>\n<p>O vinho estagiou durante 10 meses, uma parte em barricas de 3\u00aa ano e outra em barricas usadas de carvalho franc\u00eas.<\/p>","protected":false},"featured_media":21053,"template":"","meta":{"_exactmetrics_skip_tracking":false,"_exactmetrics_sitenote_active":false,"_exactmetrics_sitenote_note":"","_exactmetrics_sitenote_category":0,"_uf_show_specific_survey":0,"_uf_disable_surveys":false,"iawp_total_views":44},"product_brand":[],"product_cat":[215,184,157],"product_tag":[],"class_list":{"0":"post-17928","1":"product","2":"type-product","3":"status-publish","4":"has-post-thumbnail","6":"product_cat-douro","7":"product_cat-tinto","8":"product_cat-vinhos","10":"first","11":"instock","12":"shipping-taxable","13":"purchasable","14":"product-type-simple"},"_links":{"self":[{"href":"https:\/\/garrafeiragrandeescolha.pt\/fr\/wp-json\/wp\/v2\/product\/17928","targetHints":{"allow":["GET"]}}],"collection":[{"href":"https:\/\/garrafeiragrandeescolha.pt\/fr\/wp-json\/wp\/v2\/product"}],"about":[{"href":"https:\/\/garrafeiragrandeescolha.pt\/fr\/wp-json\/wp\/v2\/types\/product"}],"wp:featuredmedia":[{"embeddable":true,"href":"https:\/\/garrafeiragrandeescolha.pt\/fr\/wp-json\/wp\/v2\/media\/21053"}],"wp:attachment":[{"href":"https:\/\/garrafeiragrandeescolha.pt\/fr\/wp-json\/wp\/v2\/media?parent=17928"}],"wp:term":[{"taxonomy":"product_brand","embeddable":true,"href":"https:\/\/garrafeiragrandeescolha.pt\/fr\/wp-json\/wp\/v2\/product_brand?post=17928"},{"taxonomy":"product_cat","embeddable":true,"href":"https:\/\/garrafeiragrandeescolha.pt\/fr\/wp-json\/wp\/v2\/product_cat?post=17928"},{"taxonomy":"product_tag","embeddable":true,"href":"https:\/\/garrafeiragrandeescolha.pt\/fr\/wp-json\/wp\/v2\/product_tag?post=17928"}],"curies":[{"name":"wp","href":"https:\/\/api.w.org\/{rel}","templated":true}]}}