{"id":17938,"date":"2023-10-18T07:27:20","date_gmt":"2023-10-18T07:27:20","guid":{"rendered":"https:\/\/garrafeiragrandeescolha.pt\/?post_type=product&#038;p=17938"},"modified":"2025-12-20T15:37:52","modified_gmt":"2025-12-20T15:37:52","slug":"cartuxa-tinto-2019-75cl","status":"publish","type":"product","link":"https:\/\/garrafeiragrandeescolha.pt\/fr\/produit\/cartuxa-tinto-2019-75cl\/","title":{"rendered":"Cartuxa Tinto 2021 75cl"},"content":{"rendered":"<p><img decoding=\"async\" class=\"size-medium wp-image-15182 aligncenter\" src=\"http:\/\/garrafeiragrandeescolha.pt\/wp-content\/uploads\/2022\/02\/cartuxa-logo-300x97.png\" alt=\"\" width=\"300\" height=\"97\" srcset=\"https:\/\/garrafeiragrandeescolha.pt\/wp-content\/uploads\/2022\/02\/cartuxa-logo-300x97.png 300w, https:\/\/garrafeiragrandeescolha.pt\/wp-content\/uploads\/2022\/02\/cartuxa-logo.png 332w\" sizes=\"(max-width: 300px) 100vw, 300px\" \/><\/p>\n<p>Derri\u00e8re Adega Cartuxa se cache une grande famille, la famille Eug\u00e9nio de Almeida. Revenons \u00e0 1913, ann\u00e9e de la naissance de Vasco Maria, dans l&#039;une des familles les plus influentes du XIXe si\u00e8cle. N\u00e9 \u00e0 Lisbonne, il \u00e9tablit rapidement des liens avec \u00c9vora et l&#039;Alentejo, o\u00f9 la famille poss\u00e9dait un vaste h\u00e9ritage. Vasco Maria a toujours consid\u00e9r\u00e9 les personnes comme la variable la plus pr\u00e9cieuse autour de laquelle il a organis\u00e9 tous ses efforts. Parmi eux, se distinguent la revitalisation de l&#039;activit\u00e9 vitivinicole et l&#039;investissement dans la plantation d&#039;une vaste zone d&#039;oliviers \u00e0 quelques kilom\u00e8tres d&#039;\u00c9vora, qui ont donn\u00e9 naissance aux vins et aux huiles d&#039;olive encore produits aujourd&#039;hui.<\/p>","protected":false},"excerpt":{"rendered":"<p>Vinifica\u00e7\u00e3o do Vinho Cartuxa DOC Tinto: produzido a partir das castas Aragonez, Alicante Bouschet e Trincadeira, plantadas nas vinhas de Funda\u00e7\u00e3o Eug\u00e9nio de Almeida. Quando as uvas atingem o estado de matura\u00e7\u00e3o ideal, s\u00e3o colhidas e transportadas para a adega, onde se inicia o processo tecnol\u00f3gico com desengace total e ligeiro esmagamento. Em seguida, as uvas s\u00e3o fermentadas separadamente, em cubas de inox, \u00e0 temperatura de 27\u00ba, a que se segue matura\u00e7\u00e3o p\u00f3s-fermentiva prolongada.<\/p>\n<p>Estagiou 12 meses em ton\u00e9is e barricas de carvalho franc\u00eas e 6 meses em garrafa.<\/p>","protected":false},"featured_media":15902,"template":"","meta":{"_exactmetrics_skip_tracking":false,"_exactmetrics_sitenote_active":false,"_exactmetrics_sitenote_note":"","_exactmetrics_sitenote_category":0,"_uf_show_specific_survey":0,"_uf_disable_surveys":false,"iawp_total_views":29},"product_brand":[],"product_cat":[207,184,157],"product_tag":[],"class_list":{"0":"post-17938","1":"product","2":"type-product","3":"status-publish","4":"has-post-thumbnail","6":"product_cat-alentejo","7":"product_cat-tinto","8":"product_cat-vinhos","10":"first","11":"instock","12":"shipping-taxable","13":"purchasable","14":"product-type-simple"},"_links":{"self":[{"href":"https:\/\/garrafeiragrandeescolha.pt\/fr\/wp-json\/wp\/v2\/product\/17938","targetHints":{"allow":["GET"]}}],"collection":[{"href":"https:\/\/garrafeiragrandeescolha.pt\/fr\/wp-json\/wp\/v2\/product"}],"about":[{"href":"https:\/\/garrafeiragrandeescolha.pt\/fr\/wp-json\/wp\/v2\/types\/product"}],"wp:featuredmedia":[{"embeddable":true,"href":"https:\/\/garrafeiragrandeescolha.pt\/fr\/wp-json\/wp\/v2\/media\/15902"}],"wp:attachment":[{"href":"https:\/\/garrafeiragrandeescolha.pt\/fr\/wp-json\/wp\/v2\/media?parent=17938"}],"wp:term":[{"taxonomy":"product_brand","embeddable":true,"href":"https:\/\/garrafeiragrandeescolha.pt\/fr\/wp-json\/wp\/v2\/product_brand?post=17938"},{"taxonomy":"product_cat","embeddable":true,"href":"https:\/\/garrafeiragrandeescolha.pt\/fr\/wp-json\/wp\/v2\/product_cat?post=17938"},{"taxonomy":"product_tag","embeddable":true,"href":"https:\/\/garrafeiragrandeescolha.pt\/fr\/wp-json\/wp\/v2\/product_tag?post=17938"}],"curies":[{"name":"wp","href":"https:\/\/api.w.org\/{rel}","templated":true}]}}