{"id":18161,"date":"2023-11-12T12:43:19","date_gmt":"2023-11-12T12:43:19","guid":{"rendered":"https:\/\/garrafeiragrandeescolha.pt\/?post_type=product&#038;p=18161"},"modified":"2024-05-19T09:23:47","modified_gmt":"2024-05-19T09:23:47","slug":"quinta-dos-roques-encruzado-branco-75cl","status":"publish","type":"product","link":"https:\/\/garrafeiragrandeescolha.pt\/fr\/produit\/quinta-dos-roques-encruzado-branco-75cl\/","title":{"rendered":"Quinta dos Roques Encruzado Blanc 75cl"},"content":{"rendered":"<p><img decoding=\"async\" class=\"size-full wp-image-18163 aligncenter\" src=\"http:\/\/garrafeiragrandeescolha.pt\/wp-content\/uploads\/2023\/11\/qta-roques-logo.png\" alt=\"\" width=\"214\" height=\"183\" srcset=\"https:\/\/garrafeiragrandeescolha.pt\/wp-content\/uploads\/2023\/11\/qta-roques-logo.png 214w, https:\/\/garrafeiragrandeescolha.pt\/wp-content\/uploads\/2023\/11\/qta-roques-logo-14x12.png 14w\" sizes=\"(max-width: 214px) 100vw, 214px\" \/><\/p>\n<p>A Quinta dos Roques \u00e9 uma adega familiar de 3\u00aa gera\u00e7\u00e3o.<\/p>\n<p>Trabalhamos apenas com castas pr\u00f3prias para fazer os tradicionais blends portugueses e fomos pioneiros na produ\u00e7\u00e3o de vinhos varietais na regi\u00e3o do D\u00e3o durante a d\u00e9cada de 90.\u00a0Atualmente trabalhamos com 6 castas brancas, 6 tintas e 3 vinhas mistas com +40 anos, para produzir uma grande variedade de vinhos, desde blends a castas e espumantes.<\/p>\n<p>Conhe\u00e7a o sabor, o sabor e a diversidade \u00fanicos dos vinhos de uma das mais antigas regi\u00f5es portuguesas, o D\u00e3o, um mundo de diferen\u00e7a!<\/p>","protected":false},"excerpt":{"rendered":"<p>A Quinta dos Roques \u00e9 uma adega familiar de 3\u00aa gera\u00e7\u00e3o. Trabalhamos apenas com castas pr\u00f3prias para fazer os tradicionais blends portugueses e fomos pioneiros na produ\u00e7\u00e3o de vinhos varietais na regi\u00e3o do D\u00e3o durante a d\u00e9cada de 90.\u00a0Atualmente trabalhamos com 6 castas brancas, 6 tintas e 3 vinhas mistas com +40 anos, para produzir [&hellip;]<\/p>","protected":false},"featured_media":18162,"template":"","meta":{"_exactmetrics_skip_tracking":false,"_exactmetrics_sitenote_active":false,"_exactmetrics_sitenote_note":"","_exactmetrics_sitenote_category":0,"_uf_show_specific_survey":0,"_uf_disable_surveys":false,"iawp_total_views":12},"product_brand":[],"product_cat":[157,185,209],"product_tag":[],"class_list":{"0":"post-18161","1":"product","2":"type-product","3":"status-publish","4":"has-post-thumbnail","6":"product_cat-vinhos","7":"product_cat-branco","8":"product_cat-dao","10":"first","11":"instock","12":"shipping-taxable","13":"purchasable","14":"product-type-simple"},"_links":{"self":[{"href":"https:\/\/garrafeiragrandeescolha.pt\/fr\/wp-json\/wp\/v2\/product\/18161","targetHints":{"allow":["GET"]}}],"collection":[{"href":"https:\/\/garrafeiragrandeescolha.pt\/fr\/wp-json\/wp\/v2\/product"}],"about":[{"href":"https:\/\/garrafeiragrandeescolha.pt\/fr\/wp-json\/wp\/v2\/types\/product"}],"wp:featuredmedia":[{"embeddable":true,"href":"https:\/\/garrafeiragrandeescolha.pt\/fr\/wp-json\/wp\/v2\/media\/18162"}],"wp:attachment":[{"href":"https:\/\/garrafeiragrandeescolha.pt\/fr\/wp-json\/wp\/v2\/media?parent=18161"}],"wp:term":[{"taxonomy":"product_brand","embeddable":true,"href":"https:\/\/garrafeiragrandeescolha.pt\/fr\/wp-json\/wp\/v2\/product_brand?post=18161"},{"taxonomy":"product_cat","embeddable":true,"href":"https:\/\/garrafeiragrandeescolha.pt\/fr\/wp-json\/wp\/v2\/product_cat?post=18161"},{"taxonomy":"product_tag","embeddable":true,"href":"https:\/\/garrafeiragrandeescolha.pt\/fr\/wp-json\/wp\/v2\/product_tag?post=18161"}],"curies":[{"name":"wp","href":"https:\/\/api.w.org\/{rel}","templated":true}]}}