{"id":18451,"date":"2023-12-13T12:20:07","date_gmt":"2023-12-13T12:20:07","guid":{"rendered":"https:\/\/garrafeiragrandeescolha.pt\/?post_type=product&#038;p=18451"},"modified":"2024-03-09T13:11:13","modified_gmt":"2024-03-09T13:11:13","slug":"s-de-souverains-rouge-2004-75cl","status":"publish","type":"product","link":"https:\/\/garrafeiragrandeescolha.pt\/fr\/produit\/s-de-souverains-rouge-2004-75cl\/","title":{"rendered":"S de Soberanas Rouge 2004 75cl"},"content":{"rendered":"<p>Chez Sovereigns, nous privil\u00e9gions avant tout le\u00a0<em>terroir<\/em>\u00a0et des ressources naturelles, dans toutes nos activit\u00e9s. La qualit\u00e9 est notre objectif principal, m\u00eame si cela implique des efforts financiers suppl\u00e9mentaires. Le vin est notre aventure la plus r\u00e9cente et aussi celle dans laquelle les particularit\u00e9s du sol et du climat rev\u00eatent une importance cruciale.<\/p>\n<p>L&#039;exploitation agricole est situ\u00e9e \u00e0 Monte da Soberana, pr\u00e8s de Torr\u00e3o, au c\u0153ur du Baixo Alentejo, et le si\u00e8ge de l&#039;entreprise \u2013 Sociedade Agro-Pecu\u00e1ria das Soberanas, Lda \u2013 est situ\u00e9 \u00e0 Lisbonne. Nos vignobles sont administrativement situ\u00e9s dans la r\u00e9gion de la p\u00e9ninsule de Setubal et nos vins sont produits sous les marques \u00ab Monte da Soberana \u00bb, \u00ab XS \u00bb, \u00ab Soberana \u00bb et \u00ab S de Soberanas \u00bb, sous le nom de \u00ab Vinho Regional Pen\u00ednsula de Setubal \u00bb.<\/p>","protected":false},"excerpt":{"rendered":"<p>C\u00e9pages : Trincadeira (50%) Alicante Bouschet (50%)<\/p>\n<p>Sans renoncer \u00e0 l&#039;\u00e9quilibre et \u00e0 l&#039;\u00e9l\u00e9gance, S das Soberanas est un vin d&#039;une grande profondeur. Toujours aux contours marqu\u00e9s et ferm\u00e9 en ar\u00f4mes, on sent le r\u00e9sultat du choix judicieux de la mati\u00e8re premi\u00e8re qui entre dans sa composition. La fra\u00eecheur du vin vient de sa proximit\u00e9 avec la mer, caract\u00e9ristique de Terras do Sado, tandis que sa profondeur et son volume \u00e9voquent le velout\u00e9 des rouges de l&#039;Alentejo. Cela est d\u00fb au fait que nous nous trouvons dans une zone de transition, dans laquelle le comportement des c\u00e9pages typiques de l&#039;Alentejo r\u00e9v\u00e8le des aspects presque inconnus jusqu&#039;\u00e0 aujourd&#039;hui. C&#039;est le terroir de Soberanas. Le vin doit \u00eatre bu \u00e0 une temp\u00e9rature de 16\/17\u00baC, une carafe est recommand\u00e9e.<\/p>\n<p>Elevage F\u00fbts neufs de ch\u00eane fran\u00e7ais Elevage pendant 24 mois.<\/p>","protected":false},"featured_media":18452,"template":"","meta":{"_exactmetrics_skip_tracking":false,"_exactmetrics_sitenote_active":false,"_exactmetrics_sitenote_note":"","_exactmetrics_sitenote_category":0,"_uf_show_specific_survey":0,"_uf_disable_surveys":false,"iawp_total_views":81},"product_brand":[],"product_cat":[162,157,201,184,214],"product_tag":[],"class_list":{"0":"post-18451","1":"product","2":"type-product","3":"status-publish","4":"has-post-thumbnail","6":"product_cat-raridades","7":"product_cat-vinhos","8":"product_cat-grandes-vinhos","9":"product_cat-tinto","10":"product_cat-setubal","12":"first","13":"instock","14":"featured","15":"shipping-taxable","16":"purchasable","17":"product-type-simple"},"_links":{"self":[{"href":"https:\/\/garrafeiragrandeescolha.pt\/fr\/wp-json\/wp\/v2\/product\/18451","targetHints":{"allow":["GET"]}}],"collection":[{"href":"https:\/\/garrafeiragrandeescolha.pt\/fr\/wp-json\/wp\/v2\/product"}],"about":[{"href":"https:\/\/garrafeiragrandeescolha.pt\/fr\/wp-json\/wp\/v2\/types\/product"}],"wp:featuredmedia":[{"embeddable":true,"href":"https:\/\/garrafeiragrandeescolha.pt\/fr\/wp-json\/wp\/v2\/media\/18452"}],"wp:attachment":[{"href":"https:\/\/garrafeiragrandeescolha.pt\/fr\/wp-json\/wp\/v2\/media?parent=18451"}],"wp:term":[{"taxonomy":"product_brand","embeddable":true,"href":"https:\/\/garrafeiragrandeescolha.pt\/fr\/wp-json\/wp\/v2\/product_brand?post=18451"},{"taxonomy":"product_cat","embeddable":true,"href":"https:\/\/garrafeiragrandeescolha.pt\/fr\/wp-json\/wp\/v2\/product_cat?post=18451"},{"taxonomy":"product_tag","embeddable":true,"href":"https:\/\/garrafeiragrandeescolha.pt\/fr\/wp-json\/wp\/v2\/product_tag?post=18451"}],"curies":[{"name":"wp","href":"https:\/\/api.w.org\/{rel}","templated":true}]}}