{"id":18553,"date":"2024-01-13T12:41:17","date_gmt":"2024-01-13T12:41:17","guid":{"rendered":"https:\/\/garrafeiragrandeescolha.pt\/?post_type=product&#038;p=18553"},"modified":"2024-10-22T11:34:54","modified_gmt":"2024-10-22T11:34:54","slug":"chocapalha-castelao-2017-75cl","status":"publish","type":"product","link":"https:\/\/garrafeiragrandeescolha.pt\/fr\/produit\/chocapalha-castelao-2017-75cl\/","title":{"rendered":"Chocapalha Castel\u00e3o Tinto 2017 75cl"},"content":{"rendered":"<p><img decoding=\"async\" class=\"size-medium wp-image-18554 aligncenter\" src=\"http:\/\/garrafeiragrandeescolha.pt\/wp-content\/uploads\/2024\/01\/QTACHOCAPALHA_LOGO_B_2-300x120.png\" alt=\"\" width=\"300\" height=\"120\" srcset=\"https:\/\/garrafeiragrandeescolha.pt\/wp-content\/uploads\/2024\/01\/QTACHOCAPALHA_LOGO_B_2-300x120.png 300w, https:\/\/garrafeiragrandeescolha.pt\/wp-content\/uploads\/2024\/01\/QTACHOCAPALHA_LOGO_B_2-18x7.png 18w, https:\/\/garrafeiragrandeescolha.pt\/wp-content\/uploads\/2024\/01\/QTACHOCAPALHA_LOGO_B_2.png 567w\" sizes=\"(max-width: 300px) 100vw, 300px\" \/><\/p>\n<p>Tudo come\u00e7ou em 1987 quando Alice e Paulo procuravam uma propriedade que fosse o Projecto da sua fam\u00edlia e onde se pudesse fazer vinho de grande qualidade.<\/p>\n<div class=\"et_pb_module et_pb_text et_pb_text_1  et_pb_text_align_justified et_pb_bg_layout_light et_had_animation\">\n<div class=\"et_pb_text_inner\">Na Quinta da Chocapalha todos os elementos da fam\u00edlia t\u00eam um papel na cria\u00e7\u00e3o do esp\u00edrito do projecto.<\/div>\n<\/div>\n<div class=\"et_pb_module et_pb_text et_pb_text_2  et_pb_text_align_justified et_pb_bg_layout_light et_had_animation\">\n<div class=\"et_pb_text_inner\">Alice e Paulo Tavares da Silva encontraram a quinta para realizar o sonho da fam\u00edlia. Estava quase tudo por fazer e rapidamente assumiram os trabalhos necess\u00e1rios para tornar a Quinta da Chocapalha naquilo que \u00e9 hoje.<\/div>\n<div>Os vinhos da Chocapalha espelham a paix\u00e3o e o empenho da fam\u00edlia, o terroir da propriedade, o cuidadoso trabalho agr\u00edcola e as op\u00e7\u00f5es enol\u00f3gicas. Traduzem-se numa grande eleg\u00e2ncia e com potencial de envelhecimento.<\/div>\n<\/div>","protected":false},"excerpt":{"rendered":"<p>Cor vermelho intenso. \u00c9 um vinho bastante frutado e muito elegante, com taninos redondos e aveludados. Apresenta um final de boca longo e fresco.<\/p>","protected":false},"featured_media":18555,"template":"","meta":{"_exactmetrics_skip_tracking":false,"_exactmetrics_sitenote_active":false,"_exactmetrics_sitenote_note":"","_exactmetrics_sitenote_category":0,"_uf_show_specific_survey":0,"_uf_disable_surveys":false,"iawp_total_views":2},"product_brand":[],"product_cat":[210,184,157],"product_tag":[],"class_list":{"0":"post-18553","1":"product","2":"type-product","3":"status-publish","4":"has-post-thumbnail","6":"product_cat-lisboa","7":"product_cat-tinto","8":"product_cat-vinhos","10":"first","11":"instock","12":"shipping-taxable","13":"purchasable","14":"product-type-simple"},"_links":{"self":[{"href":"https:\/\/garrafeiragrandeescolha.pt\/fr\/wp-json\/wp\/v2\/product\/18553","targetHints":{"allow":["GET"]}}],"collection":[{"href":"https:\/\/garrafeiragrandeescolha.pt\/fr\/wp-json\/wp\/v2\/product"}],"about":[{"href":"https:\/\/garrafeiragrandeescolha.pt\/fr\/wp-json\/wp\/v2\/types\/product"}],"wp:featuredmedia":[{"embeddable":true,"href":"https:\/\/garrafeiragrandeescolha.pt\/fr\/wp-json\/wp\/v2\/media\/18555"}],"wp:attachment":[{"href":"https:\/\/garrafeiragrandeescolha.pt\/fr\/wp-json\/wp\/v2\/media?parent=18553"}],"wp:term":[{"taxonomy":"product_brand","embeddable":true,"href":"https:\/\/garrafeiragrandeescolha.pt\/fr\/wp-json\/wp\/v2\/product_brand?post=18553"},{"taxonomy":"product_cat","embeddable":true,"href":"https:\/\/garrafeiragrandeescolha.pt\/fr\/wp-json\/wp\/v2\/product_cat?post=18553"},{"taxonomy":"product_tag","embeddable":true,"href":"https:\/\/garrafeiragrandeescolha.pt\/fr\/wp-json\/wp\/v2\/product_tag?post=18553"}],"curies":[{"name":"wp","href":"https:\/\/api.w.org\/{rel}","templated":true}]}}