{"id":18781,"date":"2024-03-08T09:53:33","date_gmt":"2024-03-08T09:53:33","guid":{"rendered":"https:\/\/garrafeiragrandeescolha.pt\/?post_type=product&#038;p=18781"},"modified":"2024-10-23T16:56:50","modified_gmt":"2024-10-23T16:56:50","slug":"dona-maria-grande-reserva-rouge-2018-75cl","status":"publish","type":"product","link":"https:\/\/garrafeiragrandeescolha.pt\/fr\/produit\/dona-maria-grande-reserva-rouge-2018-75cl\/","title":{"rendered":"Dona Maria Grande Reserva Rouge 2018 75cl"},"content":{"rendered":"<p>Au d\u00e9but de ce nouveau projet, l&#039;ancienne cave \u00e0 vin de la Quinta a \u00e9t\u00e9 enti\u00e8rement restaur\u00e9e et agrandie, dot\u00e9e des \u00e9quipements les plus modernes, tout en conservant les c\u00e9l\u00e8bres pressoirs \u00e0 marbre, o\u00f9 se d\u00e9roule encore la vinification d&#039;une grande partie des vins. aujourd&#039;hui, en utilisant le traditionnel \u00ab Grape Stomp \u00bb.<\/p>\n<p>Au sous-sol de la cave se trouvent des f\u00fbts de ch\u00eane fran\u00e7ais et am\u00e9ricain, dans un rapport de 95% \u00e0 5%, o\u00f9 le vin est vieilli jusqu&#039;\u00e0 ce qu&#039;il soit pr\u00eat \u00e0 \u00eatre mis en bouteille.<\/p>\n<p>&nbsp;<\/p>","protected":false},"excerpt":{"rendered":"<p>C\u00e9pages : Alicante Bouschet, Petit Verdot, Syrah<\/p>\n<p>Le vin pr\u00e9sente une couleur rubis fonc\u00e9. Un riche ar\u00f4me de fruits sauvages, associ\u00e9 \u00e0 la menthe et aux \u00e9pices. La saveur est intense et ronde, avec des tanins soyeux et une finale persistante.<\/p>","protected":false},"featured_media":636,"template":"","meta":{"_exactmetrics_skip_tracking":false,"_exactmetrics_sitenote_active":false,"_exactmetrics_sitenote_note":"","_exactmetrics_sitenote_category":0,"_uf_show_specific_survey":0,"_uf_disable_surveys":false,"iawp_total_views":31},"product_brand":[],"product_cat":[157,201,184,207],"product_tag":[],"class_list":{"0":"post-18781","1":"product","2":"type-product","3":"status-publish","4":"has-post-thumbnail","6":"product_cat-vinhos","7":"product_cat-grandes-vinhos","8":"product_cat-tinto","9":"product_cat-alentejo","11":"first","12":"instock","13":"shipping-taxable","14":"purchasable","15":"product-type-simple"},"_links":{"self":[{"href":"https:\/\/garrafeiragrandeescolha.pt\/fr\/wp-json\/wp\/v2\/product\/18781","targetHints":{"allow":["GET"]}}],"collection":[{"href":"https:\/\/garrafeiragrandeescolha.pt\/fr\/wp-json\/wp\/v2\/product"}],"about":[{"href":"https:\/\/garrafeiragrandeescolha.pt\/fr\/wp-json\/wp\/v2\/types\/product"}],"wp:featuredmedia":[{"embeddable":true,"href":"https:\/\/garrafeiragrandeescolha.pt\/fr\/wp-json\/wp\/v2\/media\/636"}],"wp:attachment":[{"href":"https:\/\/garrafeiragrandeescolha.pt\/fr\/wp-json\/wp\/v2\/media?parent=18781"}],"wp:term":[{"taxonomy":"product_brand","embeddable":true,"href":"https:\/\/garrafeiragrandeescolha.pt\/fr\/wp-json\/wp\/v2\/product_brand?post=18781"},{"taxonomy":"product_cat","embeddable":true,"href":"https:\/\/garrafeiragrandeescolha.pt\/fr\/wp-json\/wp\/v2\/product_cat?post=18781"},{"taxonomy":"product_tag","embeddable":true,"href":"https:\/\/garrafeiragrandeescolha.pt\/fr\/wp-json\/wp\/v2\/product_tag?post=18781"}],"curies":[{"name":"wp","href":"https:\/\/api.w.org\/{rel}","templated":true}]}}