{"id":18789,"date":"2024-03-13T12:52:06","date_gmt":"2024-03-13T12:52:06","guid":{"rendered":"https:\/\/garrafeiragrandeescolha.pt\/?post_type=product&#038;p=18789"},"modified":"2025-03-21T16:08:34","modified_gmt":"2025-03-21T16:08:34","slug":"bafarela-grande-reserva-tinto-2020-75cl","status":"publish","type":"product","link":"https:\/\/garrafeiragrandeescolha.pt\/fr\/produit\/bafarela-grande-reserva-tinto-2020-75cl\/","title":{"rendered":"Bafarela Grande Reserva Tinto 2022 75cl"},"content":{"rendered":"<p><img fetchpriority=\"high\" decoding=\"async\" class=\"size-medium wp-image-15542 aligncenter\" src=\"http:\/\/garrafeiragrandeescolha.pt\/wp-content\/uploads\/2021\/09\/logotipo-brites-de-aguiar-300x224.png\" alt=\"\" width=\"300\" height=\"224\" srcset=\"https:\/\/garrafeiragrandeescolha.pt\/wp-content\/uploads\/2021\/09\/logotipo-brites-de-aguiar-300x224.png 300w, https:\/\/garrafeiragrandeescolha.pt\/wp-content\/uploads\/2021\/09\/logotipo-brites-de-aguiar-768x573.png 768w, https:\/\/garrafeiragrandeescolha.pt\/wp-content\/uploads\/2021\/09\/logotipo-brites-de-aguiar-600x448.png 600w, https:\/\/garrafeiragrandeescolha.pt\/wp-content\/uploads\/2021\/09\/logotipo-brites-de-aguiar.png 1001w\" sizes=\"(max-width: 300px) 100vw, 300px\" \/><\/p>\n<p>La famille Brites Aguiar est originaire et a toujours r\u00e9sid\u00e9 dans la r\u00e9gion d\u00e9limit\u00e9e du Douro et l&#039;activit\u00e9 pratiqu\u00e9e est le lien continu avec la terre ; agriculture.<\/p>\n<p>Dans le petit village de V\u00e1rzea de Trev\u00f5es, dans la municipalit\u00e9 de S. Jo\u00e3o da Pesqueira, se trouve la r\u00e9sidence familiale et la maison agricole.<\/p>\n<p>La g\u00e9n\u00e9ration active, L\u00facia, Paulo et Tomi, a derri\u00e8re eux ses parents : Maria Fernanda Costa Brites et Manuel Ant\u00f3nio Pacheco Aguiar. La g\u00e9n\u00e9ration la plus r\u00e9cente, In\u00eas, Mariana et Man\u00e9 compl\u00e8tent et perp\u00e9tuent la prog\u00e9niture de la famille Brites Aguiar.<\/p>","protected":false},"excerpt":{"rendered":"<p>Bafarela Grande Reserva est un vin qui exprime au mieux l&#039;\u00e9l\u00e9gance d&#039;une des sp\u00e9cialit\u00e9s de Casa Brites Aguiar. Une \u00e9dition limit\u00e9e pr\u00e9sent\u00e9e uniquement les ann\u00e9es exceptionnelles.<\/p>","protected":false},"featured_media":9010,"template":"","meta":{"_exactmetrics_skip_tracking":false,"_exactmetrics_sitenote_active":false,"_exactmetrics_sitenote_note":"","_exactmetrics_sitenote_category":0,"_uf_show_specific_survey":0,"_uf_disable_surveys":false,"iawp_total_views":33},"product_brand":[],"product_cat":[157,184,215],"product_tag":[],"class_list":{"0":"post-18789","1":"product","2":"type-product","3":"status-publish","4":"has-post-thumbnail","6":"product_cat-vinhos","7":"product_cat-tinto","8":"product_cat-douro","10":"first","11":"instock","12":"shipping-taxable","13":"purchasable","14":"product-type-simple"},"_links":{"self":[{"href":"https:\/\/garrafeiragrandeescolha.pt\/fr\/wp-json\/wp\/v2\/product\/18789","targetHints":{"allow":["GET"]}}],"collection":[{"href":"https:\/\/garrafeiragrandeescolha.pt\/fr\/wp-json\/wp\/v2\/product"}],"about":[{"href":"https:\/\/garrafeiragrandeescolha.pt\/fr\/wp-json\/wp\/v2\/types\/product"}],"wp:featuredmedia":[{"embeddable":true,"href":"https:\/\/garrafeiragrandeescolha.pt\/fr\/wp-json\/wp\/v2\/media\/9010"}],"wp:attachment":[{"href":"https:\/\/garrafeiragrandeescolha.pt\/fr\/wp-json\/wp\/v2\/media?parent=18789"}],"wp:term":[{"taxonomy":"product_brand","embeddable":true,"href":"https:\/\/garrafeiragrandeescolha.pt\/fr\/wp-json\/wp\/v2\/product_brand?post=18789"},{"taxonomy":"product_cat","embeddable":true,"href":"https:\/\/garrafeiragrandeescolha.pt\/fr\/wp-json\/wp\/v2\/product_cat?post=18789"},{"taxonomy":"product_tag","embeddable":true,"href":"https:\/\/garrafeiragrandeescolha.pt\/fr\/wp-json\/wp\/v2\/product_tag?post=18789"}],"curies":[{"name":"wp","href":"https:\/\/api.w.org\/{rel}","templated":true}]}}