{"id":18844,"date":"2024-03-30T19:13:45","date_gmt":"2024-03-30T19:13:45","guid":{"rendered":"https:\/\/garrafeiragrandeescolha.pt\/?post_type=product&#038;p=18844"},"modified":"2025-07-19T10:38:39","modified_gmt":"2025-07-19T10:38:39","slug":"espumante-bruto-de-lisboa-75cl","status":"publish","type":"product","link":"https:\/\/garrafeiragrandeescolha.pt\/fr\/produit\/espumante-bruto-de-lisboa-75cl\/","title":{"rendered":"Espumante Bruto de Portugal Arinto\/Chardonnay 75cl"},"content":{"rendered":"<p style=\"text-align: center;\"><img fetchpriority=\"high\" decoding=\"async\" class=\"alignnone size-medium wp-image-15518\" src=\"http:\/\/garrafeiragrandeescolha.pt\/wp-content\/uploads\/2020\/03\/casa-santos-lima-logo-300x300.jpg\" alt=\"\" width=\"300\" height=\"300\" srcset=\"https:\/\/garrafeiragrandeescolha.pt\/wp-content\/uploads\/2020\/03\/casa-santos-lima-logo-300x300.jpg 300w, https:\/\/garrafeiragrandeescolha.pt\/wp-content\/uploads\/2020\/03\/casa-santos-lima-logo-150x150.jpg 150w, https:\/\/garrafeiragrandeescolha.pt\/wp-content\/uploads\/2020\/03\/casa-santos-lima-logo-100x100.jpg 100w, https:\/\/garrafeiragrandeescolha.pt\/wp-content\/uploads\/2020\/03\/casa-santos-lima-logo.jpg 360w\" sizes=\"(max-width: 300px) 100vw, 300px\" \/><\/p>\n<p>Casa Santos Lima est une entreprise familiale d\u00e9di\u00e9e \u00e0 la production, \u00e0 la mise en bouteille et \u00e0 la commercialisation de vins portugais. Il travaille directement ou indirectement dans les r\u00e9gions de Lisbonne, Algarve, Alentejo, Douro et Vinhos Verdes. Ainsi et \u00e0 partir d&#039;environ 600 hectares de vignes, l&#039;entreprise produit des vins reconnus pour leur excellent rapport qualit\u00e9\/prix et exporte environ 90% de sa production totale dans pr\u00e8s de 50 pays sur 5 continents. Casa Santos Lima est \u00e9galement le plus grand producteur de \u00ab Vinho Regional Lisboa \u00bb et de \u00ab DOC Alenquer \u00bb et a \u00e9t\u00e9 ces derni\u00e8res ann\u00e9es l&#039;un des producteurs portugais les plus r\u00e9compens\u00e9s dans les principaux concours de vins nationaux et internationaux.<\/p>\n<p>Actuellement, les principales installations de l&#039;entreprise (bureaux, magasin et caves \u00e0 vin plus grandes) sont situ\u00e9es \u00e0 Quinta da Boavista \u00e0 Alenquer, \u00e0 seulement 45 km au nord de la ville de Lisbonne. Cette Quinta appartient \u00e0 la famille Santos Lima depuis plus de 4 g\u00e9n\u00e9rations et offre des conditions id\u00e9ales pour la production de vins de qualit\u00e9. Casa Santos Lima poss\u00e8de \u00e9galement des vignobles et sa propre cave situ\u00e9e \u00e0 Tavira en Algarve et, gr\u00e2ce \u00e0 des accords et des partenariats avec d&#039;autres entreprises et producteurs, elle exploite \u00e9galement des vignobles et des caves dans les r\u00e9gions de l&#039;Alentejo, du Douro et de Vinhos Verdes.<br \/>\nCasa Santos Lima dispose d&#039;un portefeuille de vins tr\u00e8s large, produisant chaque ann\u00e9e des vins rouges, blancs, ros\u00e9s, mousseux, mousseux, l\u00e9gers et de vendanges tardives dans 5 r\u00e9gions diff\u00e9rentes. Cette gamme vari\u00e9e d&#039;options permet \u00e0 l&#039;entreprise un grand dynamisme sur le march\u00e9 national et international et a permis une croissance constante ann\u00e9e apr\u00e8s ann\u00e9e. \u00c0 l&#039;heure actuelle, Casa Santos Lima est responsable de la production d&#039;environ 40% de tout le vin certifi\u00e9 dans la r\u00e9gion de Lisbonne et est l&#039;un des principaux exportateurs de vin portugais.<\/p>","protected":false},"excerpt":{"rendered":"<p>Feito das castas Arinto e Chardonnay. Cor citrina e bolha m\u00e9dia. Aroma agrad\u00e1vel de p\u00eara, lim\u00e3o e marmelo. Fresco na boca, com sabor a fruta e bom equil\u00edbrio entre a\u00e7\u00facar e acidez. Mousse delicada e final refrescante.<\/p>","protected":false},"featured_media":664,"template":"","meta":{"_exactmetrics_skip_tracking":false,"_exactmetrics_sitenote_active":false,"_exactmetrics_sitenote_note":"","_exactmetrics_sitenote_category":0,"_uf_show_specific_survey":0,"_uf_disable_surveys":false,"iawp_total_views":138},"product_brand":[],"product_cat":[177,160],"product_tag":[],"class_list":{"0":"post-18844","1":"product","2":"type-product","3":"status-publish","4":"has-post-thumbnail","6":"product_cat-espumante","7":"product_cat-espumantes","9":"first","10":"instock","11":"shipping-taxable","12":"purchasable","13":"product-type-simple"},"_links":{"self":[{"href":"https:\/\/garrafeiragrandeescolha.pt\/fr\/wp-json\/wp\/v2\/product\/18844","targetHints":{"allow":["GET"]}}],"collection":[{"href":"https:\/\/garrafeiragrandeescolha.pt\/fr\/wp-json\/wp\/v2\/product"}],"about":[{"href":"https:\/\/garrafeiragrandeescolha.pt\/fr\/wp-json\/wp\/v2\/types\/product"}],"wp:featuredmedia":[{"embeddable":true,"href":"https:\/\/garrafeiragrandeescolha.pt\/fr\/wp-json\/wp\/v2\/media\/664"}],"wp:attachment":[{"href":"https:\/\/garrafeiragrandeescolha.pt\/fr\/wp-json\/wp\/v2\/media?parent=18844"}],"wp:term":[{"taxonomy":"product_brand","embeddable":true,"href":"https:\/\/garrafeiragrandeescolha.pt\/fr\/wp-json\/wp\/v2\/product_brand?post=18844"},{"taxonomy":"product_cat","embeddable":true,"href":"https:\/\/garrafeiragrandeescolha.pt\/fr\/wp-json\/wp\/v2\/product_cat?post=18844"},{"taxonomy":"product_tag","embeddable":true,"href":"https:\/\/garrafeiragrandeescolha.pt\/fr\/wp-json\/wp\/v2\/product_tag?post=18844"}],"curies":[{"name":"wp","href":"https:\/\/api.w.org\/{rel}","templated":true}]}}