{"id":18874,"date":"2024-04-10T14:54:40","date_gmt":"2024-04-10T14:54:40","guid":{"rendered":"https:\/\/garrafeiragrandeescolha.pt\/?post_type=product&#038;p=18874"},"modified":"2024-11-03T18:39:46","modified_gmt":"2024-11-03T18:39:46","slug":"porto-quinta-do-vesuvio-vintage-2018-75cl","status":"publish","type":"product","link":"https:\/\/garrafeiragrandeescolha.pt\/fr\/produit\/porto-quinta-do-vesuvio-vintage-2018-75cl\/","title":{"rendered":"Porto Quinta do Ves\u00favio Mill\u00e9sime 2018 75cl"},"content":{"rendered":"<p>\u00ab La ferme de toutes les fermes \u2013 une des merveilles du monde \u00bb<br \/>\nDans le V\u00e9suve, dans le Douro Sup\u00e9rieur, l&#039;\u0153uvre de l&#039;homme et celle de la nature atteignent une harmonie parfaite et durable. Plus que partout ailleurs dans le Douro, il a une beaut\u00e9 envo\u00fbtante et enchanteresse ; lorsque vous le quittez, vous emportez avec vous une impression du lieu qui ne s&#039;efface pas avec le temps.<br \/>\nLa propri\u00e9t\u00e9 et le paysage qui l&#039;entoure vont de pair depuis le d\u00e9but du XIXe si\u00e8cle. Le vicomte de Villa Maior la qualifiait d&#039;une des \u00ab transformations les plus merveilleuses que l&#039;ing\u00e9niosit\u00e9 de l&#039;homme puisse concevoir \u00bb.<br \/>\nLa mention du nom Quinta do Ves\u00favio, pour tous ceux qui l&#039;ont vu, \u00e9voque une beaut\u00e9 aust\u00e8re et primitive. Elle est unique par son \u00e9loignement et sa grandeur, t\u00e9moin et protagoniste de l&#039;histoire de l&#039;une des plus grandes r\u00e9gions viticoles du monde.<br \/>\nDans ses limites, le V\u00e9suve compte sept collines et trente et une vall\u00e9es. Au sommet de chaque colline se trouve un ancien poste d&#039;observation en ruine qui gardait autrefois la propri\u00e9t\u00e9. Le point de vue le plus \u00e9lev\u00e9 s&#039;appelle Raio de Luz, le Rayon de Lumi\u00e8re. De l\u00e0, vous pourrez admirer tout l&#039;aspect \u00e0 360\u00ba des vignobles du V\u00e9suve.<br \/>\nL\u2019histoire du V\u00e9suve est une histoire d\u2019obsession. C&#039;est le d\u00e9vouement sinc\u00e8re de deux visionnaires du Douro qui ont fait de leur chaise l&#039;un des tr\u00e9sors nationaux du Douro et du Portugal. Ces deux-l\u00e0 \u00e9taient Ant\u00f3nio Bernardo Ferreira I et sa belle-fille Dona Ant\u00f3nia Adelaide Ferreira.<br \/>\nApr\u00e8s avoir re\u00e7u des soins sp\u00e9cialis\u00e9s de la part de la famille Briti Cunha, Ves\u00favio a \u00e9t\u00e9 acquis par la famille Symington, qui est devenue la gardienne de la Quinta en 1989.<br \/>\nLe V\u00e9suve exerce son charme sur tous ceux qui \u00e9taient l\u00e0. C&#039;est l&#039;un des derniers endroits au monde o\u00f9 des pieds humains foulent les raisins r\u00e9colt\u00e9s pendant la journ\u00e9e dans la fra\u00eecheur de la nuit, accompagn\u00e9s de musique et de danse. C&#039;est une chose d&#039;une beaut\u00e9 envo\u00fbtante \u00e0 voir.<\/p>","protected":false},"excerpt":{"rendered":"<p>\u201cA quinta de todas as quintas &#8211; uma das maravilhas do mundo\u201d Em Ves\u00favio, l\u00e1 no Douro Superior, a obra do homem e a obra da natureza alcan\u00e7am uma harmonia perfeita e duradoura.\u00a0Mais do que em qualquer outro lugar do Douro, tem uma beleza assustadora e encantadora;\u00a0quando voc\u00ea o deixa, leva consigo uma sensa\u00e7\u00e3o do [&hellip;]<\/p>","protected":false},"featured_media":18875,"template":"","meta":{"_exactmetrics_skip_tracking":false,"_exactmetrics_sitenote_active":false,"_exactmetrics_sitenote_note":"","_exactmetrics_sitenote_category":0,"_uf_show_specific_survey":0,"_uf_disable_surveys":false,"iawp_total_views":3},"product_brand":[],"product_cat":[159,168],"product_tag":[],"class_list":{"0":"post-18874","1":"product","2":"type-product","3":"status-publish","4":"has-post-thumbnail","6":"product_cat-portos","7":"product_cat-vintage","9":"first","10":"instock","11":"shipping-taxable","12":"purchasable","13":"product-type-simple"},"_links":{"self":[{"href":"https:\/\/garrafeiragrandeescolha.pt\/fr\/wp-json\/wp\/v2\/product\/18874","targetHints":{"allow":["GET"]}}],"collection":[{"href":"https:\/\/garrafeiragrandeescolha.pt\/fr\/wp-json\/wp\/v2\/product"}],"about":[{"href":"https:\/\/garrafeiragrandeescolha.pt\/fr\/wp-json\/wp\/v2\/types\/product"}],"wp:featuredmedia":[{"embeddable":true,"href":"https:\/\/garrafeiragrandeescolha.pt\/fr\/wp-json\/wp\/v2\/media\/18875"}],"wp:attachment":[{"href":"https:\/\/garrafeiragrandeescolha.pt\/fr\/wp-json\/wp\/v2\/media?parent=18874"}],"wp:term":[{"taxonomy":"product_brand","embeddable":true,"href":"https:\/\/garrafeiragrandeescolha.pt\/fr\/wp-json\/wp\/v2\/product_brand?post=18874"},{"taxonomy":"product_cat","embeddable":true,"href":"https:\/\/garrafeiragrandeescolha.pt\/fr\/wp-json\/wp\/v2\/product_cat?post=18874"},{"taxonomy":"product_tag","embeddable":true,"href":"https:\/\/garrafeiragrandeescolha.pt\/fr\/wp-json\/wp\/v2\/product_tag?post=18874"}],"curies":[{"name":"wp","href":"https:\/\/api.w.org\/{rel}","templated":true}]}}