{"id":18899,"date":"2024-04-17T16:25:49","date_gmt":"2024-04-17T16:25:49","guid":{"rendered":"https:\/\/garrafeiragrandeescolha.pt\/?post_type=product&#038;p=18899"},"modified":"2024-04-17T16:28:26","modified_gmt":"2024-04-17T16:28:26","slug":"vin-mousseux-kompassus-rose-brut-nature-75cl","status":"publish","type":"product","link":"https:\/\/garrafeiragrandeescolha.pt\/fr\/produit\/vin-mousseux-kompassus-rose-brut-nature-75cl\/","title":{"rendered":"Kompassus Ros\u00e9 Brut Nature Vin P\u00e9tillant 75cl"},"content":{"rendered":"<p><img decoding=\"async\" class=\"size-medium wp-image-16695 aligncenter\" src=\"http:\/\/garrafeiragrandeescolha.pt\/wp-content\/uploads\/2020\/03\/Logo-Kompassus-300x117.jpg\" alt=\"\" width=\"300\" height=\"117\" srcset=\"https:\/\/garrafeiragrandeescolha.pt\/wp-content\/uploads\/2020\/03\/Logo-Kompassus-300x117.jpg 300w, https:\/\/garrafeiragrandeescolha.pt\/wp-content\/uploads\/2020\/03\/Logo-Kompassus-768x300.jpg 768w, https:\/\/garrafeiragrandeescolha.pt\/wp-content\/uploads\/2020\/03\/Logo-Kompassus-18x7.jpg 18w, https:\/\/garrafeiragrandeescolha.pt\/wp-content\/uploads\/2020\/03\/Logo-Kompassus-600x234.jpg 600w, https:\/\/garrafeiragrandeescolha.pt\/wp-content\/uploads\/2020\/03\/Logo-Kompassus.jpg 1024w\" sizes=\"(max-width: 300px) 100vw, 300px\" \/><\/p>\n<p>Jo\u00e3o P\u00f3voa a commenc\u00e9 \u00e0 produire des vins de marque en 1991 avec Quinta de Baixo, \u00e9tant le premier producteur individuel de r\u00e9f\u00e9rence dans la commune de Cantanhede.<\/p>\n<p>Depuis 2005, l&#039;entreprise s&#039;appelle Kompassus et a toujours une philosophie de production de vin bas\u00e9e sur les racines et les traditions familiales. Il se consacre \u00e0 la production d&#039;excellents vins soutenus par des m\u00e9thodes de production et des pratiques viticoles \u00e0 intervention minimale. L&#039;entreprise appartient \u00e0 Jo\u00e3o P\u00f3voa, ophtalmologiste de profession, mais agriculteur de g\u00e9n\u00e9tique. Son enthousiasme pour le vin a commenc\u00e9 d\u00e8s l&#039;\u00e2ge de 8 ans et il s&#039;est imm\u00e9diatement impliqu\u00e9 dans le terroir de Bairrada et cela dans sa vie \u2013 le sol, le climat et ses c\u00e9pages. Le baga, c\u00e9page dominant, l&#039;a fait tomber amoureux de ce qui fut imm\u00e9diatement la base de tous ses vins rouges et effervescents. La plupart des raisins proviennent encore de vieilles vignes de plus de 70 ans. Ce sont essentiellement des vins issus de petites productions, en pratique il y a 30 ans de d\u00e9vouement \u00e0 la production de vins de marque. Sa famille produisait d\u00e9j\u00e0 des vins \u00e0 Bairrada, et c&#039;est avec sa m\u00e8re et son p\u00e8re que Jo\u00e3o P\u00f3voa apprit les premiers secrets de cette r\u00e9gion et d\u00e9veloppa une passion qui le suivit tout au long de sa vie. Au fil des ann\u00e9es, des vins extraordinaires sont arriv\u00e9s sur le march\u00e9, aujourd&#039;hui de v\u00e9ritables reliques, des vins qui font preuve de finesse, de raffinement, de concentration et de profondeur. Ceux qui provoquent un r\u00e9el plaisir. Et pour ces attributs, de multiples reconnaissances et distinctions de m\u00e9rite importantes ont \u00e9t\u00e9 obtenues depuis 1991.<\/p>","protected":false},"excerpt":{"rendered":"<p>C\u00e9pages : Berry et Pinot Noir<\/p>\n<div class=\"custom-fields-col-12\">\n<div>Ar\u00f4me tr\u00e8s fin, expressif mais \u00e0 la fois d\u00e9licat de baies sauvages.<\/div>\n<\/div>\n<div class=\"custom-fields-col-12\">\n<div>En bouche, mousse croustillante, bonne structure, fra\u00eeche et persistante.<\/div>\n<\/div>","protected":false},"featured_media":18900,"template":"","meta":{"_exactmetrics_skip_tracking":false,"_exactmetrics_sitenote_active":false,"_exactmetrics_sitenote_note":"","_exactmetrics_sitenote_category":0,"_uf_show_specific_survey":0,"_uf_disable_surveys":false,"iawp_total_views":11},"product_brand":[],"product_cat":[177,160],"product_tag":[],"class_list":{"0":"post-18899","1":"product","2":"type-product","3":"status-publish","4":"has-post-thumbnail","6":"product_cat-espumante","7":"product_cat-espumantes","9":"first","10":"instock","11":"shipping-taxable","12":"purchasable","13":"product-type-simple"},"_links":{"self":[{"href":"https:\/\/garrafeiragrandeescolha.pt\/fr\/wp-json\/wp\/v2\/product\/18899","targetHints":{"allow":["GET"]}}],"collection":[{"href":"https:\/\/garrafeiragrandeescolha.pt\/fr\/wp-json\/wp\/v2\/product"}],"about":[{"href":"https:\/\/garrafeiragrandeescolha.pt\/fr\/wp-json\/wp\/v2\/types\/product"}],"wp:featuredmedia":[{"embeddable":true,"href":"https:\/\/garrafeiragrandeescolha.pt\/fr\/wp-json\/wp\/v2\/media\/18900"}],"wp:attachment":[{"href":"https:\/\/garrafeiragrandeescolha.pt\/fr\/wp-json\/wp\/v2\/media?parent=18899"}],"wp:term":[{"taxonomy":"product_brand","embeddable":true,"href":"https:\/\/garrafeiragrandeescolha.pt\/fr\/wp-json\/wp\/v2\/product_brand?post=18899"},{"taxonomy":"product_cat","embeddable":true,"href":"https:\/\/garrafeiragrandeescolha.pt\/fr\/wp-json\/wp\/v2\/product_cat?post=18899"},{"taxonomy":"product_tag","embeddable":true,"href":"https:\/\/garrafeiragrandeescolha.pt\/fr\/wp-json\/wp\/v2\/product_tag?post=18899"}],"curies":[{"name":"wp","href":"https:\/\/api.w.org\/{rel}","templated":true}]}}