{"id":18915,"date":"2024-04-23T15:54:06","date_gmt":"2024-04-23T15:54:06","guid":{"rendered":"https:\/\/garrafeiragrandeescolha.pt\/?post_type=product&#038;p=18915"},"modified":"2025-12-01T12:29:48","modified_gmt":"2025-12-01T12:29:48","slug":"cortes-do-reguengo-doc-branco-75cl","status":"publish","type":"product","link":"https:\/\/garrafeiragrandeescolha.pt\/fr\/produit\/cortes-do-reguengo-doc-branco-75cl\/","title":{"rendered":"Cortes do Reguengo DOC Branco 2020 75cl"},"content":{"rendered":"<p><img fetchpriority=\"high\" decoding=\"async\" class=\"size-full wp-image-17211 aligncenter\" src=\"http:\/\/garrafeiragrandeescolha.pt\/wp-content\/uploads\/2023\/01\/logo-quinta-reguengo.png\" alt=\"\" width=\"300\" height=\"226\" srcset=\"https:\/\/garrafeiragrandeescolha.pt\/wp-content\/uploads\/2023\/01\/logo-quinta-reguengo.png 300w, https:\/\/garrafeiragrandeescolha.pt\/wp-content\/uploads\/2023\/01\/logo-quinta-reguengo-16x12.png 16w\" sizes=\"(max-width: 300px) 100vw, 300px\" \/><\/p>\n<p>C&#039;est depuis le fleuve Douro, lors d&#039;une excursion en bateau, que le patriarche de la famille Cardoso a vu pour la premi\u00e8re fois la propri\u00e9t\u00e9 qu&#039;il deviendra la sienne : Quinta do Reguengo, \u00e0 Pocinho (Vila Nova de Foz C\u00f4a).<br \/>\nSi la beaut\u00e9 de la r\u00e9gion du patrimoine mondial a enchant\u00e9 la famille, c&#039;est le d\u00e9sir et la vision de cr\u00e9er d&#039;excellents vins qui les ont fait rester, depuis 2018, pour donner une nouvelle vie au \u00ab reguengo \u00bb qui appartenait autrefois \u00e0 la reine D. Am\u00e9lia.<br \/>\nLa r\u00e9habilitation de la cave et des moulins, ainsi que la restructuration du vignoble, se mat\u00e9rialisent d\u00e9j\u00e0 par de nouvelles r\u00e9f\u00e9rences viticoles qui honorent l&#039;histoire et le profil de la r\u00e9gion.<\/p>\n<p>Situ\u00e9e dans la sous-r\u00e9gion du Douro Sup\u00e9rieur, Quinta do Reguengo est situ\u00e9e sur la faille tectonique de Vilari\u00e7a, o\u00f9 les sols argilo-schisteux avec des affleurements granitiques se combinent avec un microclimat unique, qui s&#039;appuie sur les vents chauds et humides de la vall\u00e9e fluviale et les vents les plus frais. en Espagne.<br \/>\nCet \u00e9cosyst\u00e8me naturel exceptionnel pour la production de vins complexes et \u00e9quilibr\u00e9s b\u00e9n\u00e9ficie \u00e9galement d&#039;une grande diversit\u00e9 d&#039;altitudes (jusqu&#039;\u00e0 300 m\u00e8tres), d&#039;ensoleillement et de c\u00e9pages.<\/p>\n<p>Les 200 hectares appartenant au producteur s&#039;\u00e9tendent sur deux sites qui fusionnent sous la banni\u00e8re Quinta do Reguengo : la Quinta elle-m\u00eame, entour\u00e9e par le fleuve Douro, et \u00e9galement Vale da Pia, une propri\u00e9t\u00e9 plus \u00e9lev\u00e9e et plus \u00e9tendue, o\u00f9 elle \u00e9tait complexe. des travaux ont \u00e9t\u00e9 men\u00e9s pour restaurer et renouveler le vignoble.<br \/>\nUne douzaine de c\u00e9pages \u2013 dont Touriga Nacional et Touriga Francesa, Tinta Roriz, Gouveio ou Viosinho \u2013 trouvent des places id\u00e9ales dans les deux propri\u00e9t\u00e9s pour atteindre leur expression optimale.<\/p>","protected":false},"excerpt":{"rendered":"<p>O Cortes do Reguengo Branco concentra um aroma rico, complexo e frutado, juntando ainda leves notas florais bem integradas com o fumado da barrica. Na boca, \u00e9 igualmente frutado e equilibrado, com uma acidez bem presente a criar um final longo e fresco.<\/p>\n<p>Ideal para acompanhar pratos condimentados, marisco, carnes brancas e pratos de peixe, em especial, bacalhau.<\/p>","protected":false},"featured_media":18916,"template":"","meta":{"_exactmetrics_skip_tracking":false,"_exactmetrics_sitenote_active":false,"_exactmetrics_sitenote_note":"","_exactmetrics_sitenote_category":0,"_uf_show_specific_survey":0,"_uf_disable_surveys":false,"iawp_total_views":7},"product_brand":[],"product_cat":[157,185,188],"product_tag":[],"class_list":{"0":"post-18915","1":"product","2":"type-product","3":"status-publish","4":"has-post-thumbnail","6":"product_cat-vinhos","7":"product_cat-branco","8":"product_cat-douro-branco","10":"first","11":"instock","12":"shipping-taxable","13":"purchasable","14":"product-type-simple"},"_links":{"self":[{"href":"https:\/\/garrafeiragrandeescolha.pt\/fr\/wp-json\/wp\/v2\/product\/18915","targetHints":{"allow":["GET"]}}],"collection":[{"href":"https:\/\/garrafeiragrandeescolha.pt\/fr\/wp-json\/wp\/v2\/product"}],"about":[{"href":"https:\/\/garrafeiragrandeescolha.pt\/fr\/wp-json\/wp\/v2\/types\/product"}],"wp:featuredmedia":[{"embeddable":true,"href":"https:\/\/garrafeiragrandeescolha.pt\/fr\/wp-json\/wp\/v2\/media\/18916"}],"wp:attachment":[{"href":"https:\/\/garrafeiragrandeescolha.pt\/fr\/wp-json\/wp\/v2\/media?parent=18915"}],"wp:term":[{"taxonomy":"product_brand","embeddable":true,"href":"https:\/\/garrafeiragrandeescolha.pt\/fr\/wp-json\/wp\/v2\/product_brand?post=18915"},{"taxonomy":"product_cat","embeddable":true,"href":"https:\/\/garrafeiragrandeescolha.pt\/fr\/wp-json\/wp\/v2\/product_cat?post=18915"},{"taxonomy":"product_tag","embeddable":true,"href":"https:\/\/garrafeiragrandeescolha.pt\/fr\/wp-json\/wp\/v2\/product_tag?post=18915"}],"curies":[{"name":"wp","href":"https:\/\/api.w.org\/{rel}","templated":true}]}}