{"id":18965,"date":"2024-05-08T17:10:30","date_gmt":"2024-05-08T17:10:30","guid":{"rendered":"https:\/\/garrafeiragrandeescolha.pt\/?post_type=product&#038;p=18965"},"modified":"2025-01-07T18:44:49","modified_gmt":"2025-01-07T18:44:49","slug":"terrincha-tinto-2021-75cl","status":"publish","type":"product","link":"https:\/\/garrafeiragrandeescolha.pt\/fr\/produit\/terrincha-tinto-2021-75cl\/","title":{"rendered":"Terrincha Tinto 2021 75cl"},"content":{"rendered":"<p><img decoding=\"async\" class=\"size-full wp-image-18966 aligncenter\" src=\"http:\/\/garrafeiragrandeescolha.pt\/wp-content\/uploads\/2024\/05\/logo_quintadaterrincha_novo.png\" alt=\"\" width=\"234\" height=\"81\" srcset=\"https:\/\/garrafeiragrandeescolha.pt\/wp-content\/uploads\/2024\/05\/logo_quintadaterrincha_novo.png 234w, https:\/\/garrafeiragrandeescolha.pt\/wp-content\/uploads\/2024\/05\/logo_quintadaterrincha_novo-18x6.png 18w\" sizes=\"(max-width: 234px) 100vw, 234px\" \/><\/p>\n<p>A Quinta da Terrincha oferece-lhe uma experi\u00eancia tur\u00edstica \u00fanica de contacto directo com a natureza, um deleite para todos os sentidos. As nossas Casas de Campo e o Hotel de Charme, no Antigo Solar Oitocentista, a \u201cCasa M\u00e3e\u201d, est\u00e3o aliadas \u00e0 qualidade dos nossos produtos e \u00e0 arte de bem receber, t\u00e3o t\u00edpica da nossa regi\u00e3o.<br \/>\nAp\u00f3s um mergulho na piscina, os h\u00f3spedes podem desfrutar de um passeio relaxante no jardim, aproveitando a tranquilidade do ambiente. H\u00e1 tamb\u00e9m um bar, onde s\u00e3o servidas bebidas refrescantes e cocktails. Os h\u00f3spedes poder\u00e3o andar de bicicleta na \u00e1rea verde circundante ou apreciar uma caminhada num dos muitos caminhos e trilhos dispon\u00edveis.<br \/>\nA Quinta da Terrincha est\u00e1 a 2 horas de carro do Aeroporto Internacional de Porto, servido por um trajecto c\u00f3modo por auto estrada e via r\u00e1pida. Aqui pode desfrutar do mesmo \u2018terroir\u2019 onde nascem os nossos vinhos, azeites e queijos, mas com o m\u00e1ximo conforto e requinte, fazendo com que a sua estadia seja um grande momento da sua vida, que apenas lhe dar\u00e1 vontade de regressar e repetir.<\/p>","protected":false},"excerpt":{"rendered":"<p>Castas: Tinta Roriz, Touriga Nacional, Touriga Franca<\/p>\n<p>Vinho tinto rubi com nuances violetas. Aroma fresco e frutado, frutos vermelhos com nuances mentoladas e um mineral muito elegante. Na boca apresenta uma textura suave e fresca, com um frutado jovem a definir o final de boca longo e persistente.<\/p>","protected":false},"featured_media":18967,"template":"","meta":{"_exactmetrics_skip_tracking":false,"_exactmetrics_sitenote_active":false,"_exactmetrics_sitenote_note":"","_exactmetrics_sitenote_category":0,"_uf_show_specific_survey":0,"_uf_disable_surveys":false,"iawp_total_views":133},"product_brand":[],"product_cat":[215,184,157],"product_tag":[],"class_list":{"0":"post-18965","1":"product","2":"type-product","3":"status-publish","4":"has-post-thumbnail","6":"product_cat-douro","7":"product_cat-tinto","8":"product_cat-vinhos","10":"first","11":"instock","12":"shipping-taxable","13":"purchasable","14":"product-type-simple"},"_links":{"self":[{"href":"https:\/\/garrafeiragrandeescolha.pt\/fr\/wp-json\/wp\/v2\/product\/18965","targetHints":{"allow":["GET"]}}],"collection":[{"href":"https:\/\/garrafeiragrandeescolha.pt\/fr\/wp-json\/wp\/v2\/product"}],"about":[{"href":"https:\/\/garrafeiragrandeescolha.pt\/fr\/wp-json\/wp\/v2\/types\/product"}],"wp:featuredmedia":[{"embeddable":true,"href":"https:\/\/garrafeiragrandeescolha.pt\/fr\/wp-json\/wp\/v2\/media\/18967"}],"wp:attachment":[{"href":"https:\/\/garrafeiragrandeescolha.pt\/fr\/wp-json\/wp\/v2\/media?parent=18965"}],"wp:term":[{"taxonomy":"product_brand","embeddable":true,"href":"https:\/\/garrafeiragrandeescolha.pt\/fr\/wp-json\/wp\/v2\/product_brand?post=18965"},{"taxonomy":"product_cat","embeddable":true,"href":"https:\/\/garrafeiragrandeescolha.pt\/fr\/wp-json\/wp\/v2\/product_cat?post=18965"},{"taxonomy":"product_tag","embeddable":true,"href":"https:\/\/garrafeiragrandeescolha.pt\/fr\/wp-json\/wp\/v2\/product_tag?post=18965"}],"curies":[{"name":"wp","href":"https:\/\/api.w.org\/{rel}","templated":true}]}}