{"id":19290,"date":"2024-10-11T12:13:25","date_gmt":"2024-10-11T12:13:25","guid":{"rendered":"https:\/\/garrafeiragrandeescolha.pt\/?post_type=product&#038;p=19290"},"modified":"2025-10-07T11:24:39","modified_gmt":"2025-10-07T11:24:39","slug":"principal-grande-reserva-tinto-2010-cx-3x75cl-2","status":"publish","type":"product","link":"https:\/\/garrafeiragrandeescolha.pt\/fr\/produit\/principal-grande-reserva-tinto-2010-cx-3x75cl-2\/","title":{"rendered":"Principal Grande Reserva Tinto 2010 Cx 3x75cl"},"content":{"rendered":"<div><img decoding=\"async\" class=\"size-full wp-image-15404 aligncenter\" src=\"http:\/\/garrafeiragrandeescolha.pt\/wp-content\/uploads\/2022\/02\/proudly-produced-in-portugal-logo.png\" alt=\"\" width=\"199\" height=\"78\" \/><\/div>\n<div class=\"headline\">A\u00a0QUINTA COLINAS DE S. LOUREN\u00c7O, a primeira propriedade a integrar o patrim\u00f3nio do Grupo, \u00e9 uma moderna e exemplar quinta que assinala a origem da IDEALDRINKS.<\/div>\n<div class=\"information\">\n<div class=\"main\">\n<p>Adquirida em 2009, esta extensa propriedade est\u00e1 implantada em S\u00e3o Louren\u00e7o do Bairro, Anadia, no cora\u00e7\u00e3o da Bairrada, zona vitivin\u00edcola por excel\u00eancia e Regi\u00e3o especialmente acarinhada pela IDEALDRINKS. Os 80 hectares de vinha espalham-se pelos solos argilo-calc\u00e1rios das suaves colinas t\u00edpicas da Regi\u00e3o, as quais deram origem ao seu nome.<\/p>\n<p>A vinha, que foi totalmente remodelada e replantada com diversas castas nacionais e internacionais &#8211;\u00a0Touriga Nacional,\u00a0Cabernet Sauvignon,\u00a0Merlot,\u00a0Petit Verdot,\u00a0Syrah,\u00a0Pinot Noir,\u00a0Pinot Meunier,\u00a0Chardonnay,\u00a0Sauvignon Blanc\u00a0e\u00a0Arinto\u00a0-, permite produzir uma ampla e diversificada gama de produtos, incluindo vinhos tintos, ros\u00e9s, brancos e espumantes.<\/p>\n<\/div>\n<div id=\"extrainformation\">\n<p>A adega da quinta, recentemente constru\u00edda de acordo com os melhores exemplos a n\u00edvel mundial, recorre \u00e0 mais moderna tecnologia de vinifica\u00e7\u00e3o, fazendo toda a movimenta\u00e7\u00e3o dos l\u00edquidos e massas por gravidade. As amplas salas de est\u00e1gio, equipadas com as melhores barricas de carvalho franc\u00eas, re\u00fanem as condi\u00e7\u00f5es ideais para o tranquilo repouso dos vinhos que, normalmente, tamb\u00e9m estagiam em garrafa durante v\u00e1rios anos. Os vinhos de reserva destinados \u00e0 produ\u00e7\u00e3o dos espumantes envelhecem tamb\u00e9m nestas salas em imponentes ton\u00e9is de reserva.<\/p>\n<p>A tradi\u00e7\u00e3o do T\u00e9rroir da Bairrada e o \u201csavoir-faire\u201d da equipa da IDEALDRINKS, s\u00e3o aqui combinados com a modernidade da vinha e dos processos de vinifica\u00e7\u00e3o originando vinhos e espumantes de elevada complexidade e eleg\u00e2ncia, apresentados atrav\u00e9s de um rico e alargado portef\u00f3lio que inclui as marcas\u00a0Principal,\u00a0Colinas\u00a0e\u00a0S\u00e3o Louren\u00e7o.<\/p>\n<\/div>\n<\/div>","protected":false},"excerpt":{"rendered":"<p>Castas: Touriga Nacional, Cabernet Sauvignon e Merlot<\/p>\n<p>Com tons viol\u00e1ceos, o vinho apresenta aromas de fruta preta madura envolvidas em leves notas de especiarias, o que lhe confere uma excelente complexidade. \u00c9 um vinho encorpado, volumoso, longo, com taninos finos e suaves. Um vinho com grande potencial de guarda.<\/p>","protected":false},"featured_media":19285,"template":"","meta":{"_exactmetrics_skip_tracking":false,"_exactmetrics_sitenote_active":false,"_exactmetrics_sitenote_note":"","_exactmetrics_sitenote_category":0,"_uf_show_specific_survey":0,"_uf_disable_surveys":false,"iawp_total_views":17},"product_brand":[],"product_cat":[258,216,162,157,201,208],"product_tag":[],"class_list":{"0":"post-19290","1":"product","2":"type-product","3":"status-publish","4":"has-post-thumbnail","6":"product_cat-conjuntos-de-oferta","7":"product_cat-conjuntos","8":"product_cat-raridades","9":"product_cat-vinhos","10":"product_cat-grandes-vinhos","11":"product_cat-bairrada","13":"first","14":"instock","15":"shipping-taxable","16":"purchasable","17":"product-type-simple"},"_links":{"self":[{"href":"https:\/\/garrafeiragrandeescolha.pt\/fr\/wp-json\/wp\/v2\/product\/19290","targetHints":{"allow":["GET"]}}],"collection":[{"href":"https:\/\/garrafeiragrandeescolha.pt\/fr\/wp-json\/wp\/v2\/product"}],"about":[{"href":"https:\/\/garrafeiragrandeescolha.pt\/fr\/wp-json\/wp\/v2\/types\/product"}],"wp:featuredmedia":[{"embeddable":true,"href":"https:\/\/garrafeiragrandeescolha.pt\/fr\/wp-json\/wp\/v2\/media\/19285"}],"wp:attachment":[{"href":"https:\/\/garrafeiragrandeescolha.pt\/fr\/wp-json\/wp\/v2\/media?parent=19290"}],"wp:term":[{"taxonomy":"product_brand","embeddable":true,"href":"https:\/\/garrafeiragrandeescolha.pt\/fr\/wp-json\/wp\/v2\/product_brand?post=19290"},{"taxonomy":"product_cat","embeddable":true,"href":"https:\/\/garrafeiragrandeescolha.pt\/fr\/wp-json\/wp\/v2\/product_cat?post=19290"},{"taxonomy":"product_tag","embeddable":true,"href":"https:\/\/garrafeiragrandeescolha.pt\/fr\/wp-json\/wp\/v2\/product_tag?post=19290"}],"curies":[{"name":"wp","href":"https:\/\/api.w.org\/{rel}","templated":true}]}}