{"id":19353,"date":"2024-11-03T17:56:23","date_gmt":"2024-11-03T17:56:23","guid":{"rendered":"https:\/\/garrafeiragrandeescolha.pt\/?post_type=product&#038;p=19353"},"modified":"2024-11-03T17:58:03","modified_gmt":"2024-11-03T17:58:03","slug":"porto-quinta-do-estanho-reserve-75cl","status":"publish","type":"product","link":"https:\/\/garrafeiragrandeescolha.pt\/fr\/produit\/porto-quinta-do-estanho-reserve-75cl\/","title":{"rendered":"Porto Quinta do Estanho Reserve 75cl"},"content":{"rendered":"<div class=\"gg-infobox\">\n<div class=\"description\">\n<p><img fetchpriority=\"high\" decoding=\"async\" class=\"size-full wp-image-15248 aligncenter\" src=\"http:\/\/garrafeiragrandeescolha.pt\/wp-content\/uploads\/2022\/02\/estanho-logo.png\" alt=\"\" width=\"237\" height=\"222\" \/><\/p>\n<p>D\u00e8s le premier raisin\u2026<\/p>\n<p>Sur les pentes accident\u00e9es et abruptes du Douro, gr\u00e2ce \u00e0 la b\u00e9n\u00e9diction du soleil et \u00e0 l&#039;art de l&#039;homme, la vigne produit un nectar digne de la table des dieux.<\/p>\n<p>La renomm\u00e9e arch\u00e9ologique du Douro est ant\u00e9rieure \u00e0 l&#039;industrie vitivinicole. En effet, des hommes sont pass\u00e9s par cette r\u00e9gion et ont d\u00e9couvert les richesses du sous-sol. Ceux-ci exploitaient l\u2019or et l\u2019\u00e9tain, non seulement abondants, mais pouvant \u00eatre extraits par des moyens rudimentaires utilis\u00e9s \u00e0 l\u2019\u00e9poque pr\u00e9historique.<\/p>\n<p>De la bo\u00eete au vin, il n\u2019y avait qu\u2019un pas. Et c&#039;est sur la rive gauche de la rivi\u00e8re Pinh\u00e3o, reconnue comme ancestrale, que se situe \u00ab Quinta do Estanho \u00bb, connue sous le nom du min\u00e9ral qui y prolif\u00e9rait. Apr\u00e8s avoir explor\u00e9 le sous-sol, les vignes sont cultiv\u00e9es.<\/p>\n<\/div>\n<\/div>\n<div class=\"gg-infobox\">\n<div class=\"description\">\n<p><img decoding=\"async\" class=\"alignnone wp-image-3465\" src=\"https:\/\/garrafeiragrandeescolha.pt\/wp-content\/uploads\/2020\/04\/ribbon-red.png\" alt=\"\" width=\"57\" height=\"57\" \/><\/p>\n<p>Medalha de Prata II Concurso de Vinhos A.C.I.C. 2000 &#8211; PORTUGAL<\/p>\n<\/div>\n<\/div>","protected":false},"excerpt":{"rendered":"<p class=\"subtitle\">Castas: Touriga Nacional, Touriga Franca, Tinta Roriz, Tinta Barroca e Sous\u00e3o.<\/p>\n<div class=\"gg-infobox\">\n<p class=\"subtitle\">Notas de prova: Cor vermelho alaranjado. Notas frescas de cereja e amora, frutos secos e b\u00e1lsamo. Na boca, \u00e9 evidente o equil\u00edbrio entre frescura e envelhecimento, com grande harmonia.<\/p>\n<\/div>\n<div class=\"gg-infobox\">\n<p class=\"subtitle\">Servi\u00e7o e harmoniza\u00e7\u00e3o: Vinho excelente para acompanhar mel\u00e3o com presunto, queijos, sobremesas de frutos secos ou frutos vermelhos, chocolate negro. Servir a 16\u00b0C -18\u00b0C.<\/p>\n<\/div>","protected":false},"featured_media":3458,"template":"","meta":{"_exactmetrics_skip_tracking":false,"_exactmetrics_sitenote_active":false,"_exactmetrics_sitenote_note":"","_exactmetrics_sitenote_category":0,"_uf_show_specific_survey":0,"_uf_disable_surveys":false,"iawp_total_views":11},"product_brand":[],"product_cat":[159,174],"product_tag":[],"class_list":{"0":"post-19353","1":"product","2":"type-product","3":"status-publish","4":"has-post-thumbnail","6":"product_cat-portos","7":"product_cat-reserve","9":"first","10":"instock","11":"shipping-taxable","12":"purchasable","13":"product-type-simple"},"_links":{"self":[{"href":"https:\/\/garrafeiragrandeescolha.pt\/fr\/wp-json\/wp\/v2\/product\/19353","targetHints":{"allow":["GET"]}}],"collection":[{"href":"https:\/\/garrafeiragrandeescolha.pt\/fr\/wp-json\/wp\/v2\/product"}],"about":[{"href":"https:\/\/garrafeiragrandeescolha.pt\/fr\/wp-json\/wp\/v2\/types\/product"}],"wp:featuredmedia":[{"embeddable":true,"href":"https:\/\/garrafeiragrandeescolha.pt\/fr\/wp-json\/wp\/v2\/media\/3458"}],"wp:attachment":[{"href":"https:\/\/garrafeiragrandeescolha.pt\/fr\/wp-json\/wp\/v2\/media?parent=19353"}],"wp:term":[{"taxonomy":"product_brand","embeddable":true,"href":"https:\/\/garrafeiragrandeescolha.pt\/fr\/wp-json\/wp\/v2\/product_brand?post=19353"},{"taxonomy":"product_cat","embeddable":true,"href":"https:\/\/garrafeiragrandeescolha.pt\/fr\/wp-json\/wp\/v2\/product_cat?post=19353"},{"taxonomy":"product_tag","embeddable":true,"href":"https:\/\/garrafeiragrandeescolha.pt\/fr\/wp-json\/wp\/v2\/product_tag?post=19353"}],"curies":[{"name":"wp","href":"https:\/\/api.w.org\/{rel}","templated":true}]}}