{"id":19369,"date":"2024-11-06T18:32:06","date_gmt":"2024-11-06T18:32:06","guid":{"rendered":"https:\/\/garrafeiragrandeescolha.pt\/?post_type=product&#038;p=19369"},"modified":"2024-11-26T21:34:45","modified_gmt":"2024-11-26T21:34:45","slug":"titular-touriga-nacional-tinto-2013-75cl","status":"publish","type":"product","link":"https:\/\/garrafeiragrandeescolha.pt\/fr\/produit\/titular-touriga-nacional-tinto-2013-75cl\/","title":{"rendered":"Titular Touriga Nacional Tinto 2013 75cl"},"content":{"rendered":"<p><img fetchpriority=\"high\" decoding=\"async\" class=\"size-medium wp-image-15813 aligncenter\" src=\"http:\/\/garrafeiragrandeescolha.pt\/wp-content\/uploads\/2020\/04\/LOGO-Caminhos-cruzados-300x187.jpg\" alt=\"\" width=\"300\" height=\"187\" srcset=\"https:\/\/garrafeiragrandeescolha.pt\/wp-content\/uploads\/2020\/04\/LOGO-Caminhos-cruzados-300x187.jpg 300w, https:\/\/garrafeiragrandeescolha.pt\/wp-content\/uploads\/2020\/04\/LOGO-Caminhos-cruzados-1024x637.jpg 1024w, https:\/\/garrafeiragrandeescolha.pt\/wp-content\/uploads\/2020\/04\/LOGO-Caminhos-cruzados-768x478.jpg 768w, https:\/\/garrafeiragrandeescolha.pt\/wp-content\/uploads\/2020\/04\/LOGO-Caminhos-cruzados-18x12.jpg 18w, https:\/\/garrafeiragrandeescolha.pt\/wp-content\/uploads\/2020\/04\/LOGO-Caminhos-cruzados-600x373.jpg 600w, https:\/\/garrafeiragrandeescolha.pt\/wp-content\/uploads\/2020\/04\/LOGO-Caminhos-cruzados.jpg 1355w\" sizes=\"(max-width: 300px) 100vw, 300px\" \/><\/p>\n<p>Caminhos Cruzados est n\u00e9 de l&#039;initiative et de la volont\u00e9 de la famille Santos, n\u00e9e \u00e0 Nelas, d\u00e9termin\u00e9e \u00e0 retourner \u00e0 ses origines pour investir dans une vieille passion, le vin de D\u00e3o. C&#039;est ainsi qu&#039;est n\u00e9e en 2012 une entreprise familiale dirig\u00e9e par L\u00edgia Santos, qui a troqu\u00e9 Lisbonne et le droit contre du vin et s&#039;est rendue \u00e0 Nelas pour diriger le sort du projet. Ses vins sont \u00e9labor\u00e9s \u00e0 partir de raisins produits en interne et aupr\u00e8s de producteurs s\u00e9lectionn\u00e9s, reconnus pour leur qualit\u00e9 et l&#039;excellence de leur c\u00e9page, tous situ\u00e9s dans la r\u00e9gion du D\u00e3o.<\/p>\n<p>La philosophie de l&#039;entreprise est bas\u00e9e sur la production de vins de qualit\u00e9, avec un aspect de tradition alli\u00e9 au modernisme et \u00e0 la diff\u00e9renciation constante qu&#039;exige le march\u00e9, c&#039;est dans ce contexte que les vins de Caminhos Cruzados \u00e9mergent comme \u00ab O Novo D\u00e3o ? \u00bb.<\/p>\n<p>Le nom vient de la pens\u00e9e familiale selon laquelle la vie ne suit pas toujours des chemins droits et qu&#039;au contraire, il existe des chemins plus atypiques qui nous m\u00e8nent vers des endroits incroyables. La devise est que chaque fois que deux chemins se croisent, quelque chose de fantastique peut se produire, comme c&#039;est le cas actuellement pour les membres d&#039;une famille, d&#039;origines et d&#039;exp\u00e9riences diff\u00e9rentes, dont les chemins se croisent dans le projet.<\/p>\n<p>En 2015, Caminhos Cruzados a \u00e9t\u00e9 distingu\u00e9 comme \u00ab Producteur r\u00e9volutionnaire 2015 ? par Revista de Vinhos, fournissant encore une autre motivation pour continuer \u00e0 produire des vins uniques.<\/p>\n<p>L&#039;entreprise (vignobles et cave) est situ\u00e9e dans la r\u00e9gion du D\u00e3o, plus pr\u00e9cis\u00e9ment \u00e0 Nelas. En 2017, la nouvelle cave a \u00e9t\u00e9 inaugur\u00e9e, \u00e0 l&#039;architecture audacieuse et \u00e9mergeant des vignobles de Quinta da Teixuga. La Cave s&#039;inspire du logo de l&#039;entreprise, deux lignes qui se croisent et s&#039;int\u00e8grent parfaitement dans l&#039;environnement. Elle est soucieuse de l&#039;esth\u00e9tique mais aussi de la durabilit\u00e9 et permet la pratique de l&#039;\u0153notourisme.<\/p>\n<p>Produtor Revela\u00e7\u00e3o 2015, &#8220;Melhor de Portugal 2015&#8221;- Revista de Vinhos<\/p>","protected":false},"excerpt":{"rendered":"<p>A Caminhos Cruzados surge pela iniciativa e vontade da fam\u00edlia Santos, natural de Nelas, determinada a regressar \u00e0s suas origens para investir numa antiga paix\u00e3o, o vinho do D\u00e3o. Nasce, assim, em 2012 uma empresa familiar, dirigida por L\u00edgia Santos que troca Lisboa e a advocacia pelo vinho e ruma a Nelas para dirigir os [&hellip;]<\/p>","protected":false},"featured_media":19370,"template":"","meta":{"_exactmetrics_skip_tracking":false,"_exactmetrics_sitenote_active":false,"_exactmetrics_sitenote_note":"","_exactmetrics_sitenote_category":0,"_uf_show_specific_survey":0,"_uf_disable_surveys":false,"iawp_total_views":11},"product_brand":[],"product_cat":[162,157,184,187],"product_tag":[],"class_list":{"0":"post-19369","1":"product","2":"type-product","3":"status-publish","4":"has-post-thumbnail","6":"product_cat-raridades","7":"product_cat-vinhos","8":"product_cat-tinto","9":"product_cat-dao-tinto","11":"first","12":"instock","13":"shipping-taxable","14":"purchasable","15":"product-type-simple"},"_links":{"self":[{"href":"https:\/\/garrafeiragrandeescolha.pt\/fr\/wp-json\/wp\/v2\/product\/19369","targetHints":{"allow":["GET"]}}],"collection":[{"href":"https:\/\/garrafeiragrandeescolha.pt\/fr\/wp-json\/wp\/v2\/product"}],"about":[{"href":"https:\/\/garrafeiragrandeescolha.pt\/fr\/wp-json\/wp\/v2\/types\/product"}],"wp:featuredmedia":[{"embeddable":true,"href":"https:\/\/garrafeiragrandeescolha.pt\/fr\/wp-json\/wp\/v2\/media\/19370"}],"wp:attachment":[{"href":"https:\/\/garrafeiragrandeescolha.pt\/fr\/wp-json\/wp\/v2\/media?parent=19369"}],"wp:term":[{"taxonomy":"product_brand","embeddable":true,"href":"https:\/\/garrafeiragrandeescolha.pt\/fr\/wp-json\/wp\/v2\/product_brand?post=19369"},{"taxonomy":"product_cat","embeddable":true,"href":"https:\/\/garrafeiragrandeescolha.pt\/fr\/wp-json\/wp\/v2\/product_cat?post=19369"},{"taxonomy":"product_tag","embeddable":true,"href":"https:\/\/garrafeiragrandeescolha.pt\/fr\/wp-json\/wp\/v2\/product_tag?post=19369"}],"curies":[{"name":"wp","href":"https:\/\/api.w.org\/{rel}","templated":true}]}}