{"id":19558,"date":"2024-12-03T18:19:50","date_gmt":"2024-12-03T18:19:50","guid":{"rendered":"https:\/\/garrafeiragrandeescolha.pt\/?post_type=product&#038;p=19558"},"modified":"2025-10-07T11:23:57","modified_gmt":"2025-10-07T11:23:57","slug":"vilarissa-valley-tinto-2022-15l","status":"publish","type":"product","link":"https:\/\/garrafeiragrandeescolha.pt\/fr\/produit\/vilarissa-valley-tinto-2022-15l\/","title":{"rendered":"Vilarissa Valley Tinto 2022 1,5L"},"content":{"rendered":"","protected":false},"excerpt":{"rendered":"<p>C\u00e9pages : Touriga Franca, Tinta Roriz, Tinto C\u00e3o, Touriga Nacional<\/p>\n<p>Le nez regorge de d\u00e9licieux ar\u00f4mes de m\u00fbres m\u00fbres associ\u00e9s \u00e0 des nuances \u00e9pic\u00e9es de vanille et de violette. En bouche, il est juteux, la douceur des baies noires \u00e9tant \u00e9quilibr\u00e9e par des tanins souples. Des notes \u00e9clatantes, avec une finale puissante et parfum\u00e9e.<\/p>","protected":false},"featured_media":19559,"template":"","meta":{"_exactmetrics_skip_tracking":false,"_exactmetrics_sitenote_active":false,"_exactmetrics_sitenote_note":"","_exactmetrics_sitenote_category":0,"_uf_show_specific_survey":0,"_uf_disable_surveys":false,"iawp_total_views":109},"product_brand":[],"product_cat":[258,216,157,184,215],"product_tag":[],"class_list":{"0":"post-19558","1":"product","2":"type-product","3":"status-publish","4":"has-post-thumbnail","6":"product_cat-conjuntos-de-oferta","7":"product_cat-conjuntos","8":"product_cat-vinhos","9":"product_cat-tinto","10":"product_cat-douro","12":"first","13":"instock","14":"shipping-taxable","15":"purchasable","16":"product-type-simple"},"_links":{"self":[{"href":"https:\/\/garrafeiragrandeescolha.pt\/fr\/wp-json\/wp\/v2\/product\/19558","targetHints":{"allow":["GET"]}}],"collection":[{"href":"https:\/\/garrafeiragrandeescolha.pt\/fr\/wp-json\/wp\/v2\/product"}],"about":[{"href":"https:\/\/garrafeiragrandeescolha.pt\/fr\/wp-json\/wp\/v2\/types\/product"}],"wp:featuredmedia":[{"embeddable":true,"href":"https:\/\/garrafeiragrandeescolha.pt\/fr\/wp-json\/wp\/v2\/media\/19559"}],"wp:attachment":[{"href":"https:\/\/garrafeiragrandeescolha.pt\/fr\/wp-json\/wp\/v2\/media?parent=19558"}],"wp:term":[{"taxonomy":"product_brand","embeddable":true,"href":"https:\/\/garrafeiragrandeescolha.pt\/fr\/wp-json\/wp\/v2\/product_brand?post=19558"},{"taxonomy":"product_cat","embeddable":true,"href":"https:\/\/garrafeiragrandeescolha.pt\/fr\/wp-json\/wp\/v2\/product_cat?post=19558"},{"taxonomy":"product_tag","embeddable":true,"href":"https:\/\/garrafeiragrandeescolha.pt\/fr\/wp-json\/wp\/v2\/product_tag?post=19558"}],"curies":[{"name":"wp","href":"https:\/\/api.w.org\/{rel}","templated":true}]}}